{"id":1332,"date":"2020-03-23T09:53:07","date_gmt":"2020-03-23T13:53:07","guid":{"rendered":"https:\/\/www.silkcanada.ca\/?page_id=1332"},"modified":"2022-03-30T10:58:12","modified_gmt":"2022-03-30T14:58:12","slug":"pourquoi-silk","status":"publish","type":"page","link":"https:\/\/www.silkcanada.ca\/fr\/pourquoi-silk\/","title":{"rendered":"Pourquoi Silk?"},"content":{"rendered":"\r\n<div class=\"section half-half-round has-bg\" id=\"half-half-round-block_5e726b728ce3a\">\r\n\t\t\t<div class=\"container\">\r\n\t\t\t<div class=\"row\">\r\n\t\t\t\t\t\t\t\t\t<div class=\"rounded-half background--light  col-lg-6 col-md-7 col-sm-10\">\r\n\t\t\t\t\t\t<div class=\"content\" data-parent-circle=\"half-half-round-block_5e726b728ce3a\" id=\"title-half-half-round-block_5e726b728ce3a\">\r\n\t\t\t\t\t\t\t\t\t\t\t\t\t\t\t<div class=\"upper\">Pourquoi Silk Canada?<\/div>\r\n\t\t\t\t\t\t\t\t\t\t\t\t\t\t\t\t\t\t\t\t\t\t<h2 class=\"title\">\u00c0 L\u2019AVANT-GARDE DEPUIS LE D\u00c9BUT<\/h2>\r\n\t\t\t\t\t\t\t\t\t\t\t\t\t\t\t\t\t\t\t\t\t\t<div class=\"description\">\r\n\t\t\t\t\t\t\t\t\t<p>C\u2019est ind\u00e9niable. Notre gamme v\u00e9g\u00e9tale coche toutes les cases et prend encore plus de gallons. Mais, ne t\u2019en fais pas. Nous sommes rest\u00e9s fid\u00e8les \u00e0 nos racines et \u00e0 la plan\u00e8te. La durabilit\u00e9 guide chacun de nos gestes pour apporter saveur et sant\u00e9 \u00e0 tout le monde. Promis.<\/p>\n\t\t\t\t\t\t\t\t<\/div>\r\n\t\t\t\t\t\t\t\t\t\t\t\t\t\t\t\t\t\t\t\t<\/div>\r\n\t\t\t\t\t\t<div class=\"round\" data-round=\"half-half-round-block_5e726b728ce3a\"><\/div>\r\n\t\t\t\t\t<\/div>\r\n\t\t\t\t\t\t\t\t\t\t\t<\/div>\r\n\t\t<\/div>\r\n\t\r\n\t\t\t<div class=\"bg\">\r\n\t\t\t<img loading=\"lazy\" width=\"1316\" height=\"740\" src=\"https:\/\/www.silkcanada.ca\/wp-content\/uploads\/2020\/03\/why-silk-scaled-1.jpg\" class=\"img image-mask\" alt=\"Pourquoi Silk\" loading=\"lazy\" \/>\t\t\t<img loading=\"lazy\" loading=\"lazy\" src=\"\/wp-content\/themes\/silk\/images\/white-curve-2.png\" alt=\"white curve\" class=\"mask\">\r\n\t\t<\/div>\r\n\t<\/div>\n\n\r\n<div id=\"half-half-block_5ea2de2510598\" class=\"section half-half\">\r\n\t<div class=\"container\">\r\n\t\t<div class=\"row image-align-right\">\r\n\t\t\t<div class=\"col-md-5 col-sm-6\">\r\n\t\t\t\t<div class=\"img-container\">\r\n\t\t\t\t\t<img loading=\"lazy\" width=\"637\" height=\"424\" src=\"https:\/\/www.silkcanada.ca\/wp-content\/uploads\/2020\/06\/GettyImages-153531465-768x512.jpg\" class=\"img\" alt=\"UNE HISTOIRE PARSEM\u00c9E DE D\u00c9LICES.\" loading=\"lazy\" \/>\t\t\t\t<\/div>\r\n\t\t\t<\/div>\r\n\t\t\t<div class=\"col-xl-5 col-sm-6 content\">\r\n\t\t\t\t<div class=\"upper\">\u00c0 propos de nous<\/div>\r\n\t\t\t\t\t\t\t\t\t<h2 class=\"title\">UNE HISTOIRE PARSEM\u00c9E DE D\u00c9LICES.<\/h2>\r\n\t\t\t\t\t\t\t\t\t\t\t\t\t<div class=\"text\"><p>Depuis nos tous d\u00e9buts, nous sommes amateurs d\u2019alimentation v\u00e9g\u00e9tale bonne pour toi et bonne au go\u00fbt. Notre objectif, c\u2019est de te faire d\u00e9couvrir et aimer des alternatives aux produits laitiers qui sont nutritives et durables. Peu importe si t\u2019es v\u00e9g\u00e9talien ou carnivore, l\u2019important c\u2019est que ton alimentation soit encore plus savoureuse. Tes papilles font dire oui.<\/p>\n<\/div>\r\n\t\t\t\t\t\t\t\t\t\t\t<\/div>\r\n\t\t<\/div>\r\n\t<\/div>\r\n\r\n\t<div class=\"leaves\"  data-animator-id=\"leaves_reverse\">\r\n\t\t<img loading=\"lazy\" loading=\"lazy\" width=\"576\" height=\"1105\" src=\"\/wp-content\/themes\/silk\/images\/background\/large-leaves.png\" class=\"image\" alt=\"large leaves\" \/>\r\n\t<\/div>\r\n<\/div>\r\n\n\n\n<div id=\"half-half-bg-block_5ea048deb2cd0\" class=\"section half-half-bg\" data-animator-id=\"half_half_bg\">\n\t<div class=\"container\">\n\t\t<div class=\"row half-half-content image-align-left image-portrait\">\n\t\t\t<div class=\"col-md-9 content-wrapper\">\n\t\t\t\t<div class=\"content\">\n\t\t\t\t\t\t\t\t\t\t\t<div class=\"upper\">Notre histoire<\/div>\n\t\t\t\t\t\t\t\t\t\t\t\t\t\t\t\t<h2 class=\"title\">UNE ID\u00c9E A GERM\u00c9<\/h2>\n\t\t\t\t\t\t\t\t\t\t<p>Silk a vu le jour \u00e0 Boulder, au Colorado, o\u00f9 notre fondateur exp\u00e9rimentait avec le soya et ses d\u00e9riv\u00e9s. Ses cr\u00e9ations ont vite trouv\u00e9 une place dans les frigos de milliers d\u2019amateurs de Silk. Aujourd\u2019hui, nous sommes encore l\u00e0 et nous n\u2019avons pas fini de grandir. La preuve qu\u2019une alimentation saine peut aussi \u00eatre savoureuse. C\u2019est la cl\u00e9 de notre succ\u00e8s.<\/p>\n\t\t\t\t\t\t\t\t\t<\/div>\n\t\t\t<\/div>\n\t\t\t\t\t\t\t<div class=\"col-md-6 image-wrapper\">\n\t\t\t\t\t<img loading=\"lazy\" width=\"2162\" height=\"2876\" src=\"https:\/\/www.silkcanada.ca\/wp-content\/uploads\/2020\/03\/our-story-1-scaled.jpg\" class=\"img mask-image\" alt=\"Notre histoire\" loading=\"lazy\" \/>\t\t\t\t<\/div>\n\t\t\t\t\t<\/div>\n\t<\/div>\n<\/div>\n\n\n<div id=\"half-half-bg-block_5ea04916b2cd1\" class=\"section half-half-bg\" data-animator-id=\"half_half_bg\">\n\t<div class=\"container\">\n\t\t<div class=\"row half-half-content image-align-right image-landscape\">\n\t\t\t<div class=\"col-md-9 content-wrapper shape-square color-blue\">\n\t\t\t\t<div class=\"content\">\n\t\t\t\t\t\t\t\t\t\t\t<div class=\"upper\">Durabilit\u00e9<\/div>\n\t\t\t\t\t\t\t\t\t\t\t\t\t\t\t\t<h2 class=\"title\">Le bon go\u00fbt est fait pour durer<\/h2>\n\t\t\t\t\t\t\t\t\t\t<p>Ce n\u2019est pas pour nous vanter, mais nous cr\u00e9ons de vrais d\u00e9lices \u00e0 base de plantes. Notre secret, c\u2019est de ne faire aucun compromis sur le go\u00fbt. Selon nous, la plan\u00e8te a droit \u00e0 notre plus grand respect et on le d\u00e9montre en apportant notre soutien aux initiatives qui visent la conservation de l\u2019eau et la protection des abeilles. Est-ce qu\u2019on peut se p\u00e9ter les bretelles?<\/p>\n\t\t\t\t\t\t\t\t\t\t\t<a class=\"button\" href=\"http:\/\/www.silkcanada.ca\/sustainability\/\">\n\t\t\t\t\t\t\t<span>Comment nous assurons un d\u00e9veloppement durable<\/span>\n\t\t\t\t\t\t<\/a>\n\t\t\t\t\t\t\t\t\t<\/div>\n\t\t\t<\/div>\n\t\t\t\t\t\t\t<div class=\"col-md-6 image-wrapper\">\n\t\t\t\t\t<img loading=\"lazy\" width=\"2880\" height=\"1913\" src=\"https:\/\/www.silkcanada.ca\/wp-content\/uploads\/2020\/03\/sustainability-1-scaled.jpg\" class=\"img mask-image\" alt=\"Durabilit\u00e9\" loading=\"lazy\" \/>\t\t\t\t<\/div>\n\t\t\t\t\t<\/div>\n\t<\/div>\n<\/div>\n\n\n<section class=\"our-path\">\n\t<div class=\"container\">\n\t\t<div class=\"row\">\n\t\t\t<div class=\"col-md-4 offset-md-4 section-title\">\n\t\t\t\t<p><span class=\"upper\">Pionniers des plantes<\/span><\/p>\n<p>Notre gamme \u00e0 base de plantes a peut-\u00eatre chang\u00e9 depuis nos tous d\u00e9buts, mais notre engagement \u00e0 faire de la terre un endroit plus sain ne s&#8217;est jamais d\u00e9menti.<\/p>\n\t\t\t<\/div>\n\t\t<\/div>\n\t\t<div class=\"row slider-wrapper\" data-timeline-slider>\n\t\t\t<div class=\"glide__track\" data-glide-el=\"track\">\n\t\t\t\t<ol class=\"glide__slides\">\n\t\t\t\t\t\t\t\t\t\t\t<li class=\"timeline-item glide__slide\">\n\t\t\t\t\t\t\t<div class=\"item\">\n\t\t\t\t\t\t\t\t<div class=\"img-wrapper\" data-height-ref>\n\t\t\t\t\t\t\t\t\t<div class=\"img \">\n\t\t\t\t\t\t\t\t\t\t<img loading=\"lazy\" width=\"335\" height=\"264\" src=\"https:\/\/www.silkcanada.ca\/wp-content\/uploads\/2020\/10\/history.png\" class=\"attachment-335x345 size-335x345\" alt=\"OUR PATH\" loading=\"lazy\" srcset=\"https:\/\/www.silkcanada.ca\/wp-content\/uploads\/2020\/10\/history.png 760w, https:\/\/www.silkcanada.ca\/wp-content\/uploads\/2020\/10\/history-300x237.png 300w\" sizes=\"(max-width: 335px) 100vw, 335px\" \/>\t\t\t\t\t\t\t\t\t<\/div>\n\t\t\t\t\t\t\t\t<\/div>\n\t\t\t\t\t\t\t\t<h3><em class=\"date\">1977<\/em><br \/>\nDes racines solides<\/h3>\n<p>La premi\u00e8re graine a \u00e9t\u00e9 plant\u00e9e \u00e0 Boulder au Colorado. Un investisseur local nous a m\u00eame donn\u00e9 2 000 $ pour financer le d\u00e9marrage de notre entreprise. Ce coup de pouce a donn\u00e9 un v\u00e9ritable \u00e9lan \u00e0 toutes sortes d\u2019essais avec diff\u00e9rents aliments v\u00e9g\u00e9taux. Et ce fut TR\u00c8S payant. En deux coups de cuill\u00e8re, plein de monde se sont mis \u00e0 savourer nos cr\u00e9ations avec enthousiasme.<\/p>\n\t\t\t\t\t\t\t<\/div>\n\t\t\t\t\t\t<\/li>\n\t\t\t\t\t\t\t\t\t\t\t<li class=\"timeline-item glide__slide\">\n\t\t\t\t\t\t\t<div class=\"item\">\n\t\t\t\t\t\t\t\t<div class=\"img-wrapper\" data-height-ref>\n\t\t\t\t\t\t\t\t\t<div class=\"img \">\n\t\t\t\t\t\t\t\t\t\t<img loading=\"lazy\" width=\"335\" height=\"264\" src=\"https:\/\/www.silkcanada.ca\/wp-content\/uploads\/2020\/10\/Silk-historic-3.png\" class=\"attachment-335x345 size-335x345\" alt=\"OUR PATH\" loading=\"lazy\" srcset=\"https:\/\/www.silkcanada.ca\/wp-content\/uploads\/2020\/10\/Silk-historic-3.png 760w, https:\/\/www.silkcanada.ca\/wp-content\/uploads\/2020\/10\/Silk-historic-3-300x237.png 300w\" sizes=\"(max-width: 335px) 100vw, 335px\" \/>\t\t\t\t\t\t\t\t\t<\/div>\n\t\t\t\t\t\t\t\t<\/div>\n\t\t\t\t\t\t\t\t<h3><em class=\"date\">2002<\/em><br \/>\nCanada, terre de nos amis<\/h3>\n<p>Silk a travers\u00e9 la fronti\u00e8re en 2002. Et en peu de temps, nous nous sommes faits de nouveaux amis.  Aujourd\u2019hui, nous sommes la marque de boisson v\u00e9g\u00e9tale no 1 au pays et tu peux nous trouver vraiment partout.  \u00c0 tel point que toi et tes concitoyens \u00eates parmi les plus grands consommateurs de boissons v\u00e9g\u00e9tales AU MONDE. \u00c7a, c\u2019est de bons amis.<\/p>\n\t\t\t\t\t\t\t<\/div>\n\t\t\t\t\t\t<\/li>\n\t\t\t\t\t\t\t\t\t\t\t<li class=\"timeline-item glide__slide\">\n\t\t\t\t\t\t\t<div class=\"item\">\n\t\t\t\t\t\t\t\t<div class=\"img-wrapper\" data-height-ref>\n\t\t\t\t\t\t\t\t\t<div class=\"img is-product\">\n\t\t\t\t\t\t\t\t\t\t<img loading=\"lazy\" width=\"335\" height=\"345\" src=\"https:\/\/www.silkcanada.ca\/wp-content\/uploads\/2020\/03\/unsweetened-almond-beverage-189l-fr.png\" class=\"attachment-335x345 size-335x345\" alt=\"Amandes Originale non sucr\u00e9e\" loading=\"lazy\" \/>\t\t\t\t\t\t\t\t\t<\/div>\n\t\t\t\t\t\t\t\t<\/div>\n\t\t\t\t\t\t\t\t<h3><em class=\"date\">2010<\/em><br \/>\nSilk recrute les amandes<\/h3>\n<p>\u00c0 notre plus grand bonheur, nous avons ouvert les bras aux amandes. En les r\u00f4tissant \u00e0 la perfection et en les moulant pour en faire un beurre merveilleusement onctueux, nous avons cr\u00e9\u00e9 l\u2019une de nos boissons les plus aim\u00e9es. Coup de c\u0153ur garanti.<\/p>\n\t\t\t\t\t\t\t<\/div>\n\t\t\t\t\t\t<\/li>\n\t\t\t\t\t\t\t\t\t\t\t<li class=\"timeline-item glide__slide\">\n\t\t\t\t\t\t\t<div class=\"item\">\n\t\t\t\t\t\t\t\t<div class=\"img-wrapper\" data-height-ref>\n\t\t\t\t\t\t\t\t\t<div class=\"img is-product\">\n\t\t\t\t\t\t\t\t\t\t<img loading=\"lazy\" width=\"335\" height=\"345\" src=\"https:\/\/www.silkcanada.ca\/wp-content\/uploads\/2020\/07\/original-soy-creamer-473ml-fr.png\" class=\"attachment-335x345 size-335x345\" alt=\"original-soy-creamer\" loading=\"lazy\" \/>\t\t\t\t\t\t\t\t\t<\/div>\n\t\t\t\t\t\t\t\t<\/div>\n\t\t\t\t\t\t\t\t<h3><em class=\"date\">2011<\/em><br \/>\nSilk pour caf\u00e9 et boissons \u00e0 la noix de coco entrent en sc\u00e8ne<\/h3>\n<p>De beaux ajouts \u00e0 la famille Silk. Notre gamme vedette de produits v\u00e9g\u00e9taux accueille deux acteurs de renom: pour le caf\u00e9 et les boissons \u00e0 base de noix de coco. <\/p>\n\t\t\t\t\t\t\t<\/div>\n\t\t\t\t\t\t<\/li>\n\t\t\t\t\t\t\t\t\t\t\t<li class=\"timeline-item glide__slide\">\n\t\t\t\t\t\t\t<div class=\"item\">\n\t\t\t\t\t\t\t\t<div class=\"img-wrapper\" data-height-ref>\n\t\t\t\t\t\t\t\t\t<div class=\"img is-product\">\n\t\t\t\t\t\t\t\t\t\t<img loading=\"lazy\" width=\"335\" height=\"345\" src=\"https:\/\/www.silkcanada.ca\/wp-content\/uploads\/2020\/07\/plain-coconut-yogurt-680g-transition.png\" class=\"attachment-335x345 size-335x345\" alt=\"plain-coconut-yogurt\" loading=\"lazy\" \/>\t\t\t\t\t\t\t\t\t<\/div>\n\t\t\t\t\t\t\t\t<\/div>\n\t\t\t\t\t\t\t\t<h3><em class=\"date\">2014<\/em><br \/>\nStyle yogourt sans produits laitiers et sans reproches<\/h3>\n<p>Comment pr\u00e9pare-t-on notre style yogourt sans produits laitiers? En utilisant des bases cr\u00e9meuses d\u2019amandes et de noix de coco, tout simplement. Ce sont les collations parfaites avant, apr\u00e8s ou pendant les repas. <\/p>\n\t\t\t\t\t\t\t<\/div>\n\t\t\t\t\t\t<\/li>\n\t\t\t\t\t\t\t\t\t\t\t<li class=\"timeline-item glide__slide\">\n\t\t\t\t\t\t\t<div class=\"item\">\n\t\t\t\t\t\t\t\t<div class=\"img-wrapper\" data-height-ref>\n\t\t\t\t\t\t\t\t\t<div class=\"img \">\n\t\t\t\t\t\t\t\t\t\t<img loading=\"lazy\" width=\"335\" height=\"213\" src=\"https:\/\/www.silkcanada.ca\/wp-content\/uploads\/2020\/07\/logo-silk.jpg\" class=\"attachment-335x345 size-335x345\" alt=\"logo-silk\" loading=\"lazy\" \/>\t\t\t\t\t\t\t\t\t<\/div>\n\t\t\t\t\t\t\t\t<\/div>\n\t\t\t\t\t\t\t\t<h3><em class=\"date\">2017<\/em><br \/>\nWhiteWave Foods<\/h3>\n<p>Danone fait l\u2019acquisition de WhiteWave Foods, qui inclut Silk, pour devenir Danone Am\u00e9rique du nord.<\/p>\n\t\t\t\t\t\t\t<\/div>\n\t\t\t\t\t\t<\/li>\n\t\t\t\t\t\t\t\t\t\t\t<li class=\"timeline-item glide__slide\">\n\t\t\t\t\t\t\t<div class=\"item\">\n\t\t\t\t\t\t\t\t<div class=\"img-wrapper\" data-height-ref>\n\t\t\t\t\t\t\t\t\t<div class=\"img \">\n\t\t\t\t\t\t\t\t\t\t<img loading=\"lazy\" width=\"335\" height=\"334\" src=\"https:\/\/www.silkcanada.ca\/wp-content\/uploads\/2020\/05\/certified-corporation.png\" class=\"attachment-335x345 size-335x345\" alt=\"certified-corporation\" loading=\"lazy\" \/>\t\t\t\t\t\t\t\t\t<\/div>\n\t\t\t\t\t\t\t\t<\/div>\n\t\t\t\t\t\t\t\t<h3><em class=\"date\">2018<\/em><br \/>\nCertification B Corporation<\/h3>\n<p>Danone Canada obtient la certification B Corporation<\/p>\n\t\t\t\t\t\t\t<\/div>\n\t\t\t\t\t\t<\/li>\n\t\t\t\t\t\t\t\t\t\t\t<li class=\"timeline-item glide__slide\">\n\t\t\t\t\t\t\t<div class=\"item\">\n\t\t\t\t\t\t\t\t<div class=\"img-wrapper\" data-height-ref>\n\t\t\t\t\t\t\t\t\t<div class=\"img is-product\">\n\t\t\t\t\t\t\t\t\t\t<img loading=\"lazy\" width=\"335\" height=\"345\" src=\"https:\/\/www.silkcanada.ca\/wp-content\/uploads\/2021\/08\/AVOINE-NON-SUCREE-1.png\" class=\"attachment-335x345 size-335x345\" alt=\"AVOINE-NON-SUCREE\" loading=\"lazy\" srcset=\"https:\/\/www.silkcanada.ca\/wp-content\/uploads\/2021\/08\/AVOINE-NON-SUCREE-1.png 737w, https:\/\/www.silkcanada.ca\/wp-content\/uploads\/2021\/08\/AVOINE-NON-SUCREE-1-291x300.png 291w\" sizes=\"(max-width: 335px) 100vw, 335px\" \/>\t\t\t\t\t\t\t\t\t<\/div>\n\t\t\t\t\t\t\t\t<\/div>\n\t\t\t\t\t\t\t\t<h3><em class=\"date\">2019<\/em><br \/>\nL\u2019avoine change ta vie!<\/h3>\n<p>Nous avons r\u00e9invent\u00e9 l\u2019avoine pour lui donner une texture cr\u00e9meuse et c\u2019est franchement su-ccu-lent. Tous les bienfaits de l\u2019avoine s\u2019y trouvent. Mets-en partout: dans ton caf\u00e9, tes c\u00e9r\u00e9ales, tes smoothies et encore plus.<\/p>\n\t\t\t\t\t\t\t<\/div>\n\t\t\t\t\t\t<\/li>\n\t\t\t\t\t\t\t\t\t\t\t<li class=\"timeline-item glide__slide\">\n\t\t\t\t\t\t\t<div class=\"item\">\n\t\t\t\t\t\t\t\t<div class=\"img-wrapper\" data-height-ref>\n\t\t\t\t\t\t\t\t\t<div class=\"img is-product\">\n\t\t\t\t\t\t\t\t\t\t<img loading=\"lazy\" width=\"335\" height=\"345\" src=\"https:\/\/www.silkcanada.ca\/wp-content\/uploads\/2020\/03\/original-cashew-beverage-189l-fr-1.png\" class=\"attachment-335x345 size-335x345\" alt=\"Original Cashew Beverage\" loading=\"lazy\" \/>\t\t\t\t\t\t\t\t\t<\/div>\n\t\t\t\t\t\t\t\t<\/div>\n\t\t\t\t\t\t\t\t<h3><em class=\"date\">2020<\/em><br \/>\nNouveau look. Silk inchang\u00e9.<\/h3>\n<p>T\u2019as remarqu\u00e9 que Silk a rafra\u00eechi son look mais tu ne verras aucune diff\u00e9rence dans son go\u00fbt. M\u00eame d\u00e9lice, m\u00eame qualit\u00e9. C\u2019est rassurant, non?<\/p>\n\t\t\t\t\t\t\t<\/div>\n\t\t\t\t\t\t<\/li>\n\t\t\t\t\t\t\t\t\t\t\t<li class=\"timeline-item glide__slide\">\n\t\t\t\t\t\t\t<div class=\"item\">\n\t\t\t\t\t\t\t\t<div class=\"img-wrapper\" data-height-ref>\n\t\t\t\t\t\t\t\t\t<div class=\"img is-product\">\n\t\t\t\t\t\t\t\t\t\t<img loading=\"lazy\" width=\"335\" height=\"345\" src=\"https:\/\/www.silkcanada.ca\/wp-content\/uploads\/2021\/08\/Silk-Barista-Oat-1.png\" class=\"attachment-335x345 size-335x345\" alt=\"Silk-Barista-Oat\" loading=\"lazy\" srcset=\"https:\/\/www.silkcanada.ca\/wp-content\/uploads\/2021\/08\/Silk-Barista-Oat-1.png 737w, https:\/\/www.silkcanada.ca\/wp-content\/uploads\/2021\/08\/Silk-Barista-Oat-1-291x300.png 291w\" sizes=\"(max-width: 335px) 100vw, 335px\" \/>\t\t\t\t\t\t\t\t\t<\/div>\n\t\t\t\t\t\t\t\t<\/div>\n\t\t\t\t\t\t\t\t<h3><em class=\"date\">2021<\/em><br \/>\nSublimez votre caf\u00e9 avec Silk Barista.<\/h3>\n<p>Pr\u00e9sentation du nouveau Silk Barista, fait par des baristas, pour des baristas. Sa mousse, toujours lisse et onctueuse, vous permettra immanquablement d\u2019obtenir un caf\u00e9 d\u2019une grande qualit\u00e9.<\/p>\n\t\t\t\t\t\t\t<\/div>\n\t\t\t\t\t\t<\/li>\n\t\t\t\t\t\t\t\t\t<\/ol>\n\t\t\t<\/div>\n\t\t\t<div class=\"glide__arrows\" data-glide-el=\"controls\">\n\t\t\t\t<button class=\"glide__arrow glide__arrow--left\" data-glide-dir=\"&lt;\">\n\t\t\t\t\t<i class=\"icon icon-down-open\" aria-hidden=\"true\"><\/i>\n\t\t\t\t\t<span class=\"sr-only\">Afficher les recettes pr\u00e9c\u00e9dentes<\/span>\n\t\t\t\t<\/button>\n\t\t\t\t<button class=\"glide__arrow glide__arrow--right\" data-glide-dir=\"&gt;\">\n\t\t\t\t\t<i class=\"icon icon-down-open\" aria-hidden=\"true\"><\/i>\n\t\t\t\t\t<span class=\"sr-only\">Afficher les prochaines recettes<\/span>\n\t\t\t\t<\/button>\n\t\t\t<\/div>\n\t\t<\/div>\n\t<\/div>\n<\/section>","protected":false},"excerpt":{"rendered":"","protected":false},"author":1000,"featured_media":0,"parent":0,"menu_order":7,"comment_status":"closed","ping_status":"closed","template":"","meta":[],"acf":[],"yoast_head":"<!-- This site is optimized with the Yoast SEO plugin v22.1 - https:\/\/yoast.com\/wordpress\/plugins\/seo\/ -->\n<title>\u00c0 propos des produits Silk | Silk Canada<\/title>\n<meta name=\"description\" content=\"De quoi sont faites les boissons Silk? Sont-ils sans OGM? Apprenez en plus sur la marque Silk et d\u00e9couvrez pourquoi nos produits sont bons pour la sant\u00e9.\" \/>\n<meta name=\"robots\" content=\"index, follow, max-snippet:-1, max-image-preview:large, max-video-preview:-1\" \/>\n<link rel=\"canonical\" href=\"https:\/\/www.silkcanada.ca\/fr\/pourquoi-silk\/\" \/>\n<meta property=\"og:locale\" content=\"fr_CA\" \/>\n<meta property=\"og:type\" content=\"article\" \/>\n<meta property=\"og:title\" content=\"\u00c0 propos des produits Silk | Silk Canada\" \/>\n<meta property=\"og:description\" content=\"De quoi sont faites les boissons Silk? Sont-ils sans OGM? Apprenez en plus sur la marque Silk et d\u00e9couvrez pourquoi nos produits sont bons pour la sant\u00e9.\" \/>\n<meta property=\"og:url\" content=\"https:\/\/www.silkcanada.ca\/fr\/pourquoi-silk\/\" \/>\n<meta property=\"og:site_name\" content=\"Silk\" \/>\n<meta property=\"article:publisher\" content=\"https:\/\/www.facebook.com\/SilkCanada\/\" \/>\n<meta property=\"article:modified_time\" content=\"2022-03-30T14:58:12+00:00\" \/>\n<meta property=\"og:image\" content=\"https:\/\/www.silkcanada.ca\/wp-content\/uploads\/2020\/04\/23090925\/half-good-for-you.jpg\" \/>\n\t<meta property=\"og:image:width\" content=\"1280\" \/>\n\t<meta property=\"og:image:height\" content=\"853\" \/>\n\t<meta property=\"og:image:type\" content=\"image\/jpeg\" \/>\n<meta name=\"twitter:card\" content=\"summary_large_image\" \/>\n<meta name=\"twitter:site\" content=\"@silk_canada\" \/>\n<script type=\"application\/ld+json\" class=\"yoast-schema-graph\">{\"@context\":\"https:\/\/schema.org\",\"@graph\":[{\"@type\":\"WebPage\",\"@id\":\"https:\/\/www.silkcanada.ca\/fr\/pourquoi-silk\/\",\"url\":\"https:\/\/www.silkcanada.ca\/fr\/pourquoi-silk\/\",\"name\":\"\u00c0 propos des produits Silk | Silk Canada\",\"isPartOf\":{\"@id\":\"https:\/\/www.silkcanada.ca\/fr\/#website\"},\"datePublished\":\"2020-03-23T13:53:07+00:00\",\"dateModified\":\"2022-03-30T14:58:12+00:00\",\"description\":\"De quoi sont faites les boissons Silk? Sont-ils sans OGM? Apprenez en plus sur la marque Silk et d\u00e9couvrez pourquoi nos produits sont bons pour la sant\u00e9.\",\"inLanguage\":\"fr-CA\",\"potentialAction\":[{\"@type\":\"ReadAction\",\"target\":[\"https:\/\/www.silkcanada.ca\/fr\/pourquoi-silk\/\"]}]},{\"@type\":\"WebSite\",\"@id\":\"https:\/\/www.silkcanada.ca\/fr\/#website\",\"url\":\"https:\/\/www.silkcanada.ca\/fr\/\",\"name\":\"Silk\",\"description\":\"Delicious Silk Soy, Almond, Coconut and Cashew Products\",\"potentialAction\":[{\"@type\":\"SearchAction\",\"target\":{\"@type\":\"EntryPoint\",\"urlTemplate\":\"https:\/\/www.silkcanada.ca\/fr\/?s={search_term_string}\"},\"query-input\":\"required name=search_term_string\"}],\"inLanguage\":\"fr-CA\"}]}<\/script>\n<!-- \/ Yoast SEO plugin. -->","yoast_head_json":{"title":"\u00c0 propos des produits Silk | Silk Canada","description":"De quoi sont faites les boissons Silk? Sont-ils sans OGM? Apprenez en plus sur la marque Silk et d\u00e9couvrez pourquoi nos produits sont bons pour la sant\u00e9.","robots":{"index":"index","follow":"follow","max-snippet":"max-snippet:-1","max-image-preview":"max-image-preview:large","max-video-preview":"max-video-preview:-1"},"canonical":"https:\/\/www.silkcanada.ca\/fr\/pourquoi-silk\/","og_locale":"fr_CA","og_type":"article","og_title":"\u00c0 propos des produits Silk | Silk Canada","og_description":"De quoi sont faites les boissons Silk? Sont-ils sans OGM? Apprenez en plus sur la marque Silk et d\u00e9couvrez pourquoi nos produits sont bons pour la sant\u00e9.","og_url":"https:\/\/www.silkcanada.ca\/fr\/pourquoi-silk\/","og_site_name":"Silk","article_publisher":"https:\/\/www.facebook.com\/SilkCanada\/","article_modified_time":"2022-03-30T14:58:12+00:00","og_image":[{"width":1280,"height":853,"url":"https:\/\/www.silkcanada.ca\/wp-content\/uploads\/2020\/04\/23090925\/half-good-for-you.jpg","type":"image\/jpeg"}],"twitter_card":"summary_large_image","twitter_site":"@silk_canada","schema":{"@context":"https:\/\/schema.org","@graph":[{"@type":"WebPage","@id":"https:\/\/www.silkcanada.ca\/fr\/pourquoi-silk\/","url":"https:\/\/www.silkcanada.ca\/fr\/pourquoi-silk\/","name":"\u00c0 propos des produits Silk | Silk Canada","isPartOf":{"@id":"https:\/\/www.silkcanada.ca\/fr\/#website"},"datePublished":"2020-03-23T13:53:07+00:00","dateModified":"2022-03-30T14:58:12+00:00","description":"De quoi sont faites les boissons Silk? Sont-ils sans OGM? Apprenez en plus sur la marque Silk et d\u00e9couvrez pourquoi nos produits sont bons pour la sant\u00e9.","inLanguage":"fr-CA","potentialAction":[{"@type":"ReadAction","target":["https:\/\/www.silkcanada.ca\/fr\/pourquoi-silk\/"]}]},{"@type":"WebSite","@id":"https:\/\/www.silkcanada.ca\/fr\/#website","url":"https:\/\/www.silkcanada.ca\/fr\/","name":"Silk","description":"Delicious Silk Soy, Almond, Coconut and Cashew Products","potentialAction":[{"@type":"SearchAction","target":{"@type":"EntryPoint","urlTemplate":"https:\/\/www.silkcanada.ca\/fr\/?s={search_term_string}"},"query-input":"required name=search_term_string"}],"inLanguage":"fr-CA"}]}},"_links":{"self":[{"href":"https:\/\/www.silkcanada.ca\/fr\/wp-json\/wp\/v2\/pages\/1332"}],"collection":[{"href":"https:\/\/www.silkcanada.ca\/fr\/wp-json\/wp\/v2\/pages"}],"about":[{"href":"https:\/\/www.silkcanada.ca\/fr\/wp-json\/wp\/v2\/types\/page"}],"author":[{"embeddable":true,"href":"https:\/\/www.silkcanada.ca\/fr\/wp-json\/wp\/v2\/users\/1000"}],"replies":[{"embeddable":true,"href":"https:\/\/www.silkcanada.ca\/fr\/wp-json\/wp\/v2\/comments?post=1332"}],"version-history":[{"count":43,"href":"https:\/\/www.silkcanada.ca\/fr\/wp-json\/wp\/v2\/pages\/1332\/revisions"}],"predecessor-version":[{"id":4760,"href":"https:\/\/www.silkcanada.ca\/fr\/wp-json\/wp\/v2\/pages\/1332\/revisions\/4760"}],"wp:attachment":[{"href":"https:\/\/www.silkcanada.ca\/fr\/wp-json\/wp\/v2\/media?parent=1332"}],"curies":[{"name":"wp","href":"https:\/\/api.w.org\/{rel}","templated":true}]}}