{"id":2471,"date":"2020-07-21T11:02:59","date_gmt":"2020-07-21T15:02:59","guid":{"rendered":"https:\/\/www.silkcanada.ca\/?page_id=2471"},"modified":"2022-03-31T09:11:31","modified_gmt":"2022-03-31T13:11:31","slug":"gardons-contact","status":"publish","type":"page","link":"https:\/\/www.silkcanada.ca\/fr\/gardons-contact\/","title":{"rendered":"Gardons contact"},"content":{"rendered":"<div class=\"section\"><div class=\"container\"><div class=\"row\"><div class=\"col-md-10 offset-md-1\">\r\n<iframe loading=\"lazy\" loading=\"lazy\" width=\"860\" height=\"1872\" seamless=\"seamless\" frameborder=\"0\" src=\"https:\/\/wwwebforms.danonewave.com\/buvezsilk.ca\/form.php\"><\/iframe>\r\n<\/div><\/div><\/div><\/div>","protected":false},"excerpt":{"rendered":"","protected":false},"author":1000,"featured_media":0,"parent":0,"menu_order":15,"comment_status":"closed","ping_status":"closed","template":"page-contact.php","meta":[],"acf":[],"yoast_head":"<!-- This site is optimized with the Yoast SEO plugin v22.1 - https:\/\/yoast.com\/wordpress\/plugins\/seo\/ -->\n<title>Gardons le Contact | Silk Canada<\/title>\n<meta name=\"description\" content=\"Vous souhaitez nous joindre ? Vous recherchez quelque chose en particulier ? N&#039;h\u00e9sitez pas \u00e0 contacter l&#039;\u00e9quipe Silk, nous r\u00e9pondrons \u00e0 vos questions!\" \/>\n<meta name=\"robots\" content=\"index, follow, max-snippet:-1, max-image-preview:large, max-video-preview:-1\" \/>\n<link rel=\"canonical\" href=\"https:\/\/www.silkcanada.ca\/fr\/gardons-contact\/\" \/>\n<meta property=\"og:locale\" content=\"fr_CA\" \/>\n<meta property=\"og:type\" content=\"article\" \/>\n<meta property=\"og:title\" content=\"Gardons le Contact | Silk Canada\" \/>\n<meta property=\"og:description\" content=\"Vous souhaitez nous joindre ? Vous recherchez quelque chose en particulier ? N&#039;h\u00e9sitez pas \u00e0 contacter l&#039;\u00e9quipe Silk, nous r\u00e9pondrons \u00e0 vos questions!\" \/>\n<meta property=\"og:url\" content=\"https:\/\/www.silkcanada.ca\/fr\/gardons-contact\/\" \/>\n<meta property=\"og:site_name\" content=\"Silk\" \/>\n<meta property=\"article:publisher\" content=\"https:\/\/www.facebook.com\/SilkCanada\/\" \/>\n<meta property=\"article:modified_time\" content=\"2022-03-31T13:11:31+00:00\" \/>\n<meta property=\"og:image\" content=\"https:\/\/www.silkcanada.ca\/wp-content\/uploads\/2020\/04\/23090925\/half-good-for-you.jpg\" \/>\n\t<meta property=\"og:image:width\" content=\"1280\" \/>\n\t<meta property=\"og:image:height\" content=\"853\" \/>\n\t<meta property=\"og:image:type\" content=\"image\/jpeg\" \/>\n<meta name=\"twitter:card\" content=\"summary_large_image\" \/>\n<meta name=\"twitter:title\" content=\"Gardons le Contact | Silk Canada\" \/>\n<meta name=\"twitter:description\" content=\"Vous souhaitez nous joindre ? Vous recherchez quelque chose en particulier ? N&#039;h\u00e9sitez pas \u00e0 contacter l&#039;\u00e9quipe Silk, nous r\u00e9pondrons \u00e0 vos questions!\" \/>\n<meta name=\"twitter:site\" content=\"@silk_canada\" \/>\n<script type=\"application\/ld+json\" class=\"yoast-schema-graph\">{\"@context\":\"https:\/\/schema.org\",\"@graph\":[{\"@type\":\"WebPage\",\"@id\":\"https:\/\/www.silkcanada.ca\/fr\/gardons-contact\/\",\"url\":\"https:\/\/www.silkcanada.ca\/fr\/gardons-contact\/\",\"name\":\"Gardons le Contact | Silk Canada\",\"isPartOf\":{\"@id\":\"https:\/\/www.silkcanada.ca\/fr\/#website\"},\"datePublished\":\"2020-07-21T15:02:59+00:00\",\"dateModified\":\"2022-03-31T13:11:31+00:00\",\"description\":\"Vous souhaitez nous joindre ? Vous recherchez quelque chose en particulier ? N'h\u00e9sitez pas \u00e0 contacter l'\u00e9quipe Silk, nous r\u00e9pondrons \u00e0 vos questions!\",\"inLanguage\":\"fr-CA\",\"potentialAction\":[{\"@type\":\"ReadAction\",\"target\":[\"https:\/\/www.silkcanada.ca\/fr\/gardons-contact\/\"]}]},{\"@type\":\"WebSite\",\"@id\":\"https:\/\/www.silkcanada.ca\/fr\/#website\",\"url\":\"https:\/\/www.silkcanada.ca\/fr\/\",\"name\":\"Silk\",\"description\":\"Delicious Silk Soy, Almond, Coconut and Cashew Products\",\"potentialAction\":[{\"@type\":\"SearchAction\",\"target\":{\"@type\":\"EntryPoint\",\"urlTemplate\":\"https:\/\/www.silkcanada.ca\/fr\/?s={search_term_string}\"},\"query-input\":\"required name=search_term_string\"}],\"inLanguage\":\"fr-CA\"}]}<\/script>\n<!-- \/ Yoast SEO plugin. -->","yoast_head_json":{"title":"Gardons le Contact | Silk Canada","description":"Vous souhaitez nous joindre ? Vous recherchez quelque chose en particulier ? N'h\u00e9sitez pas \u00e0 contacter l'\u00e9quipe Silk, nous r\u00e9pondrons \u00e0 vos questions!","robots":{"index":"index","follow":"follow","max-snippet":"max-snippet:-1","max-image-preview":"max-image-preview:large","max-video-preview":"max-video-preview:-1"},"canonical":"https:\/\/www.silkcanada.ca\/fr\/gardons-contact\/","og_locale":"fr_CA","og_type":"article","og_title":"Gardons le Contact | Silk Canada","og_description":"Vous souhaitez nous joindre ? Vous recherchez quelque chose en particulier ? N'h\u00e9sitez pas \u00e0 contacter l'\u00e9quipe Silk, nous r\u00e9pondrons \u00e0 vos questions!","og_url":"https:\/\/www.silkcanada.ca\/fr\/gardons-contact\/","og_site_name":"Silk","article_publisher":"https:\/\/www.facebook.com\/SilkCanada\/","article_modified_time":"2022-03-31T13:11:31+00:00","og_image":[{"width":1280,"height":853,"url":"https:\/\/www.silkcanada.ca\/wp-content\/uploads\/2020\/04\/23090925\/half-good-for-you.jpg","type":"image\/jpeg"}],"twitter_card":"summary_large_image","twitter_title":"Gardons le Contact | Silk Canada","twitter_description":"Vous souhaitez nous joindre ? Vous recherchez quelque chose en particulier ? N'h\u00e9sitez pas \u00e0 contacter l'\u00e9quipe Silk, nous r\u00e9pondrons \u00e0 vos questions!","twitter_site":"@silk_canada","schema":{"@context":"https:\/\/schema.org","@graph":[{"@type":"WebPage","@id":"https:\/\/www.silkcanada.ca\/fr\/gardons-contact\/","url":"https:\/\/www.silkcanada.ca\/fr\/gardons-contact\/","name":"Gardons le Contact | Silk Canada","isPartOf":{"@id":"https:\/\/www.silkcanada.ca\/fr\/#website"},"datePublished":"2020-07-21T15:02:59+00:00","dateModified":"2022-03-31T13:11:31+00:00","description":"Vous souhaitez nous joindre ? Vous recherchez quelque chose en particulier ? N'h\u00e9sitez pas \u00e0 contacter l'\u00e9quipe Silk, nous r\u00e9pondrons \u00e0 vos questions!","inLanguage":"fr-CA","potentialAction":[{"@type":"ReadAction","target":["https:\/\/www.silkcanada.ca\/fr\/gardons-contact\/"]}]},{"@type":"WebSite","@id":"https:\/\/www.silkcanada.ca\/fr\/#website","url":"https:\/\/www.silkcanada.ca\/fr\/","name":"Silk","description":"Delicious Silk Soy, Almond, Coconut and Cashew Products","potentialAction":[{"@type":"SearchAction","target":{"@type":"EntryPoint","urlTemplate":"https:\/\/www.silkcanada.ca\/fr\/?s={search_term_string}"},"query-input":"required name=search_term_string"}],"inLanguage":"fr-CA"}]}},"_links":{"self":[{"href":"https:\/\/www.silkcanada.ca\/fr\/wp-json\/wp\/v2\/pages\/2471"}],"collection":[{"href":"https:\/\/www.silkcanada.ca\/fr\/wp-json\/wp\/v2\/pages"}],"about":[{"href":"https:\/\/www.silkcanada.ca\/fr\/wp-json\/wp\/v2\/types\/page"}],"author":[{"embeddable":true,"href":"https:\/\/www.silkcanada.ca\/fr\/wp-json\/wp\/v2\/users\/1000"}],"replies":[{"embeddable":true,"href":"https:\/\/www.silkcanada.ca\/fr\/wp-json\/wp\/v2\/comments?post=2471"}],"version-history":[{"count":2,"href":"https:\/\/www.silkcanada.ca\/fr\/wp-json\/wp\/v2\/pages\/2471\/revisions"}],"predecessor-version":[{"id":2726,"href":"https:\/\/www.silkcanada.ca\/fr\/wp-json\/wp\/v2\/pages\/2471\/revisions\/2726"}],"wp:attachment":[{"href":"https:\/\/www.silkcanada.ca\/fr\/wp-json\/wp\/v2\/media?parent=2471"}],"curies":[{"name":"wp","href":"https:\/\/api.w.org\/{rel}","templated":true}]}}