{"id":7167,"date":"2025-03-03T16:24:46","date_gmt":"2025-03-03T21:24:46","guid":{"rendered":"https:\/\/www.silkcanada.ca\/?page_id=7167"},"modified":"2025-11-18T10:30:12","modified_gmt":"2025-11-18T15:30:12","slug":"better-every-day","status":"publish","type":"page","link":"https:\/\/www.silkcanada.ca\/fr\/meilleur-de-jour-en-jour\/","title":{"rendered":"Meilleur de jour en jour"},"content":{"rendered":"\r\n<section class=\"section hero-banner center vertical\"  style=\"background-image: url(https:\/\/www.silkcanada.ca\/wp-content\/uploads\/2020\/04\/header-bg-color.jpg);\">\r\n\t<div class=\"container\">\r\n\t\t<div class=\"row\">\r\n\t\t\t<div class=\"content\">\r\n\t\t\t\t\t\t\t\t\t\t\t\t\t\t\t<a href=\"\/wp-content\/themes\/silk\/assets\/silk_be_fr.mp4\" class=\"img\" data-fancybox>\r\n\t\t\t\t\t\t\t<svg xmlns=\"http:\/\/www.w3.org\/2000\/svg\" viewBox=\"0 0 512 512\"><!--!Font Awesome Free 6.7.2 by @fontawesome - https:\/\/fontawesome.com License - https:\/\/fontawesome.com\/license\/free Copyright 2025 Fonticons, Inc.--><path d=\"M0 256a256 256 0 1 1 512 0A256 256 0 1 1 0 256zM188.3 147.1c-7.6 4.2-12.3 12.3-12.3 20.9l0 176c0 8.7 4.7 16.7 12.3 20.9s16.8 4.1 24.3-.5l144-88c7.1-4.4 11.5-12.1 11.5-20.5s-4.4-16.1-11.5-20.5l-144-88c-7.4-4.5-16.7-4.7-24.3-.5z\"\/><\/svg>\r\n\t\t\t\t\t\t\t<img loading=\"lazy\" width=\"624\" height=\"351\" src=\"https:\/\/www.silkcanada.ca\/wp-content\/uploads\/2025\/04\/Silk-BED-16-9-FR.png\" class=\"attachment-624x624 size-624x624\" alt=\"\" loading=\"lazy\" srcset=\"https:\/\/www.silkcanada.ca\/wp-content\/uploads\/2025\/04\/Silk-BED-16-9-FR.png 1600w, https:\/\/www.silkcanada.ca\/wp-content\/uploads\/2025\/04\/Silk-BED-16-9-FR-300x169.png 300w, https:\/\/www.silkcanada.ca\/wp-content\/uploads\/2025\/04\/Silk-BED-16-9-FR-1024x576.png 1024w, https:\/\/www.silkcanada.ca\/wp-content\/uploads\/2025\/04\/Silk-BED-16-9-FR-768x432.png 768w, https:\/\/www.silkcanada.ca\/wp-content\/uploads\/2025\/04\/Silk-BED-16-9-FR-1536x864.png 1536w, https:\/\/www.silkcanada.ca\/wp-content\/uploads\/2025\/04\/Silk-BED-16-9-FR-140x79.png 140w, https:\/\/www.silkcanada.ca\/wp-content\/uploads\/2025\/04\/Silk-BED-16-9-FR-595x335.png 595w, https:\/\/www.silkcanada.ca\/wp-content\/uploads\/2025\/04\/Silk-BED-16-9-FR-155x87.png 155w\" sizes=\"(max-width: 624px) 100vw, 624px\" \/>\t\t\t\t\t\t<\/a>\r\n\t\t\t\t\t\t\t\t\t\r\n\t\t\t\t<div class=\"text\">\r\n\t\t\t\t\t\t\t\t\t\t\t<h1 class=\"title\">Meilleur de jour en jour<\/h1>\r\n\t\t\t\t\t\t\t\t\t\t\t\t\t\t\t\t<p>Le changement commence avec les choix qu\u2019on fait chaque jour: ce qu\u2019on mange, et d\u2019o\u00f9 \u00e7a vient. C\u2019est pourquoi on s\u2019engage \u00e0 \u00eatre meilleur de jour en jour en mettant l\u2019alimentation \u00e0 base de plantes au c\u0153ur de tout. \u00catre meilleur, c\u2019est notre moteur, et c\u2019est au c\u0153ur de chacune de nos d\u00e9cisions. De ce qui nous nourrit jusqu\u2019\u00e0 ce que l\u2019on croit, \u00e7a fa\u00e7onne tout ce que l\u2019on fait.<\/p>\n\t\t\t\t\t\t\t\t\t<\/div>\r\n\t\t\t\t\t\t\t<\/div>\r\n\t\t<\/div>\r\n\t<\/div>\r\n\r\n\t<\/section>\n\n\n<div style=\"height:125px\" aria-hidden=\"true\" class=\"wp-block-spacer\"><\/div>\n\n\n\n<div class=\"section text-btns-section\" id=\"text-btns-block_53c42ffcb51e3a1d896169ebdd053972\">\n\t<div class=\"container\">\n\t\t\t\t\t<div class=\"the-content\">\n\t\t\t\t<h3>On \u00e9volue sans arr\u00eat, toujours dans l\u2019id\u00e9e d\u2019\u00eatre meilleur.<\/h3>\n<p>Comment Silk fait pour s\u2019am\u00e9liorer jour apr\u00e8s jour? Lis la suite pour d\u00e9couvrir nos priorit\u00e9s.<\/p>\n\t\t\t<\/div>\n\t\t\n\t\t\t\t\t<div class=\"btns-wrap\">\n\t\t\t\t\t\t\t\t\t<a class=\"button\" href=\"#title-half-half-round-block_93a15105148a940dd81ae1bfbb928c69\"><span>Meilleures qualifications nutritionnelles<\/span><\/a>\n\t\t\t\t\t\t\t\t\t<a class=\"button\" href=\"#title-half-half-round-block_ffd900c8fd46de93020ff45a1f59b1fa\"><span>Meilleur go\u00fbt<\/span><\/a>\n\t\t\t\t\t\t\t<\/div>\n\t\t\t<\/div>\n<\/div>\n\n\n<div style=\"height:80px\" aria-hidden=\"true\" class=\"wp-block-spacer\"><\/div>\n\n\n\n\r\n<div class=\"section half-half-round has-bg\" id=\"half-half-round-block_93a15105148a940dd81ae1bfbb928c69\">\r\n\t\t\t<div class=\"container\">\r\n\t\t\t<div class=\"row\">\r\n\t\t\t\t\t\t\t\t\t<div class=\"rounded-half background--light  col-lg-5 col-md-7 col-sm-10\">\r\n\t\t\t\t\t\t<div class=\"content\" data-parent-circle=\"half-half-round-block_93a15105148a940dd81ae1bfbb928c69\" id=\"title-half-half-round-block_93a15105148a940dd81ae1bfbb928c69\">\r\n\t\t\t\t\t\t\t\t\t\t\t\t\t\t\t\t\t\t\t\t\t\t<h2 class=\"title\">Meilleures qualifications nutritionnelles<\/h2>\r\n\t\t\t\t\t\t\t\t\t\t\t\t\t\t\t\t\t\t\t\t\t\t<div class=\"description\">\r\n\t\t\t\t\t\t\t\t\t<p>Nourris la meilleure version de toi-m\u00eame avec des choix intelligents. Que tu cherches des nutriments essentiels, des prot\u00e9ines v\u00e9g\u00e9tales ou une option sans sucre, on a un produit rien que pour toi.<\/p>\n\t\t\t\t\t\t\t\t<\/div>\r\n\t\t\t\t\t\t\t\t\t\t\t\t\t\t\t\t\t\t\t\t<\/div>\r\n\t\t\t\t\t\t<div class=\"round\" data-round=\"half-half-round-block_93a15105148a940dd81ae1bfbb928c69\"><\/div>\r\n\t\t\t\t\t<\/div>\r\n\t\t\t\t\t\t\t\t\t\t\t<\/div>\r\n\t\t<\/div>\r\n\t\r\n\t\t\t<div class=\"bg\">\r\n\t\t\t<img loading=\"lazy\" width=\"1920\" height=\"740\" src=\"https:\/\/www.silkcanada.ca\/wp-content\/uploads\/2025\/03\/Silk-landing-page-3840-1480-1-FR-2048x789.jpg\" class=\"img image-mask\" alt=\"\" loading=\"lazy\" srcset=\"https:\/\/www.silkcanada.ca\/wp-content\/uploads\/2025\/03\/Silk-landing-page-3840-1480-1-FR-2048x789.jpg 2048w, https:\/\/www.silkcanada.ca\/wp-content\/uploads\/2025\/03\/Silk-landing-page-3840-1480-1-FR-300x116.jpg 300w, https:\/\/www.silkcanada.ca\/wp-content\/uploads\/2025\/03\/Silk-landing-page-3840-1480-1-FR-1024x395.jpg 1024w, https:\/\/www.silkcanada.ca\/wp-content\/uploads\/2025\/03\/Silk-landing-page-3840-1480-1-FR-768x296.jpg 768w, https:\/\/www.silkcanada.ca\/wp-content\/uploads\/2025\/03\/Silk-landing-page-3840-1480-1-FR-1536x592.jpg 1536w, https:\/\/www.silkcanada.ca\/wp-content\/uploads\/2025\/03\/Silk-landing-page-3840-1480-1-FR-140x54.jpg 140w, https:\/\/www.silkcanada.ca\/wp-content\/uploads\/2025\/03\/Silk-landing-page-3840-1480-1-FR-595x229.jpg 595w, https:\/\/www.silkcanada.ca\/wp-content\/uploads\/2025\/03\/Silk-landing-page-3840-1480-1-FR-155x60.jpg 155w\" sizes=\"(max-width: 1920px) 100vw, 1920px\" \/>\t\t\t<img loading=\"lazy\" loading=\"lazy\" src=\"\/wp-content\/themes\/silk\/images\/white-curve-2.png\" alt=\"white curve\" class=\"mask\">\r\n\t\t<\/div>\r\n\t<\/div>\n\t<section class=\"section half-half-round-list\" id=\"half-half-round-list-block_93a15105148a940dd81ae1bfbb928c69\">\n\t\t<div class=\"container\">\n\t\t\t\t\t\t\t<div class=\"row\">\n\t\t\t\t\t<div class=\"col-md-10 offset-md-1\">\n\t\t\t\t\t\t<ol class=\"custom-numbered-list hide-numbers one-column\">\n\t\t\t\t\t\t\t\t\t\t\t\t\t\t\t<li>\n\t\t\t\t\t\t\t\t\t\t\t\t\t\t\t\t\t\t\t<span class=\"title\">Z\u00e9ro<\/span>\n\t\t\t\t\t\t\t\t\t\t\t\t\t\t\t\t\t\t<p>Notre boisson aux amandes non sucr\u00e9e est d\u00e9licieusement bonne et sans sucre.<\/p>\n\t\t\t\t\t\t\t\t<\/li>\n\t\t\t\t\t\t\t\t\t\t\t\t\t\t\t<li>\n\t\t\t\t\t\t\t\t\t\t\t\t\t\t\t\t\t\t\t<span class=\"title\">Six<\/span>\n\t\t\t\t\t\t\t\t\t\t\t\t\t\t\t\t\t\t<p>Avec 6 nutriments essentiels*, notre boisson \u00e0 l\u2019avoine est une fa\u00e7on d\u00e9licieuse de rendre la journ\u00e9e un peu meilleure.<\/p>\n<p><small>*Silk Avoine contient 6 nutriments essentiels (vitamine A, D, B12, calcium, riboflavine et zinc).<\/small><\/p>\n\t\t\t\t\t\t\t\t<\/li>\n\t\t\t\t\t\t\t\t\t\t\t\t\t\t\t<li>\n\t\t\t\t\t\t\t\t\t\t\t\t\t\t\t\t\t\t\t<span class=\"title\">Huit<\/span>\n\t\t\t\t\t\t\t\t\t\t\t\t\t\t\t\t\t\t<p>Avec 8 g de prot\u00e9ines v\u00e9g\u00e9tales*, notre boisson au soya est le partenaire id\u00e9al pour tes smoothies.<\/p>\n<p><small>*Par portion de 250 mL<\/small><\/p>\n\t\t\t\t\t\t\t\t<\/li>\n\t\t\t\t\t\t\t\t\t\t\t\t\t<\/ol>\n\t\t\t\t\t<\/div>\n\t\t\t\t<\/div>\n\t\t\t\t\t\t\t\t\t<\/div>\n\t<\/section>\n\n\n\n\r\n<div class=\"section half-half-round has-bg\" id=\"half-half-round-block_ffd900c8fd46de93020ff45a1f59b1fa\">\r\n\t\t\t<div class=\"container\">\r\n\t\t\t<div class=\"row\">\r\n\t\t\t\t\t\t\t\t\t<div class=\"rounded-half background--light  col-lg-5 col-md-7 col-sm-10\">\r\n\t\t\t\t\t\t<div class=\"content\" data-parent-circle=\"half-half-round-block_ffd900c8fd46de93020ff45a1f59b1fa\" id=\"title-half-half-round-block_ffd900c8fd46de93020ff45a1f59b1fa\">\r\n\t\t\t\t\t\t\t\t\t\t\t\t\t\t\t\t\t\t\t\t\t\t<h2 class=\"title\">Meilleur go\u00fbt<\/h2>\r\n\t\t\t\t\t\t\t\t\t\t\t\t\t\t\t\t\t\t\t\t\t\t<div class=\"description\">\r\n\t\t\t\t\t\t\t\t\t<p>Un go\u00fbt irr\u00e9sistible!<\/p>\n\t\t\t\t\t\t\t\t<\/div>\r\n\t\t\t\t\t\t\t\t\t\t\t\t\t\t\t\t\t\t\t\t<\/div>\r\n\t\t\t\t\t\t<div class=\"round\" data-round=\"half-half-round-block_ffd900c8fd46de93020ff45a1f59b1fa\"><\/div>\r\n\t\t\t\t\t<\/div>\r\n\t\t\t\t\t\t\t\t\t\t\t<\/div>\r\n\t\t<\/div>\r\n\t\r\n\t\t\t<div class=\"bg\">\r\n\t\t\t<img loading=\"lazy\" width=\"1920\" height=\"740\" src=\"https:\/\/www.silkcanada.ca\/wp-content\/uploads\/2025\/03\/Silk-landing-page-3840-1480-2-2048x789.jpg\" class=\"img image-mask\" alt=\"\" loading=\"lazy\" srcset=\"https:\/\/www.silkcanada.ca\/wp-content\/uploads\/2025\/03\/Silk-landing-page-3840-1480-2-2048x789.jpg 2048w, https:\/\/www.silkcanada.ca\/wp-content\/uploads\/2025\/03\/Silk-landing-page-3840-1480-2-300x116.jpg 300w, https:\/\/www.silkcanada.ca\/wp-content\/uploads\/2025\/03\/Silk-landing-page-3840-1480-2-1024x395.jpg 1024w, https:\/\/www.silkcanada.ca\/wp-content\/uploads\/2025\/03\/Silk-landing-page-3840-1480-2-768x296.jpg 768w, https:\/\/www.silkcanada.ca\/wp-content\/uploads\/2025\/03\/Silk-landing-page-3840-1480-2-1536x592.jpg 1536w, https:\/\/www.silkcanada.ca\/wp-content\/uploads\/2025\/03\/Silk-landing-page-3840-1480-2-140x54.jpg 140w, https:\/\/www.silkcanada.ca\/wp-content\/uploads\/2025\/03\/Silk-landing-page-3840-1480-2-595x229.jpg 595w, https:\/\/www.silkcanada.ca\/wp-content\/uploads\/2025\/03\/Silk-landing-page-3840-1480-2-155x60.jpg 155w\" sizes=\"(max-width: 1920px) 100vw, 1920px\" \/>\t\t\t<img loading=\"lazy\" loading=\"lazy\" src=\"\/wp-content\/themes\/silk\/images\/white-curve-2.png\" alt=\"white curve\" class=\"mask\">\r\n\t\t<\/div>\r\n\t<\/div>\n\t<section class=\"section half-half-round-list\" id=\"half-half-round-list-block_ffd900c8fd46de93020ff45a1f59b1fa\">\n\t\t<div class=\"container\">\n\t\t\t\t\t\t\t<div class=\"row\">\n\t\t\t\t\t<div class=\"col-md-10 offset-md-1\">\n\t\t\t\t\t\t<ol class=\"custom-numbered-list hide-numbers one-column\">\n\t\t\t\t\t\t\t\t\t\t\t\t\t\t\t<li>\n\t\t\t\t\t\t\t\t\t\t\t\t\t\t\t\t\t\t<p>Silk Soya fait toute une diff\u00e9rence dans les smoothies! C\u2019est pourquoi c\u2019est la boisson au soya pr\u00e9f\u00e9r\u00e9e au Canada.*<\/p>\n<p><small>*Nielsen Discover derni\u00e8re 52 semaines terminant le 28 d\u00e9cembre 2024, National Ex NFLD GB+DR+MM<\/small><\/p>\n\t\t\t\t\t\t\t\t<\/li>\n\t\t\t\t\t\t\t\t\t\t\t\t\t\t\t<li>\n\t\t\t\t\t\t\t\t\t\t\t\t\t\t\t\t\t\t<p>Silk Avoine rend tes pauses caf\u00e9 encore meilleures \u2014pour faire de chaque tasse un moment parfait.<\/p>\n\t\t\t\t\t\t\t\t<\/li>\n\t\t\t\t\t\t\t\t\t\t\t\t\t\t\t<li>\n\t\t\t\t\t\t\t\t\t\t\t\t\t\t\t\t\t\t<p>La diff\u00e9rence, on la go\u00fbte! Au d\u00e9jeuner, notre boisson aux amandes am\u00e9lior\u00e9e est le choix num\u00e9ro un des amateurs de c\u00e9r\u00e9ales!*<\/p>\n<p><small>*R\u00e9sultats CLT de Danone comparant la formule actuelle de Silk Amandes Z\u00e9ro Sucre avec une nouvelle formule am\u00e9lior\u00e9e. <\/small><\/p>\n\t\t\t\t\t\t\t\t<\/li>\n\t\t\t\t\t\t\t\t\t\t\t\t\t<\/ol>\n\t\t\t\t\t<\/div>\n\t\t\t\t<\/div>\n\t\t\t\t\t\t\t\t\t<\/div>\n\t<\/section>\n\n\n\n<div class=\"section half-half-product half-video-half-round\" id=\"half-video-half-round-block_94739ce15d310b09014de968ce78138f\">\n\t<div class=\"container\">\n\t\t<div class=\"row half-half-product-wrapper\">\n\t\t\t<div class=\"col-lg-6 col-sm-7 product-half\" data-animator-id=\"half_half_product\">\n\t\t\t\t\t\t\t\t\t\t\t\t\t\t\t\t\t\t<div class=\"image video-thumbnail-wrapper\">\n\t\t\t\t\t\t\t\t\t\t\t\t\t<img loading=\"lazy\" src=\"https:\/\/www.silkcanada.ca\/wp-content\/uploads\/2025\/11\/Silk-BED-FFT-16-9-ENG-1536x864-3.jpg\" alt=\"Video thumbnail\" class=\"video-thumbnail\">\n\t\t\t\t\t\t\t<a href=\"#\" class=\"video-play-button modal-video-16_9\" data-video-id=\"kKGi3qr-tbg\" data-youtube-nocookie=\"true\" aria-label=\"Play video\">\n\t\t\t\t\t\t\t\t<svg xmlns=\"http:\/\/www.w3.org\/2000\/svg\" viewBox=\"0 0 512 512\"><!--!Font Awesome Free 6.7.2 by @fontawesome - https:\/\/fontawesome.com License - https:\/\/fontawesome.com\/license\/free Copyright 2025 Fonticons, Inc.--><path d=\"M0 256a256 256 0 1 1 512 0A256 256 0 1 1 0 256zM188.3 147.1c-7.6 4.2-12.3 12.3-12.3 20.9l0 176c0 8.7 4.7 16.7 12.3 20.9s16.8 4.1 24.3-.5l144-88c7.1-4.4 11.5-12.1 11.5-20.5s-4.4-16.1-11.5-20.5l-144-88c-7.4-4.5-16.7-4.7-24.3-.5z\"\/><\/svg>\n\t\t\t\t\t\t\t<\/a>\n\t\t\t\t\t\t\t\t\t\t\t<\/div>\n\t\t\t\t\t\t\t<\/div>\n\n\t\t\t<div class=\"col-lg-7 col-sm-8 text-half\" data-parent-circle=\"half-video-half-round-block_94739ce15d310b09014de968ce78138f\"  id=\"title-half-video-half-round-block_94739ce15d310b09014de968ce78138f\">\n\t\t\t\t<div class=\"content\">\n\t\t\t\t\t\t\t\t\t\t\t<h2>Nous nous effor\u00e7ons<\/h2>\n<p>\u00e0 \u00eatre meilleur chaque jour et cela se refl\u00e8te dans la fa\u00e7on dont nous produisons notre boisson \u00e0 l&#8217;avoine. Nous avons rencontr\u00e9 deux de nos producteurs, Mike et Petrus, pour approfondir l\u2019importance de l\u2019agriculture r\u00e9g\u00e9n\u00e9ratrice dans la production alimentaire moderne.<\/p>\n\t\t\t\t\t\t\t\t\t\t\t\t\t\t<\/div>\n\t\t\t\t<span class=\"round\" data-round=\"half-video-half-round-block_94739ce15d310b09014de968ce78138f\"><\/span>\n\t\t\t<\/div>\n\t\t<\/div>\n\t<\/div>\n<\/div>\n\n\n<div class=\"section half-half-product half-img-half-round\" id=\"half-img-half-round-block_5a26fc6b02b13a300860732bffca3732\">\n\t<div class=\"container\">\n\t\t<div class=\"row half-half-product-wrapper reverse\">\n\t\t\t<div class=\"col-lg-6 col-sm-7 product-half\" data-animator-id=\"half_half_product\">\n\t\t\t\t\t\t\t\t\t<div class=\"image\">\n\t\t\t\t\t\t<img loading=\"lazy\" src=\"https:\/\/www.silkcanada.ca\/wp-content\/uploads\/2025\/03\/Silk-landing-page-1200-1200-Almond-FR.png\" alt=\"\" class=\"product-image\" \/>\n\t\t\t\t\t<\/div>\n\t\t\t\t\t\t\t<\/div>\n\n\t\t\t<div class=\"col-lg-7 col-sm-8 text-half\" data-parent-circle=\"half-img-half-round-block_5a26fc6b02b13a300860732bffca3732\"  id=\"title-half-img-half-round-block_5a26fc6b02b13a300860732bffca3732\">\n\t\t\t\t<div class=\"content\">\n\t\t\t\t\t\t\t\t\t\t\t<h2>Absolument aucun sucre ajout\u00e9!<\/h2>\n<p>Notre boisson aux amandes am\u00e9lior\u00e9e* est sans sucre ajout\u00e9. Pas \u00e9tonnant que c\u2019est le choix num\u00e9ro un des amateurs de c\u00e9r\u00e9ales!<\/p>\n<p><small>*R\u00e9sultats CLT de Danone comparant la formule actuelle de Silk Amandes Z\u00e9ro Sucre avec une nouvelle formule am\u00e9lior\u00e9e. <\/small><\/p>\n\t\t\t\t\t\t\t\t\t\t\t\t\t\t\t\t<a class=\"button\" href=\"\/fr\/produits\/boisson-vegetale\/#amande\"><span>En savoir plus<\/span><\/a>\n\t\t\t\t\t\t\t\t\t<\/div>\n\t\t\t\t<span class=\"round\" data-round=\"half-img-half-round-block_5a26fc6b02b13a300860732bffca3732\"><\/span>\n\t\t\t<\/div>\n\t\t<\/div>\n\t<\/div>\n<\/div>\n\n\n<div class=\"section half-half-product half-img-half-round\" id=\"half-img-half-round-block_18825188e88018a3e5b90cdb4362d499\">\n\t<div class=\"container\">\n\t\t<div class=\"row half-half-product-wrapper\">\n\t\t\t<div class=\"col-lg-6 col-sm-7 product-half\" data-animator-id=\"half_half_product\">\n\t\t\t\t\t\t\t\t\t<div class=\"image\">\n\t\t\t\t\t\t<img loading=\"lazy\" src=\"https:\/\/www.silkcanada.ca\/wp-content\/uploads\/2025\/03\/Silk-landing-page-1200-1200-Oat-FR.png\" alt=\"\" class=\"product-image\" \/>\n\t\t\t\t\t<\/div>\n\t\t\t\t\t\t\t<\/div>\n\n\t\t\t<div class=\"col-lg-7 col-sm-8 text-half\" data-parent-circle=\"half-img-half-round-block_18825188e88018a3e5b90cdb4362d499\"  id=\"title-half-img-half-round-block_18825188e88018a3e5b90cdb4362d499\">\n\t\t\t\t<div class=\"content\">\n\t\t\t\t\t\t\t\t\t\t\t<h2>6 nutriments essentiels* dans chaque gorg\u00e9e<\/h2>\n<p>6 nutriments essentiels? Oui! Une fa\u00e7on d\u00e9licieuse d\u2019am\u00e9liorer ta journ\u00e9e? Absolument!<\/p>\n<p><small>*Silk Avoine fournit 6 nutriments essentiels (vitamine A, D, B12, calcium, riboflavine et zinc)<\/small><\/p>\n\t\t\t\t\t\t\t\t\t\t\t\t\t\t\t\t<a class=\"button\" href=\"\/fr\/produits\/boisson-vegetale\/#avoine\"><span>En savoir plus<\/span><\/a>\n\t\t\t\t\t\t\t\t\t<\/div>\n\t\t\t\t<span class=\"round\" data-round=\"half-img-half-round-block_18825188e88018a3e5b90cdb4362d499\"><\/span>\n\t\t\t<\/div>\n\t\t<\/div>\n\t<\/div>\n<\/div>\n\n\n<div class=\"section half-half-product half-img-half-round\" id=\"half-img-half-round-block_06cdce83c25b2c90b47f6a3aca2cc49c\">\n\t<div class=\"container\">\n\t\t<div class=\"row half-half-product-wrapper reverse\">\n\t\t\t<div class=\"col-lg-6 col-sm-7 product-half\" data-animator-id=\"half_half_product\">\n\t\t\t\t\t\t\t\t\t<div class=\"image\">\n\t\t\t\t\t\t<img loading=\"lazy\" src=\"https:\/\/www.silkcanada.ca\/wp-content\/uploads\/2025\/03\/Silk-landing-page-1200-1200-Soya-FR.png\" alt=\"\" class=\"product-image\" \/>\n\t\t\t\t\t<\/div>\n\t\t\t\t\t\t\t<\/div>\n\n\t\t\t<div class=\"col-lg-7 col-sm-8 text-half\" data-parent-circle=\"half-img-half-round-block_06cdce83c25b2c90b47f6a3aca2cc49c\"  id=\"title-half-img-half-round-block_06cdce83c25b2c90b47f6a3aca2cc49c\">\n\t\t\t\t<div class=\"content\">\n\t\t\t\t\t\t\t\t\t\t\t<h2>De la prot\u00e9ine, on en a!<\/h2>\n<p>Rehausse ton smoothie avec du soya! Avec 8 g de prot\u00e9ines v\u00e9g\u00e9tales compl\u00e8tes*, c\u2019est l\u2019ajout parfait pour ton smoothie.<\/p>\n<p><small>* Par portion de 250 mL<\/small><\/p>\n\t\t\t\t\t\t\t\t\t\t\t\t\t\t\t\t<a class=\"button\" href=\"\/fr\/produits\/boisson-vegetale\/#soya\"><span>En savoir plus<\/span><\/a>\n\t\t\t\t\t\t\t\t\t<\/div>\n\t\t\t\t<span class=\"round\" data-round=\"half-img-half-round-block_06cdce83c25b2c90b47f6a3aca2cc49c\"><\/span>\n\t\t\t<\/div>\n\t\t<\/div>\n\t<\/div>\n<\/div>","protected":false},"excerpt":{"rendered":"","protected":false},"author":1002,"featured_media":0,"parent":0,"menu_order":18,"comment_status":"closed","ping_status":"closed","template":"","meta":[],"acf":[],"yoast_head":"<!-- This site is optimized with the Yoast SEO plugin v22.1 - https:\/\/yoast.com\/wordpress\/plugins\/seo\/ -->\n<title>Meilleur de jour en jour - Silk<\/title>\n<meta name=\"description\" content=\"test\" \/>\n<meta name=\"robots\" content=\"index, follow, max-snippet:-1, max-image-preview:large, max-video-preview:-1\" \/>\n<link rel=\"canonical\" href=\"https:\/\/www.silkcanada.ca\/fr\/meilleur-de-jour-en-jour\/\" \/>\n<meta property=\"og:locale\" content=\"fr_CA\" \/>\n<meta property=\"og:type\" content=\"article\" \/>\n<meta property=\"og:title\" content=\"Meilleur de jour en jour - Silk\" \/>\n<meta property=\"og:description\" content=\"test\" \/>\n<meta property=\"og:url\" content=\"https:\/\/www.silkcanada.ca\/fr\/meilleur-de-jour-en-jour\/\" \/>\n<meta property=\"og:site_name\" content=\"Silk\" \/>\n<meta property=\"article:publisher\" content=\"https:\/\/www.facebook.com\/SilkCanada\/\" \/>\n<meta property=\"article:modified_time\" content=\"2025-11-18T15:30:12+00:00\" \/>\n<meta property=\"og:image\" content=\"https:\/\/www.silkcanada.ca\/wp-content\/uploads\/2020\/04\/23090925\/half-good-for-you.jpg\" \/>\n\t<meta property=\"og:image:width\" content=\"1280\" \/>\n\t<meta property=\"og:image:height\" content=\"853\" \/>\n\t<meta property=\"og:image:type\" content=\"image\/jpeg\" \/>\n<meta name=\"twitter:card\" content=\"summary_large_image\" \/>\n<meta name=\"twitter:site\" content=\"@silk_canada\" \/>\n<script type=\"application\/ld+json\" class=\"yoast-schema-graph\">{\"@context\":\"https:\/\/schema.org\",\"@graph\":[{\"@type\":\"WebPage\",\"@id\":\"https:\/\/www.silkcanada.ca\/fr\/meilleur-de-jour-en-jour\/\",\"url\":\"https:\/\/www.silkcanada.ca\/fr\/meilleur-de-jour-en-jour\/\",\"name\":\"Meilleur de jour en jour - Silk\",\"isPartOf\":{\"@id\":\"https:\/\/www.silkcanada.ca\/fr\/#website\"},\"datePublished\":\"2025-03-03T21:24:46+00:00\",\"dateModified\":\"2025-11-18T15:30:12+00:00\",\"description\":\"test\",\"inLanguage\":\"fr-CA\",\"potentialAction\":[{\"@type\":\"ReadAction\",\"target\":[\"https:\/\/www.silkcanada.ca\/fr\/meilleur-de-jour-en-jour\/\"]}]},{\"@type\":\"WebSite\",\"@id\":\"https:\/\/www.silkcanada.ca\/fr\/#website\",\"url\":\"https:\/\/www.silkcanada.ca\/fr\/\",\"name\":\"Silk\",\"description\":\"Delicious Silk Soy, Almond, Coconut and Cashew Products\",\"potentialAction\":[{\"@type\":\"SearchAction\",\"target\":{\"@type\":\"EntryPoint\",\"urlTemplate\":\"https:\/\/www.silkcanada.ca\/fr\/?s={search_term_string}\"},\"query-input\":\"required name=search_term_string\"}],\"inLanguage\":\"fr-CA\"}]}<\/script>\n<!-- \/ Yoast SEO plugin. -->","yoast_head_json":{"title":"Meilleur de jour en jour - Silk","description":"test","robots":{"index":"index","follow":"follow","max-snippet":"max-snippet:-1","max-image-preview":"max-image-preview:large","max-video-preview":"max-video-preview:-1"},"canonical":"https:\/\/www.silkcanada.ca\/fr\/meilleur-de-jour-en-jour\/","og_locale":"fr_CA","og_type":"article","og_title":"Meilleur de jour en jour - Silk","og_description":"test","og_url":"https:\/\/www.silkcanada.ca\/fr\/meilleur-de-jour-en-jour\/","og_site_name":"Silk","article_publisher":"https:\/\/www.facebook.com\/SilkCanada\/","article_modified_time":"2025-11-18T15:30:12+00:00","og_image":[{"width":1280,"height":853,"url":"https:\/\/www.silkcanada.ca\/wp-content\/uploads\/2020\/04\/23090925\/half-good-for-you.jpg","type":"image\/jpeg"}],"twitter_card":"summary_large_image","twitter_site":"@silk_canada","schema":{"@context":"https:\/\/schema.org","@graph":[{"@type":"WebPage","@id":"https:\/\/www.silkcanada.ca\/fr\/meilleur-de-jour-en-jour\/","url":"https:\/\/www.silkcanada.ca\/fr\/meilleur-de-jour-en-jour\/","name":"Meilleur de jour en jour - Silk","isPartOf":{"@id":"https:\/\/www.silkcanada.ca\/fr\/#website"},"datePublished":"2025-03-03T21:24:46+00:00","dateModified":"2025-11-18T15:30:12+00:00","description":"test","inLanguage":"fr-CA","potentialAction":[{"@type":"ReadAction","target":["https:\/\/www.silkcanada.ca\/fr\/meilleur-de-jour-en-jour\/"]}]},{"@type":"WebSite","@id":"https:\/\/www.silkcanada.ca\/fr\/#website","url":"https:\/\/www.silkcanada.ca\/fr\/","name":"Silk","description":"Delicious Silk Soy, Almond, Coconut and Cashew Products","potentialAction":[{"@type":"SearchAction","target":{"@type":"EntryPoint","urlTemplate":"https:\/\/www.silkcanada.ca\/fr\/?s={search_term_string}"},"query-input":"required name=search_term_string"}],"inLanguage":"fr-CA"}]}},"_links":{"self":[{"href":"https:\/\/www.silkcanada.ca\/fr\/wp-json\/wp\/v2\/pages\/7167"}],"collection":[{"href":"https:\/\/www.silkcanada.ca\/fr\/wp-json\/wp\/v2\/pages"}],"about":[{"href":"https:\/\/www.silkcanada.ca\/fr\/wp-json\/wp\/v2\/types\/page"}],"author":[{"embeddable":true,"href":"https:\/\/www.silkcanada.ca\/fr\/wp-json\/wp\/v2\/users\/1002"}],"replies":[{"embeddable":true,"href":"https:\/\/www.silkcanada.ca\/fr\/wp-json\/wp\/v2\/comments?post=7167"}],"version-history":[{"count":38,"href":"https:\/\/www.silkcanada.ca\/fr\/wp-json\/wp\/v2\/pages\/7167\/revisions"}],"predecessor-version":[{"id":7752,"href":"https:\/\/www.silkcanada.ca\/fr\/wp-json\/wp\/v2\/pages\/7167\/revisions\/7752"}],"wp:attachment":[{"href":"https:\/\/www.silkcanada.ca\/fr\/wp-json\/wp\/v2\/media?parent=7167"}],"curies":[{"name":"wp","href":"https:\/\/api.w.org\/{rel}","templated":true}]}}