{"id":7812,"date":"2025-12-11T14:42:54","date_gmt":"2025-12-11T19:42:54","guid":{"rendered":"https:\/\/silkcanada-staging.hive.digital4danone.com\/?page_id=7493"},"modified":"2025-12-11T16:33:31","modified_gmt":"2025-12-11T21:33:31","slug":"5-nutriments-essentiels","status":"publish","type":"page","link":"https:\/\/www.silkcanada.ca\/fr\/5-nutriments-essentiels\/","title":{"rendered":"5 nutriments essentiels"},"content":{"rendered":"\n<div id=\"half-half-bg-block_20b8056680a287d7e050fbf15793bd8c\" class=\"section half-half-bg\" data-animator-id=\"half_half_bg\">\n\t<div class=\"container\">\n\t\t<div class=\"row half-half-content image-align-left image-portrait\">\n\t\t\t<div class=\"col-md-9 content-wrapper\">\n\t\t\t\t<div class=\"content\">\n\t\t\t\t\t\t\t\t\t\t\t<div class=\"upper\"><\/div>\n\t\t\t\t\t\t\t\t\t\t\t\t\t\t\t\t<h2 class=\"title\">PARLONS DES NUTRIMENTS, DES VITAMINES ET DES MIN\u00c9RAUX<\/h2>\n\t\t\t\t\t\t\t\t\t\t<p>La plupart de nos produits Silk contiennent 5 nutriments essentiels.* Il s&#8217;agit de micronutriments, de vitamines et de min\u00e9raux sp\u00e9cifiques qui vous apportent les bienfaits des plantes pour bien commencer la journ\u00e9e. Explorez notre gamme et d\u00e9couvrez le r\u00f4le des nutriments essentiels pr\u00e9sents dans nos produits Silk.*<\/p>\n\t\t\t\t\t\t\t\t\t<\/div>\n\t\t\t<\/div>\n\t\t\t\t\t\t\t<div class=\"col-md-6 image-wrapper\">\n\t\t\t\t\t<img loading=\"lazy\" width=\"1920\" height=\"1080\" src=\"https:\/\/www.silkcanada.ca\/wp-content\/uploads\/2025\/12\/5-essential-nutrients-webpage-FR.jpg\" class=\"img mask-image\" alt=\"\" loading=\"lazy\" srcset=\"https:\/\/www.silkcanada.ca\/wp-content\/uploads\/2025\/12\/5-essential-nutrients-webpage-FR.jpg 1920w, https:\/\/www.silkcanada.ca\/wp-content\/uploads\/2025\/12\/5-essential-nutrients-webpage-FR-300x169.jpg 300w, https:\/\/www.silkcanada.ca\/wp-content\/uploads\/2025\/12\/5-essential-nutrients-webpage-FR-1024x576.jpg 1024w, https:\/\/www.silkcanada.ca\/wp-content\/uploads\/2025\/12\/5-essential-nutrients-webpage-FR-768x432.jpg 768w, https:\/\/www.silkcanada.ca\/wp-content\/uploads\/2025\/12\/5-essential-nutrients-webpage-FR-1536x864.jpg 1536w, https:\/\/www.silkcanada.ca\/wp-content\/uploads\/2025\/12\/5-essential-nutrients-webpage-FR-140x79.jpg 140w, https:\/\/www.silkcanada.ca\/wp-content\/uploads\/2025\/12\/5-essential-nutrients-webpage-FR-595x335.jpg 595w, https:\/\/www.silkcanada.ca\/wp-content\/uploads\/2025\/12\/5-essential-nutrients-webpage-FR-155x87.jpg 155w\" sizes=\"(max-width: 1920px) 100vw, 1920px\" \/>\t\t\t\t<\/div>\n\t\t\t\t\t<\/div>\n\t<\/div>\n<\/div>\n\n\t<section class=\"section column-list half-half-round-list\" id=\"column-list-block_a25277d7dea36ea8c7abc93edce827a3\">\n\t\t<div class=\"container\">\n\t\t\t<div class=\"row\">\n\t\t\t\t<div class=\"col-md-10 offset-md-1\">\n\t\t\t\t\t<ul class=\"custom-numbered-list\">\n\t\t\t\t\t\t\t\t\t\t\t\t\t<li>\n\t\t\t\t\t\t\t\t\t\t\t\t\t\t\t\t\t<span class=\"title\">Calcium<\/span>\n\t\t\t\t\t\t\t\t\t\t\t\t\t\t\t\t<p>Celui-ci est destin\u00e9 \u00e0 renforcer la solidit\u00e9 et la sant\u00e9 des os et des dents. \u00c0 chaque \u00e9tape de la vie, le calcium agit en synergie avec son compagnon, la vitamine D, pour apporter \u00e0 votre squelette unique toute l&#8217;attention qu&#8217;il m\u00e9rite.<\/p>\n\t\t\t\t\t\t\t<\/li>\n\t\t\t\t\t\t\t\t\t\t\t\t\t<li>\n\t\t\t\t\t\t\t\t\t\t\t\t\t\t\t\t\t<span class=\"title\">Vitamine B12<\/span>\n\t\t\t\t\t\t\t\t\t\t\t\t\t\t\t\t<p>La vitamine B12 aide \u00e0 soutenir le rythme naturel de croissance et de d\u00e9veloppement de votre corps.<\/p>\n\t\t\t\t\t\t\t<\/li>\n\t\t\t\t\t\t\t\t\t\t\t\t\t<li>\n\t\t\t\t\t\t\t\t\t\t\t\t\t\t\t\t\t<span class=\"title\">Vitamine B2<\/span>\n\t\t\t\t\t\t\t\t\t\t\t\t\t\t\t\t<p>Une alimentation nutritive peut am\u00e9liorer la qualit\u00e9 de vie \u00e0 bien des \u00e9gards. La vitamine B2 contribue \u00e0 l&#8217;utilisation de l&#8217;\u00e9nergie provenant de votre alimentation dans tout votre corps.<\/p>\n\t\t\t\t\t\t\t<\/li>\n\t\t\t\t\t\t\t\t\t\t\t\t\t<li>\n\t\t\t\t\t\t\t\t\t\t\t\t\t\t\t\t\t<span class=\"title\">Vitamine A<\/span>\n\t\t\t\t\t\t\t\t\t\t\t\t\t\t\t\t<p>La vitamine A aide votre peau \u00e0 rester en bonne sant\u00e9.<\/p>\n\t\t\t\t\t\t\t<\/li>\n\t\t\t\t\t\t\t\t\t\t\t\t\t<li>\n\t\t\t\t\t\t\t\t\t\t\t\t\t\t\t\t\t<span class=\"title\">Vitamine D<\/span>\n\t\t\t\t\t\t\t\t\t\t\t\t\t\t\t\t<p>Consid\u00e9rez la vitamine D comme le compl\u00e9ment indispensable du calcium pour la sant\u00e9 osseuse. En effet, la vitamine D am\u00e9liore l&#8217;absorption du calcium, aidant ainsi votre corps \u00e0 tirer le meilleur parti du calcium que vous consommez.<\/p>\n\t\t\t\t\t\t\t<\/li>\n\t\t\t\t\t\t\t\t\t\t\t\t\t\t<\/ul>\n\t\t\t\t<\/div>\n\t\t\t<\/div>\n\t<\/section>\n\n\n\n<div class=\"section text-btns-section\" id=\"text-btns-block_c817f5d0495d9c3bfca1a322dd723553\">\n\t<div class=\"container\">\n\t\t\t\t\t<div class=\"the-content\">\n\t\t\t\t<p><small>*\u00c0 l&#8217;exception des gammes Silk pour caf\u00e9, Boisson Silk Noix de Coco Biologique, Yogourt Silk \u00e0 base de plantes Noix de coco \/ Probiotique \/ Amandes. Veuillez consulter l&#8217;emballage et les pages produits pour obtenir les informations les plus pr\u00e9cises et les plus r\u00e9centes.<\/small><\/p>\n\t\t\t<\/div>\n\t\t\n\t\t\t<\/div>\n<\/div>","protected":false},"excerpt":{"rendered":"","protected":false},"author":1018,"featured_media":0,"parent":0,"menu_order":32,"comment_status":"closed","ping_status":"closed","template":"","meta":[],"acf":[],"yoast_head":"<!-- This site is optimized with the Yoast SEO plugin v22.1 - https:\/\/yoast.com\/wordpress\/plugins\/seo\/ -->\n<title>5 nutriments essentiels - Silk<\/title>\n<meta name=\"description\" content=\"La plupart de nos produits Silk contiennent 5 nutriments essentiels. Il s&#039;agit de micronutriments, de vitamines et de min\u00e9raux sp\u00e9cifiques qui vous apportent les bienfaits des plantes pour bien commencer la journ\u00e9e.\" \/>\n<meta name=\"robots\" content=\"index, follow, max-snippet:-1, max-image-preview:large, max-video-preview:-1\" \/>\n<link rel=\"canonical\" href=\"https:\/\/www.silkcanada.ca\/fr\/5-nutriments-essentiels\/\" \/>\n<meta property=\"og:locale\" content=\"fr_CA\" \/>\n<meta property=\"og:type\" content=\"article\" \/>\n<meta property=\"og:title\" content=\"5 nutriments essentiels - Silk\" \/>\n<meta property=\"og:description\" content=\"La plupart de nos produits Silk contiennent 5 nutriments essentiels. Il s&#039;agit de micronutriments, de vitamines et de min\u00e9raux sp\u00e9cifiques qui vous apportent les bienfaits des plantes pour bien commencer la journ\u00e9e.\" \/>\n<meta property=\"og:url\" content=\"https:\/\/www.silkcanada.ca\/fr\/5-nutriments-essentiels\/\" \/>\n<meta property=\"og:site_name\" content=\"Silk\" \/>\n<meta property=\"article:publisher\" content=\"https:\/\/www.facebook.com\/SilkCanada\/\" \/>\n<meta property=\"article:modified_time\" content=\"2025-12-11T21:33:31+00:00\" \/>\n<meta property=\"og:image\" content=\"https:\/\/www.silkcanada.ca\/wp-content\/uploads\/2020\/04\/23090925\/half-good-for-you.jpg\" \/>\n\t<meta property=\"og:image:width\" content=\"1280\" \/>\n\t<meta property=\"og:image:height\" content=\"853\" \/>\n\t<meta property=\"og:image:type\" content=\"image\/jpeg\" \/>\n<meta name=\"twitter:card\" content=\"summary_large_image\" \/>\n<meta name=\"twitter:site\" content=\"@silk_canada\" \/>\n<script type=\"application\/ld+json\" class=\"yoast-schema-graph\">{\"@context\":\"https:\/\/schema.org\",\"@graph\":[{\"@type\":\"WebPage\",\"@id\":\"https:\/\/www.silkcanada.ca\/fr\/5-nutriments-essentiels\/\",\"url\":\"https:\/\/www.silkcanada.ca\/fr\/5-nutriments-essentiels\/\",\"name\":\"5 nutriments essentiels - Silk\",\"isPartOf\":{\"@id\":\"https:\/\/www.silkcanada.ca\/fr\/#website\"},\"datePublished\":\"2025-12-11T19:42:54+00:00\",\"dateModified\":\"2025-12-11T21:33:31+00:00\",\"description\":\"La plupart de nos produits Silk contiennent 5 nutriments essentiels. Il s'agit de micronutriments, de vitamines et de min\u00e9raux sp\u00e9cifiques qui vous apportent les bienfaits des plantes pour bien commencer la journ\u00e9e.\",\"inLanguage\":\"fr-CA\",\"potentialAction\":[{\"@type\":\"ReadAction\",\"target\":[\"https:\/\/www.silkcanada.ca\/fr\/5-nutriments-essentiels\/\"]}]},{\"@type\":\"WebSite\",\"@id\":\"https:\/\/www.silkcanada.ca\/fr\/#website\",\"url\":\"https:\/\/www.silkcanada.ca\/fr\/\",\"name\":\"Silk\",\"description\":\"Delicious Silk Soy, Almond, Coconut and Cashew Products\",\"potentialAction\":[{\"@type\":\"SearchAction\",\"target\":{\"@type\":\"EntryPoint\",\"urlTemplate\":\"https:\/\/www.silkcanada.ca\/fr\/?s={search_term_string}\"},\"query-input\":\"required name=search_term_string\"}],\"inLanguage\":\"fr-CA\"}]}<\/script>\n<!-- \/ Yoast SEO plugin. -->","yoast_head_json":{"title":"5 nutriments essentiels - Silk","description":"La plupart de nos produits Silk contiennent 5 nutriments essentiels. Il s'agit de micronutriments, de vitamines et de min\u00e9raux sp\u00e9cifiques qui vous apportent les bienfaits des plantes pour bien commencer la journ\u00e9e.","robots":{"index":"index","follow":"follow","max-snippet":"max-snippet:-1","max-image-preview":"max-image-preview:large","max-video-preview":"max-video-preview:-1"},"canonical":"https:\/\/www.silkcanada.ca\/fr\/5-nutriments-essentiels\/","og_locale":"fr_CA","og_type":"article","og_title":"5 nutriments essentiels - Silk","og_description":"La plupart de nos produits Silk contiennent 5 nutriments essentiels. Il s'agit de micronutriments, de vitamines et de min\u00e9raux sp\u00e9cifiques qui vous apportent les bienfaits des plantes pour bien commencer la journ\u00e9e.","og_url":"https:\/\/www.silkcanada.ca\/fr\/5-nutriments-essentiels\/","og_site_name":"Silk","article_publisher":"https:\/\/www.facebook.com\/SilkCanada\/","article_modified_time":"2025-12-11T21:33:31+00:00","og_image":[{"width":1280,"height":853,"url":"https:\/\/www.silkcanada.ca\/wp-content\/uploads\/2020\/04\/23090925\/half-good-for-you.jpg","type":"image\/jpeg"}],"twitter_card":"summary_large_image","twitter_site":"@silk_canada","schema":{"@context":"https:\/\/schema.org","@graph":[{"@type":"WebPage","@id":"https:\/\/www.silkcanada.ca\/fr\/5-nutriments-essentiels\/","url":"https:\/\/www.silkcanada.ca\/fr\/5-nutriments-essentiels\/","name":"5 nutriments essentiels - Silk","isPartOf":{"@id":"https:\/\/www.silkcanada.ca\/fr\/#website"},"datePublished":"2025-12-11T19:42:54+00:00","dateModified":"2025-12-11T21:33:31+00:00","description":"La plupart de nos produits Silk contiennent 5 nutriments essentiels. Il s'agit de micronutriments, de vitamines et de min\u00e9raux sp\u00e9cifiques qui vous apportent les bienfaits des plantes pour bien commencer la journ\u00e9e.","inLanguage":"fr-CA","potentialAction":[{"@type":"ReadAction","target":["https:\/\/www.silkcanada.ca\/fr\/5-nutriments-essentiels\/"]}]},{"@type":"WebSite","@id":"https:\/\/www.silkcanada.ca\/fr\/#website","url":"https:\/\/www.silkcanada.ca\/fr\/","name":"Silk","description":"Delicious Silk Soy, Almond, Coconut and Cashew Products","potentialAction":[{"@type":"SearchAction","target":{"@type":"EntryPoint","urlTemplate":"https:\/\/www.silkcanada.ca\/fr\/?s={search_term_string}"},"query-input":"required name=search_term_string"}],"inLanguage":"fr-CA"}]}},"_links":{"self":[{"href":"https:\/\/www.silkcanada.ca\/fr\/wp-json\/wp\/v2\/pages\/7812"}],"collection":[{"href":"https:\/\/www.silkcanada.ca\/fr\/wp-json\/wp\/v2\/pages"}],"about":[{"href":"https:\/\/www.silkcanada.ca\/fr\/wp-json\/wp\/v2\/types\/page"}],"author":[{"embeddable":true,"href":"https:\/\/www.silkcanada.ca\/fr\/wp-json\/wp\/v2\/users\/1018"}],"replies":[{"embeddable":true,"href":"https:\/\/www.silkcanada.ca\/fr\/wp-json\/wp\/v2\/comments?post=7812"}],"version-history":[{"count":2,"href":"https:\/\/www.silkcanada.ca\/fr\/wp-json\/wp\/v2\/pages\/7812\/revisions"}],"predecessor-version":[{"id":7825,"href":"https:\/\/www.silkcanada.ca\/fr\/wp-json\/wp\/v2\/pages\/7812\/revisions\/7825"}],"wp:attachment":[{"href":"https:\/\/www.silkcanada.ca\/fr\/wp-json\/wp\/v2\/media?parent=7812"}],"curies":[{"name":"wp","href":"https:\/\/api.w.org\/{rel}","templated":true}]}}