{"id":1134,"date":"2021-11-30T15:08:49","date_gmt":"2021-11-30T20:08:49","guid":{"rendered":"https:\/\/www.silkcanada.ca\/?post_type=product&#038;p=1134"},"modified":"2025-07-08T15:37:22","modified_gmt":"2025-07-08T19:37:22","slug":"boisson-de-soja","status":"publish","type":"product","link":"https:\/\/www.silkcanada.ca\/fr\/produits\/boisson-vegetale\/boisson-soya-originale\/","title":{"rendered":"Boisson de soya"},"content":{"rendered":"","protected":false},"featured_media":0,"template":"","productcategory":[13],"productbase":[30],"acf":[],"yoast_head":"<!-- This site is optimized with the Yoast SEO plugin v22.1 - https:\/\/yoast.com\/wordpress\/plugins\/seo\/ -->\n<title>Boisson de soya | Silk Canada<\/title>\n<meta name=\"description\" content=\"Du caf\u00e9 aux c\u00e9r\u00e9ales, ce grand classique au soya contient 7\u202fg de prot\u00e9ines, de l\u2019Om\u00e9ga-3 et une saveur douce \u00e0 chaque gorg\u00e9e.\" \/>\n<meta name=\"robots\" content=\"index, follow, max-snippet:-1, max-image-preview:large, max-video-preview:-1\" \/>\n<link rel=\"canonical\" href=\"https:\/\/www.silkcanada.ca\/fr\/produits\/boisson-vegetale\/boisson-soya-originale\/\" \/>\n<meta property=\"og:locale\" content=\"fr_CA\" \/>\n<meta property=\"og:type\" content=\"article\" \/>\n<meta property=\"og:title\" content=\"Boisson de soya | Silk Canada\" \/>\n<meta property=\"og:description\" content=\"Du caf\u00e9 aux c\u00e9r\u00e9ales, ce grand classique au soya contient 7\u202fg de prot\u00e9ines, de l\u2019Om\u00e9ga-3 et une saveur douce \u00e0 chaque gorg\u00e9e.\" \/>\n<meta property=\"og:url\" content=\"https:\/\/www.silkcanada.ca\/fr\/produits\/boisson-vegetale\/boisson-soya-originale\/\" \/>\n<meta property=\"og:site_name\" content=\"Silk\" \/>\n<meta property=\"article:publisher\" content=\"https:\/\/www.facebook.com\/SilkCanada\/\" \/>\n<meta property=\"article:modified_time\" content=\"2025-07-08T19:37:22+00:00\" \/>\n<meta property=\"og:image\" content=\"https:\/\/www.silkcanada.ca\/wp-content\/uploads\/2020\/04\/23090925\/half-good-for-you.jpg\" \/>\n\t<meta property=\"og:image:width\" content=\"1280\" \/>\n\t<meta property=\"og:image:height\" content=\"853\" \/>\n\t<meta property=\"og:image:type\" content=\"image\/jpeg\" \/>\n<meta name=\"twitter:card\" content=\"summary_large_image\" \/>\n<meta name=\"twitter:site\" content=\"@silk_canada\" \/>\n<script type=\"application\/ld+json\" class=\"yoast-schema-graph\">{\"@context\":\"https:\/\/schema.org\",\"@graph\":[{\"@type\":\"WebPage\",\"@id\":\"https:\/\/www.silkcanada.ca\/fr\/produits\/boisson-vegetale\/boisson-soya-originale\/\",\"url\":\"https:\/\/www.silkcanada.ca\/fr\/produits\/boisson-vegetale\/boisson-soya-originale\/\",\"name\":\"Boisson de soya | Silk Canada\",\"isPartOf\":{\"@id\":\"https:\/\/www.silkcanada.ca\/fr\/#website\"},\"datePublished\":\"2021-11-30T20:08:49+00:00\",\"dateModified\":\"2025-07-08T19:37:22+00:00\",\"description\":\"Du caf\u00e9 aux c\u00e9r\u00e9ales, ce grand classique au soya contient 7\u202fg de prot\u00e9ines, de l\u2019Om\u00e9ga-3 et une saveur douce \u00e0 chaque gorg\u00e9e.\",\"breadcrumb\":{\"@id\":\"https:\/\/www.silkcanada.ca\/fr\/produits\/boisson-vegetale\/boisson-soya-originale\/#breadcrumb\"},\"inLanguage\":\"fr-CA\",\"potentialAction\":[{\"@type\":\"ReadAction\",\"target\":[\"https:\/\/www.silkcanada.ca\/fr\/produits\/boisson-vegetale\/boisson-soya-originale\/\"]}]},{\"@type\":\"BreadcrumbList\",\"@id\":\"https:\/\/www.silkcanada.ca\/fr\/produits\/boisson-vegetale\/boisson-soya-originale\/#breadcrumb\",\"itemListElement\":[{\"@type\":\"ListItem\",\"position\":1,\"name\":\"Products\",\"item\":\"https:\/\/www.silkcanada.ca\/products\/%productcategory%\/\"},{\"@type\":\"ListItem\",\"position\":2,\"name\":\"Boisson de soya\"}]},{\"@type\":\"WebSite\",\"@id\":\"https:\/\/www.silkcanada.ca\/fr\/#website\",\"url\":\"https:\/\/www.silkcanada.ca\/fr\/\",\"name\":\"Silk\",\"description\":\"Delicious Silk Soy, Almond, Coconut and Cashew Products\",\"potentialAction\":[{\"@type\":\"SearchAction\",\"target\":{\"@type\":\"EntryPoint\",\"urlTemplate\":\"https:\/\/www.silkcanada.ca\/fr\/?s={search_term_string}\"},\"query-input\":\"required name=search_term_string\"}],\"inLanguage\":\"fr-CA\"}]}<\/script>\n<!-- \/ Yoast SEO plugin. -->","yoast_head_json":{"title":"Boisson de soya | Silk Canada","description":"Du caf\u00e9 aux c\u00e9r\u00e9ales, ce grand classique au soya contient 7\u202fg de prot\u00e9ines, de l\u2019Om\u00e9ga-3 et une saveur douce \u00e0 chaque gorg\u00e9e.","robots":{"index":"index","follow":"follow","max-snippet":"max-snippet:-1","max-image-preview":"max-image-preview:large","max-video-preview":"max-video-preview:-1"},"canonical":"https:\/\/www.silkcanada.ca\/fr\/produits\/boisson-vegetale\/boisson-soya-originale\/","og_locale":"fr_CA","og_type":"article","og_title":"Boisson de soya | Silk Canada","og_description":"Du caf\u00e9 aux c\u00e9r\u00e9ales, ce grand classique au soya contient 7\u202fg de prot\u00e9ines, de l\u2019Om\u00e9ga-3 et une saveur douce \u00e0 chaque gorg\u00e9e.","og_url":"https:\/\/www.silkcanada.ca\/fr\/produits\/boisson-vegetale\/boisson-soya-originale\/","og_site_name":"Silk","article_publisher":"https:\/\/www.facebook.com\/SilkCanada\/","article_modified_time":"2025-07-08T19:37:22+00:00","og_image":[{"width":1280,"height":853,"url":"https:\/\/www.silkcanada.ca\/wp-content\/uploads\/2020\/04\/23090925\/half-good-for-you.jpg","type":"image\/jpeg"}],"twitter_card":"summary_large_image","twitter_site":"@silk_canada","schema":{"@context":"https:\/\/schema.org","@graph":[{"@type":"WebPage","@id":"https:\/\/www.silkcanada.ca\/fr\/produits\/boisson-vegetale\/boisson-soya-originale\/","url":"https:\/\/www.silkcanada.ca\/fr\/produits\/boisson-vegetale\/boisson-soya-originale\/","name":"Boisson de soya | Silk Canada","isPartOf":{"@id":"https:\/\/www.silkcanada.ca\/fr\/#website"},"datePublished":"2021-11-30T20:08:49+00:00","dateModified":"2025-07-08T19:37:22+00:00","description":"Du caf\u00e9 aux c\u00e9r\u00e9ales, ce grand classique au soya contient 7\u202fg de prot\u00e9ines, de l\u2019Om\u00e9ga-3 et une saveur douce \u00e0 chaque gorg\u00e9e.","breadcrumb":{"@id":"https:\/\/www.silkcanada.ca\/fr\/produits\/boisson-vegetale\/boisson-soya-originale\/#breadcrumb"},"inLanguage":"fr-CA","potentialAction":[{"@type":"ReadAction","target":["https:\/\/www.silkcanada.ca\/fr\/produits\/boisson-vegetale\/boisson-soya-originale\/"]}]},{"@type":"BreadcrumbList","@id":"https:\/\/www.silkcanada.ca\/fr\/produits\/boisson-vegetale\/boisson-soya-originale\/#breadcrumb","itemListElement":[{"@type":"ListItem","position":1,"name":"Products","item":"https:\/\/www.silkcanada.ca\/products\/%productcategory%\/"},{"@type":"ListItem","position":2,"name":"Boisson de soya"}]},{"@type":"WebSite","@id":"https:\/\/www.silkcanada.ca\/fr\/#website","url":"https:\/\/www.silkcanada.ca\/fr\/","name":"Silk","description":"Delicious Silk Soy, Almond, Coconut and Cashew Products","potentialAction":[{"@type":"SearchAction","target":{"@type":"EntryPoint","urlTemplate":"https:\/\/www.silkcanada.ca\/fr\/?s={search_term_string}"},"query-input":"required name=search_term_string"}],"inLanguage":"fr-CA"}]}},"_links":{"self":[{"href":"https:\/\/www.silkcanada.ca\/fr\/wp-json\/wp\/v2\/product\/1134"}],"collection":[{"href":"https:\/\/www.silkcanada.ca\/fr\/wp-json\/wp\/v2\/product"}],"about":[{"href":"https:\/\/www.silkcanada.ca\/fr\/wp-json\/wp\/v2\/types\/product"}],"wp:attachment":[{"href":"https:\/\/www.silkcanada.ca\/fr\/wp-json\/wp\/v2\/media?parent=1134"}],"wp:term":[{"taxonomy":"productcategory","embeddable":true,"href":"https:\/\/www.silkcanada.ca\/fr\/wp-json\/wp\/v2\/productcategory?post=1134"},{"taxonomy":"productbase","embeddable":true,"href":"https:\/\/www.silkcanada.ca\/fr\/wp-json\/wp\/v2\/productbase?post=1134"}],"curies":[{"name":"wp","href":"https:\/\/api.w.org\/{rel}","templated":true}]}}