{"id":1143,"date":"2020-03-06T10:17:48","date_gmt":"2020-03-06T15:17:48","guid":{"rendered":"https:\/\/www.silkcanada.ca\/?post_type=product&#038;p=1143"},"modified":"2025-08-19T16:30:46","modified_gmt":"2025-08-19T20:30:46","slug":"soya-originale-non-sucree-longue-conservation","status":"publish","type":"product","link":"https:\/\/www.silkcanada.ca\/fr\/produits\/boisson-vegetale\/boissons-soya-originale-non-sucree-longue-conservation\/","title":{"rendered":"Boisson de soya non sucr\u00e9e"},"content":{"rendered":"","protected":false},"featured_media":0,"template":"","productcategory":[13],"productbase":[30],"acf":[],"yoast_head":"<!-- This site is optimized with the Yoast SEO plugin v22.1 - https:\/\/yoast.com\/wordpress\/plugins\/seo\/ -->\n<title>Boisson de soya non sucr\u00e9e | Silk Canada<\/title>\n<meta name=\"description\" content=\"Essayez la boisson de soya non sucr\u00e9e longue conservation Silk : 8 g de prot\u00e9ines, sans sucre ajout\u00e9, se conserve \u00e0 temp\u00e9rature ambiante jusqu\u2019\u00e0 l\u2019ouverture.\" \/>\n<meta name=\"robots\" content=\"index, follow, max-snippet:-1, max-image-preview:large, max-video-preview:-1\" \/>\n<link rel=\"canonical\" href=\"https:\/\/www.silkcanada.ca\/fr\/produits\/boisson-vegetale\/boissons-soya-originale-non-sucree-longue-conservation\/\" \/>\n<meta property=\"og:locale\" content=\"fr_CA\" \/>\n<meta property=\"og:type\" content=\"article\" \/>\n<meta property=\"og:title\" content=\"Boisson de soya non sucr\u00e9e | Silk Canada\" \/>\n<meta property=\"og:description\" content=\"Essayez la boisson de soya non sucr\u00e9e longue conservation Silk : 8 g de prot\u00e9ines, sans sucre ajout\u00e9, se conserve \u00e0 temp\u00e9rature ambiante jusqu\u2019\u00e0 l\u2019ouverture.\" \/>\n<meta property=\"og:url\" content=\"https:\/\/www.silkcanada.ca\/fr\/produits\/boisson-vegetale\/boissons-soya-originale-non-sucree-longue-conservation\/\" \/>\n<meta property=\"og:site_name\" content=\"Silk\" \/>\n<meta property=\"article:publisher\" content=\"https:\/\/www.facebook.com\/SilkCanada\/\" \/>\n<meta property=\"article:modified_time\" content=\"2025-08-19T20:30:46+00:00\" \/>\n<meta property=\"og:image\" content=\"https:\/\/www.silkcanada.ca\/wp-content\/uploads\/2020\/04\/23090925\/half-good-for-you.jpg\" \/>\n\t<meta property=\"og:image:width\" content=\"1280\" \/>\n\t<meta property=\"og:image:height\" content=\"853\" \/>\n\t<meta property=\"og:image:type\" content=\"image\/jpeg\" \/>\n<meta name=\"twitter:card\" content=\"summary_large_image\" \/>\n<meta name=\"twitter:site\" content=\"@silk_canada\" \/>\n<script type=\"application\/ld+json\" class=\"yoast-schema-graph\">{\"@context\":\"https:\/\/schema.org\",\"@graph\":[{\"@type\":\"WebPage\",\"@id\":\"https:\/\/www.silkcanada.ca\/fr\/produits\/boisson-vegetale\/boissons-soya-originale-non-sucree-longue-conservation\/\",\"url\":\"https:\/\/www.silkcanada.ca\/fr\/produits\/boisson-vegetale\/boissons-soya-originale-non-sucree-longue-conservation\/\",\"name\":\"Boisson de soya non sucr\u00e9e | Silk Canada\",\"isPartOf\":{\"@id\":\"https:\/\/www.silkcanada.ca\/fr\/#website\"},\"datePublished\":\"2020-03-06T15:17:48+00:00\",\"dateModified\":\"2025-08-19T20:30:46+00:00\",\"description\":\"Essayez la boisson de soya non sucr\u00e9e longue conservation Silk : 8 g de prot\u00e9ines, sans sucre ajout\u00e9, se conserve \u00e0 temp\u00e9rature ambiante jusqu\u2019\u00e0 l\u2019ouverture.\",\"breadcrumb\":{\"@id\":\"https:\/\/www.silkcanada.ca\/fr\/produits\/boisson-vegetale\/boissons-soya-originale-non-sucree-longue-conservation\/#breadcrumb\"},\"inLanguage\":\"fr-CA\",\"potentialAction\":[{\"@type\":\"ReadAction\",\"target\":[\"https:\/\/www.silkcanada.ca\/fr\/produits\/boisson-vegetale\/boissons-soya-originale-non-sucree-longue-conservation\/\"]}]},{\"@type\":\"BreadcrumbList\",\"@id\":\"https:\/\/www.silkcanada.ca\/fr\/produits\/boisson-vegetale\/boissons-soya-originale-non-sucree-longue-conservation\/#breadcrumb\",\"itemListElement\":[{\"@type\":\"ListItem\",\"position\":1,\"name\":\"Products\",\"item\":\"https:\/\/www.silkcanada.ca\/products\/%productcategory%\/\"},{\"@type\":\"ListItem\",\"position\":2,\"name\":\"Boisson de soya non sucr\u00e9e\"}]},{\"@type\":\"WebSite\",\"@id\":\"https:\/\/www.silkcanada.ca\/fr\/#website\",\"url\":\"https:\/\/www.silkcanada.ca\/fr\/\",\"name\":\"Silk\",\"description\":\"Delicious Silk Soy, Almond, Coconut and Cashew Products\",\"potentialAction\":[{\"@type\":\"SearchAction\",\"target\":{\"@type\":\"EntryPoint\",\"urlTemplate\":\"https:\/\/www.silkcanada.ca\/fr\/?s={search_term_string}\"},\"query-input\":\"required name=search_term_string\"}],\"inLanguage\":\"fr-CA\"}]}<\/script>\n<!-- \/ Yoast SEO plugin. -->","yoast_head_json":{"title":"Boisson de soya non sucr\u00e9e | Silk Canada","description":"Essayez la boisson de soya non sucr\u00e9e longue conservation Silk : 8 g de prot\u00e9ines, sans sucre ajout\u00e9, se conserve \u00e0 temp\u00e9rature ambiante jusqu\u2019\u00e0 l\u2019ouverture.","robots":{"index":"index","follow":"follow","max-snippet":"max-snippet:-1","max-image-preview":"max-image-preview:large","max-video-preview":"max-video-preview:-1"},"canonical":"https:\/\/www.silkcanada.ca\/fr\/produits\/boisson-vegetale\/boissons-soya-originale-non-sucree-longue-conservation\/","og_locale":"fr_CA","og_type":"article","og_title":"Boisson de soya non sucr\u00e9e | Silk Canada","og_description":"Essayez la boisson de soya non sucr\u00e9e longue conservation Silk : 8 g de prot\u00e9ines, sans sucre ajout\u00e9, se conserve \u00e0 temp\u00e9rature ambiante jusqu\u2019\u00e0 l\u2019ouverture.","og_url":"https:\/\/www.silkcanada.ca\/fr\/produits\/boisson-vegetale\/boissons-soya-originale-non-sucree-longue-conservation\/","og_site_name":"Silk","article_publisher":"https:\/\/www.facebook.com\/SilkCanada\/","article_modified_time":"2025-08-19T20:30:46+00:00","og_image":[{"width":1280,"height":853,"url":"https:\/\/www.silkcanada.ca\/wp-content\/uploads\/2020\/04\/23090925\/half-good-for-you.jpg","type":"image\/jpeg"}],"twitter_card":"summary_large_image","twitter_site":"@silk_canada","schema":{"@context":"https:\/\/schema.org","@graph":[{"@type":"WebPage","@id":"https:\/\/www.silkcanada.ca\/fr\/produits\/boisson-vegetale\/boissons-soya-originale-non-sucree-longue-conservation\/","url":"https:\/\/www.silkcanada.ca\/fr\/produits\/boisson-vegetale\/boissons-soya-originale-non-sucree-longue-conservation\/","name":"Boisson de soya non sucr\u00e9e | Silk Canada","isPartOf":{"@id":"https:\/\/www.silkcanada.ca\/fr\/#website"},"datePublished":"2020-03-06T15:17:48+00:00","dateModified":"2025-08-19T20:30:46+00:00","description":"Essayez la boisson de soya non sucr\u00e9e longue conservation Silk : 8 g de prot\u00e9ines, sans sucre ajout\u00e9, se conserve \u00e0 temp\u00e9rature ambiante jusqu\u2019\u00e0 l\u2019ouverture.","breadcrumb":{"@id":"https:\/\/www.silkcanada.ca\/fr\/produits\/boisson-vegetale\/boissons-soya-originale-non-sucree-longue-conservation\/#breadcrumb"},"inLanguage":"fr-CA","potentialAction":[{"@type":"ReadAction","target":["https:\/\/www.silkcanada.ca\/fr\/produits\/boisson-vegetale\/boissons-soya-originale-non-sucree-longue-conservation\/"]}]},{"@type":"BreadcrumbList","@id":"https:\/\/www.silkcanada.ca\/fr\/produits\/boisson-vegetale\/boissons-soya-originale-non-sucree-longue-conservation\/#breadcrumb","itemListElement":[{"@type":"ListItem","position":1,"name":"Products","item":"https:\/\/www.silkcanada.ca\/products\/%productcategory%\/"},{"@type":"ListItem","position":2,"name":"Boisson de soya non sucr\u00e9e"}]},{"@type":"WebSite","@id":"https:\/\/www.silkcanada.ca\/fr\/#website","url":"https:\/\/www.silkcanada.ca\/fr\/","name":"Silk","description":"Delicious Silk Soy, Almond, Coconut and Cashew Products","potentialAction":[{"@type":"SearchAction","target":{"@type":"EntryPoint","urlTemplate":"https:\/\/www.silkcanada.ca\/fr\/?s={search_term_string}"},"query-input":"required name=search_term_string"}],"inLanguage":"fr-CA"}]}},"_links":{"self":[{"href":"https:\/\/www.silkcanada.ca\/fr\/wp-json\/wp\/v2\/product\/1143"}],"collection":[{"href":"https:\/\/www.silkcanada.ca\/fr\/wp-json\/wp\/v2\/product"}],"about":[{"href":"https:\/\/www.silkcanada.ca\/fr\/wp-json\/wp\/v2\/types\/product"}],"wp:attachment":[{"href":"https:\/\/www.silkcanada.ca\/fr\/wp-json\/wp\/v2\/media?parent=1143"}],"wp:term":[{"taxonomy":"productcategory","embeddable":true,"href":"https:\/\/www.silkcanada.ca\/fr\/wp-json\/wp\/v2\/productcategory?post=1143"},{"taxonomy":"productbase","embeddable":true,"href":"https:\/\/www.silkcanada.ca\/fr\/wp-json\/wp\/v2\/productbase?post=1143"}],"curies":[{"name":"wp","href":"https:\/\/api.w.org\/{rel}","templated":true}]}}