{"id":2376,"date":"2021-11-30T07:07:55","date_gmt":"2021-11-30T12:07:55","guid":{"rendered":"https:\/\/www.silkcanada.ca\/?post_type=product&#038;p=2376"},"modified":"2026-02-19T13:55:34","modified_gmt":"2026-02-19T18:55:34","slug":"oat-yeah-nature","status":"publish","type":"product","link":"https:\/\/www.silkcanada.ca\/fr\/produits\/boisson-vegetale\/boisson-avoine-oat-yeah-nature\/","title":{"rendered":"Boisson \u00e0 l&#8217;avoine originale"},"content":{"rendered":"<p>\u00c9lus meilleurs nouveaux produits!<\/p>\n","protected":false},"featured_media":6688,"template":"","productcategory":[13],"productbase":[29],"acf":[],"yoast_head":"<!-- This site is optimized with the Yoast SEO plugin v22.1 - https:\/\/yoast.com\/wordpress\/plugins\/seo\/ -->\n<title>Boisson \u00e0 l&#039;avoine originale - Silk Canada<\/title>\n<meta name=\"description\" content=\"Notre boisson \u00e0 l&#039;avoine sans produits laitiers est votre alli\u00e9 en cuisine. Buvez-la telle quelle ou utilisez-la dans vos plats, les options sont infinies!\" \/>\n<meta name=\"robots\" content=\"index, follow, max-snippet:-1, max-image-preview:large, max-video-preview:-1\" \/>\n<link rel=\"canonical\" href=\"https:\/\/www.silkcanada.ca\/fr\/produits\/boisson-vegetale\/boisson-avoine-oat-yeah-nature\/\" \/>\n<meta property=\"og:locale\" content=\"fr_CA\" \/>\n<meta property=\"og:type\" content=\"article\" \/>\n<meta property=\"og:title\" content=\"Lait d\u2019avoine original | Silk Canada\" \/>\n<meta property=\"og:description\" content=\"Notre boisson \u00e0 l&#039;avoine sans produits laitiers est votre alli\u00e9 en cuisine. Buvez-la telle quelle ou utilisez-la dans vos plats, les options sont infinies!\" \/>\n<meta property=\"og:url\" content=\"https:\/\/www.silkcanada.ca\/fr\/produits\/boisson-vegetale\/boisson-avoine-oat-yeah-nature\/\" \/>\n<meta property=\"og:site_name\" content=\"Silk\" \/>\n<meta property=\"article:publisher\" content=\"https:\/\/www.facebook.com\/SilkCanada\/\" \/>\n<meta property=\"article:modified_time\" content=\"2026-02-19T18:55:34+00:00\" \/>\n<meta property=\"og:image\" content=\"https:\/\/www.silkcanada.ca\/wp-content\/uploads\/2021\/11\/Silk-oat-original-single-en.png\" \/>\n\t<meta property=\"og:image:width\" content=\"737\" \/>\n\t<meta property=\"og:image:height\" content=\"759\" \/>\n\t<meta property=\"og:image:type\" content=\"image\/png\" \/>\n<meta name=\"twitter:card\" content=\"summary_large_image\" \/>\n<meta name=\"twitter:title\" content=\"Lait d\u2019avoine original | Silk Canada\" \/>\n<meta name=\"twitter:site\" content=\"@silk_canada\" \/>\n<meta name=\"twitter:label1\" content=\"Estimation du temps de lecture\" \/>\n\t<meta name=\"twitter:data1\" content=\"1 minute\" \/>\n<script type=\"application\/ld+json\" class=\"yoast-schema-graph\">{\"@context\":\"https:\/\/schema.org\",\"@graph\":[{\"@type\":\"WebPage\",\"@id\":\"https:\/\/www.silkcanada.ca\/fr\/produits\/boisson-vegetale\/boisson-avoine-oat-yeah-nature\/\",\"url\":\"https:\/\/www.silkcanada.ca\/fr\/produits\/boisson-vegetale\/boisson-avoine-oat-yeah-nature\/\",\"name\":\"Boisson \u00e0 l'avoine originale - Silk Canada\",\"isPartOf\":{\"@id\":\"https:\/\/www.silkcanada.ca\/fr\/#website\"},\"datePublished\":\"2021-11-30T12:07:55+00:00\",\"dateModified\":\"2026-02-19T18:55:34+00:00\",\"description\":\"Notre boisson \u00e0 l'avoine sans produits laitiers est votre alli\u00e9 en cuisine. Buvez-la telle quelle ou utilisez-la dans vos plats, les options sont infinies!\",\"breadcrumb\":{\"@id\":\"https:\/\/www.silkcanada.ca\/fr\/produits\/boisson-vegetale\/boisson-avoine-oat-yeah-nature\/#breadcrumb\"},\"inLanguage\":\"fr-CA\",\"potentialAction\":[{\"@type\":\"ReadAction\",\"target\":[\"https:\/\/www.silkcanada.ca\/fr\/produits\/boisson-vegetale\/boisson-avoine-oat-yeah-nature\/\"]}]},{\"@type\":\"BreadcrumbList\",\"@id\":\"https:\/\/www.silkcanada.ca\/fr\/produits\/boisson-vegetale\/boisson-avoine-oat-yeah-nature\/#breadcrumb\",\"itemListElement\":[{\"@type\":\"ListItem\",\"position\":1,\"name\":\"Products\",\"item\":\"https:\/\/www.silkcanada.ca\/products\/%productcategory%\/\"},{\"@type\":\"ListItem\",\"position\":2,\"name\":\"Boisson \u00e0 l&#8217;avoine originale\"}]},{\"@type\":\"WebSite\",\"@id\":\"https:\/\/www.silkcanada.ca\/fr\/#website\",\"url\":\"https:\/\/www.silkcanada.ca\/fr\/\",\"name\":\"Silk\",\"description\":\"Delicious Silk Soy, Almond, Coconut and Cashew Products\",\"potentialAction\":[{\"@type\":\"SearchAction\",\"target\":{\"@type\":\"EntryPoint\",\"urlTemplate\":\"https:\/\/www.silkcanada.ca\/fr\/?s={search_term_string}\"},\"query-input\":\"required name=search_term_string\"}],\"inLanguage\":\"fr-CA\"}]}<\/script>\n<!-- \/ Yoast SEO plugin. -->","yoast_head_json":{"title":"Boisson \u00e0 l'avoine originale - Silk Canada","description":"Notre boisson \u00e0 l'avoine sans produits laitiers est votre alli\u00e9 en cuisine. Buvez-la telle quelle ou utilisez-la dans vos plats, les options sont infinies!","robots":{"index":"index","follow":"follow","max-snippet":"max-snippet:-1","max-image-preview":"max-image-preview:large","max-video-preview":"max-video-preview:-1"},"canonical":"https:\/\/www.silkcanada.ca\/fr\/produits\/boisson-vegetale\/boisson-avoine-oat-yeah-nature\/","og_locale":"fr_CA","og_type":"article","og_title":"Lait d\u2019avoine original | Silk Canada","og_description":"Notre boisson \u00e0 l'avoine sans produits laitiers est votre alli\u00e9 en cuisine. Buvez-la telle quelle ou utilisez-la dans vos plats, les options sont infinies!","og_url":"https:\/\/www.silkcanada.ca\/fr\/produits\/boisson-vegetale\/boisson-avoine-oat-yeah-nature\/","og_site_name":"Silk","article_publisher":"https:\/\/www.facebook.com\/SilkCanada\/","article_modified_time":"2026-02-19T18:55:34+00:00","og_image":[{"width":737,"height":759,"url":"https:\/\/www.silkcanada.ca\/wp-content\/uploads\/2021\/11\/Silk-oat-original-single-en.png","type":"image\/png"}],"twitter_card":"summary_large_image","twitter_title":"Lait d\u2019avoine original | Silk Canada","twitter_site":"@silk_canada","twitter_misc":{"Estimation du temps de lecture":"1 minute"},"schema":{"@context":"https:\/\/schema.org","@graph":[{"@type":"WebPage","@id":"https:\/\/www.silkcanada.ca\/fr\/produits\/boisson-vegetale\/boisson-avoine-oat-yeah-nature\/","url":"https:\/\/www.silkcanada.ca\/fr\/produits\/boisson-vegetale\/boisson-avoine-oat-yeah-nature\/","name":"Boisson \u00e0 l'avoine originale - Silk Canada","isPartOf":{"@id":"https:\/\/www.silkcanada.ca\/fr\/#website"},"datePublished":"2021-11-30T12:07:55+00:00","dateModified":"2026-02-19T18:55:34+00:00","description":"Notre boisson \u00e0 l'avoine sans produits laitiers est votre alli\u00e9 en cuisine. Buvez-la telle quelle ou utilisez-la dans vos plats, les options sont infinies!","breadcrumb":{"@id":"https:\/\/www.silkcanada.ca\/fr\/produits\/boisson-vegetale\/boisson-avoine-oat-yeah-nature\/#breadcrumb"},"inLanguage":"fr-CA","potentialAction":[{"@type":"ReadAction","target":["https:\/\/www.silkcanada.ca\/fr\/produits\/boisson-vegetale\/boisson-avoine-oat-yeah-nature\/"]}]},{"@type":"BreadcrumbList","@id":"https:\/\/www.silkcanada.ca\/fr\/produits\/boisson-vegetale\/boisson-avoine-oat-yeah-nature\/#breadcrumb","itemListElement":[{"@type":"ListItem","position":1,"name":"Products","item":"https:\/\/www.silkcanada.ca\/products\/%productcategory%\/"},{"@type":"ListItem","position":2,"name":"Boisson \u00e0 l&#8217;avoine originale"}]},{"@type":"WebSite","@id":"https:\/\/www.silkcanada.ca\/fr\/#website","url":"https:\/\/www.silkcanada.ca\/fr\/","name":"Silk","description":"Delicious Silk Soy, Almond, Coconut and Cashew Products","potentialAction":[{"@type":"SearchAction","target":{"@type":"EntryPoint","urlTemplate":"https:\/\/www.silkcanada.ca\/fr\/?s={search_term_string}"},"query-input":"required name=search_term_string"}],"inLanguage":"fr-CA"}]}},"_links":{"self":[{"href":"https:\/\/www.silkcanada.ca\/fr\/wp-json\/wp\/v2\/product\/2376"}],"collection":[{"href":"https:\/\/www.silkcanada.ca\/fr\/wp-json\/wp\/v2\/product"}],"about":[{"href":"https:\/\/www.silkcanada.ca\/fr\/wp-json\/wp\/v2\/types\/product"}],"wp:featuredmedia":[{"embeddable":true,"href":"https:\/\/www.silkcanada.ca\/fr\/wp-json\/wp\/v2\/media\/6688"}],"wp:attachment":[{"href":"https:\/\/www.silkcanada.ca\/fr\/wp-json\/wp\/v2\/media?parent=2376"}],"wp:term":[{"taxonomy":"productcategory","embeddable":true,"href":"https:\/\/www.silkcanada.ca\/fr\/wp-json\/wp\/v2\/productcategory?post=2376"},{"taxonomy":"productbase","embeddable":true,"href":"https:\/\/www.silkcanada.ca\/fr\/wp-json\/wp\/v2\/productbase?post=2376"}],"curies":[{"name":"wp","href":"https:\/\/api.w.org\/{rel}","templated":true}]}}