{"id":2380,"date":"2021-11-15T07:13:03","date_gmt":"2021-11-15T12:13:03","guid":{"rendered":"https:\/\/www.silkcanada.ca\/?post_type=product&#038;p=2380"},"modified":"2026-02-19T14:01:36","modified_gmt":"2026-02-19T19:01:36","slug":"oat-yeah-vanille","status":"publish","type":"product","link":"https:\/\/www.silkcanada.ca\/fr\/produits\/boisson-vegetale\/boisson-avoine-oat-yeah-vanille\/","title":{"rendered":"Avoine Vanille"},"content":{"rendered":"","protected":false},"featured_media":0,"template":"","productcategory":[13],"productbase":[29],"acf":[],"yoast_head":"<!-- This site is optimized with the Yoast SEO plugin v22.1 - https:\/\/yoast.com\/wordpress\/plugins\/seo\/ -->\n<title>Lait d\u2019avoine \u00e0 la vanille | Silk Canada<\/title>\n<meta name=\"description\" content=\"Notre boisson \u00e0 l&#039;avoine est riche et cr\u00e9meuse avec une d\u00e9licieuse touche de vanille. Elle ne contient aucun lactose et aucun OGM.\" \/>\n<meta name=\"robots\" content=\"index, follow, max-snippet:-1, max-image-preview:large, max-video-preview:-1\" \/>\n<link rel=\"canonical\" href=\"https:\/\/www.silkcanada.ca\/fr\/produits\/boisson-vegetale\/boisson-avoine-oat-yeah-vanille\/\" \/>\n<meta property=\"og:locale\" content=\"fr_CA\" \/>\n<meta property=\"og:type\" content=\"article\" \/>\n<meta property=\"og:title\" content=\"Lait d\u2019avoine \u00e0 la vanille | Silk Canada\" \/>\n<meta property=\"og:description\" content=\"Notre boisson \u00e0 l&#039;avoine est riche et cr\u00e9meuse avec une d\u00e9licieuse touche de vanille. Elle ne contient aucun lactose et aucun OGM.\" \/>\n<meta property=\"og:url\" content=\"https:\/\/www.silkcanada.ca\/fr\/produits\/boisson-vegetale\/boisson-avoine-oat-yeah-vanille\/\" \/>\n<meta property=\"og:site_name\" content=\"Silk\" \/>\n<meta property=\"article:publisher\" content=\"https:\/\/www.facebook.com\/SilkCanada\/\" \/>\n<meta property=\"article:modified_time\" content=\"2026-02-19T19:01:36+00:00\" \/>\n<meta property=\"og:image\" content=\"https:\/\/www.silkcanada.ca\/wp-content\/uploads\/2020\/04\/23090925\/half-good-for-you.jpg\" \/>\n\t<meta property=\"og:image:width\" content=\"1280\" \/>\n\t<meta property=\"og:image:height\" content=\"853\" \/>\n\t<meta property=\"og:image:type\" content=\"image\/jpeg\" \/>\n<meta name=\"twitter:card\" content=\"summary_large_image\" \/>\n<meta name=\"twitter:title\" content=\"Lait d\u2019avoine \u00e0 la vanille | Silk Canada\" \/>\n<meta name=\"twitter:site\" content=\"@silk_canada\" \/>\n<script type=\"application\/ld+json\" class=\"yoast-schema-graph\">{\"@context\":\"https:\/\/schema.org\",\"@graph\":[{\"@type\":\"WebPage\",\"@id\":\"https:\/\/www.silkcanada.ca\/fr\/produits\/boisson-vegetale\/boisson-avoine-oat-yeah-vanille\/\",\"url\":\"https:\/\/www.silkcanada.ca\/fr\/produits\/boisson-vegetale\/boisson-avoine-oat-yeah-vanille\/\",\"name\":\"Lait d\u2019avoine \u00e0 la vanille | Silk Canada\",\"isPartOf\":{\"@id\":\"https:\/\/www.silkcanada.ca\/fr\/#website\"},\"datePublished\":\"2021-11-15T12:13:03+00:00\",\"dateModified\":\"2026-02-19T19:01:36+00:00\",\"description\":\"Notre boisson \u00e0 l'avoine est riche et cr\u00e9meuse avec une d\u00e9licieuse touche de vanille. Elle ne contient aucun lactose et aucun OGM.\",\"breadcrumb\":{\"@id\":\"https:\/\/www.silkcanada.ca\/fr\/produits\/boisson-vegetale\/boisson-avoine-oat-yeah-vanille\/#breadcrumb\"},\"inLanguage\":\"fr-CA\",\"potentialAction\":[{\"@type\":\"ReadAction\",\"target\":[\"https:\/\/www.silkcanada.ca\/fr\/produits\/boisson-vegetale\/boisson-avoine-oat-yeah-vanille\/\"]}]},{\"@type\":\"BreadcrumbList\",\"@id\":\"https:\/\/www.silkcanada.ca\/fr\/produits\/boisson-vegetale\/boisson-avoine-oat-yeah-vanille\/#breadcrumb\",\"itemListElement\":[{\"@type\":\"ListItem\",\"position\":1,\"name\":\"Products\",\"item\":\"https:\/\/www.silkcanada.ca\/products\/%productcategory%\/\"},{\"@type\":\"ListItem\",\"position\":2,\"name\":\"Avoine Vanille\"}]},{\"@type\":\"WebSite\",\"@id\":\"https:\/\/www.silkcanada.ca\/fr\/#website\",\"url\":\"https:\/\/www.silkcanada.ca\/fr\/\",\"name\":\"Silk\",\"description\":\"Delicious Silk Soy, Almond, Coconut and Cashew Products\",\"potentialAction\":[{\"@type\":\"SearchAction\",\"target\":{\"@type\":\"EntryPoint\",\"urlTemplate\":\"https:\/\/www.silkcanada.ca\/fr\/?s={search_term_string}\"},\"query-input\":\"required name=search_term_string\"}],\"inLanguage\":\"fr-CA\"}]}<\/script>\n<!-- \/ Yoast SEO plugin. -->","yoast_head_json":{"title":"Lait d\u2019avoine \u00e0 la vanille | Silk Canada","description":"Notre boisson \u00e0 l'avoine est riche et cr\u00e9meuse avec une d\u00e9licieuse touche de vanille. Elle ne contient aucun lactose et aucun OGM.","robots":{"index":"index","follow":"follow","max-snippet":"max-snippet:-1","max-image-preview":"max-image-preview:large","max-video-preview":"max-video-preview:-1"},"canonical":"https:\/\/www.silkcanada.ca\/fr\/produits\/boisson-vegetale\/boisson-avoine-oat-yeah-vanille\/","og_locale":"fr_CA","og_type":"article","og_title":"Lait d\u2019avoine \u00e0 la vanille | Silk Canada","og_description":"Notre boisson \u00e0 l'avoine est riche et cr\u00e9meuse avec une d\u00e9licieuse touche de vanille. Elle ne contient aucun lactose et aucun OGM.","og_url":"https:\/\/www.silkcanada.ca\/fr\/produits\/boisson-vegetale\/boisson-avoine-oat-yeah-vanille\/","og_site_name":"Silk","article_publisher":"https:\/\/www.facebook.com\/SilkCanada\/","article_modified_time":"2026-02-19T19:01:36+00:00","og_image":[{"width":1280,"height":853,"url":"https:\/\/www.silkcanada.ca\/wp-content\/uploads\/2020\/04\/23090925\/half-good-for-you.jpg","type":"image\/jpeg"}],"twitter_card":"summary_large_image","twitter_title":"Lait d\u2019avoine \u00e0 la vanille | Silk Canada","twitter_site":"@silk_canada","schema":{"@context":"https:\/\/schema.org","@graph":[{"@type":"WebPage","@id":"https:\/\/www.silkcanada.ca\/fr\/produits\/boisson-vegetale\/boisson-avoine-oat-yeah-vanille\/","url":"https:\/\/www.silkcanada.ca\/fr\/produits\/boisson-vegetale\/boisson-avoine-oat-yeah-vanille\/","name":"Lait d\u2019avoine \u00e0 la vanille | Silk Canada","isPartOf":{"@id":"https:\/\/www.silkcanada.ca\/fr\/#website"},"datePublished":"2021-11-15T12:13:03+00:00","dateModified":"2026-02-19T19:01:36+00:00","description":"Notre boisson \u00e0 l'avoine est riche et cr\u00e9meuse avec une d\u00e9licieuse touche de vanille. Elle ne contient aucun lactose et aucun OGM.","breadcrumb":{"@id":"https:\/\/www.silkcanada.ca\/fr\/produits\/boisson-vegetale\/boisson-avoine-oat-yeah-vanille\/#breadcrumb"},"inLanguage":"fr-CA","potentialAction":[{"@type":"ReadAction","target":["https:\/\/www.silkcanada.ca\/fr\/produits\/boisson-vegetale\/boisson-avoine-oat-yeah-vanille\/"]}]},{"@type":"BreadcrumbList","@id":"https:\/\/www.silkcanada.ca\/fr\/produits\/boisson-vegetale\/boisson-avoine-oat-yeah-vanille\/#breadcrumb","itemListElement":[{"@type":"ListItem","position":1,"name":"Products","item":"https:\/\/www.silkcanada.ca\/products\/%productcategory%\/"},{"@type":"ListItem","position":2,"name":"Avoine Vanille"}]},{"@type":"WebSite","@id":"https:\/\/www.silkcanada.ca\/fr\/#website","url":"https:\/\/www.silkcanada.ca\/fr\/","name":"Silk","description":"Delicious Silk Soy, Almond, Coconut and Cashew Products","potentialAction":[{"@type":"SearchAction","target":{"@type":"EntryPoint","urlTemplate":"https:\/\/www.silkcanada.ca\/fr\/?s={search_term_string}"},"query-input":"required name=search_term_string"}],"inLanguage":"fr-CA"}]}},"_links":{"self":[{"href":"https:\/\/www.silkcanada.ca\/fr\/wp-json\/wp\/v2\/product\/2380"}],"collection":[{"href":"https:\/\/www.silkcanada.ca\/fr\/wp-json\/wp\/v2\/product"}],"about":[{"href":"https:\/\/www.silkcanada.ca\/fr\/wp-json\/wp\/v2\/types\/product"}],"wp:attachment":[{"href":"https:\/\/www.silkcanada.ca\/fr\/wp-json\/wp\/v2\/media?parent=2380"}],"wp:term":[{"taxonomy":"productcategory","embeddable":true,"href":"https:\/\/www.silkcanada.ca\/fr\/wp-json\/wp\/v2\/productcategory?post=2380"},{"taxonomy":"productbase","embeddable":true,"href":"https:\/\/www.silkcanada.ca\/fr\/wp-json\/wp\/v2\/productbase?post=2380"}],"curies":[{"name":"wp","href":"https:\/\/api.w.org\/{rel}","templated":true}]}}