{"id":2407,"date":"2021-11-25T07:57:22","date_gmt":"2021-11-25T12:57:22","guid":{"rendered":"https:\/\/www.silkcanada.ca\/?post_type=product&#038;p=2407"},"modified":"2025-05-08T11:58:31","modified_gmt":"2025-05-08T15:58:31","slug":"creamer-almond-vanilla","status":"publish","type":"product","link":"https:\/\/www.silkcanada.ca\/fr\/produits\/pour-cafe\/silk-pour-cafe-amande-vanille\/","title":{"rendered":"CR\u00c8ME \u00c0 CAF\u00c9 AMANDES VANILLE"},"content":{"rendered":"","protected":false},"featured_media":0,"template":"","productcategory":[14],"productbase":[25],"acf":[],"yoast_head":"<!-- This site is optimized with the Yoast SEO plugin v22.1 - https:\/\/yoast.com\/wordpress\/plugins\/seo\/ -->\n<title>Cr\u00e8me \u00e0 caf\u00e9 Amande Vanille \u00e0 Base de Plante | Silk Canada<\/title>\n<meta name=\"description\" content=\"Rehaussez votre tasse de caf\u00e9 avec notre boisson d&#039;amande \u00e0 la vanille sans lactose, sans gluten et sans OGM. Votre caf\u00e9 ne sera jamais aussi bon.\" \/>\n<meta name=\"robots\" content=\"index, follow, max-snippet:-1, max-image-preview:large, max-video-preview:-1\" \/>\n<link rel=\"canonical\" href=\"https:\/\/www.silkcanada.ca\/fr\/produits\/pour-cafe\/silk-pour-cafe-amande-vanille\/\" \/>\n<meta property=\"og:locale\" content=\"fr_CA\" \/>\n<meta property=\"og:type\" content=\"article\" \/>\n<meta property=\"og:title\" content=\"Cr\u00e8me \u00e0 caf\u00e9 Amande Vanille \u00e0 Base de Plante | Silk Canada\" \/>\n<meta property=\"og:description\" content=\"Rehaussez votre tasse de caf\u00e9 avec notre boisson d&#039;amande \u00e0 la vanille sans lactose, sans gluten et sans OGM. Votre caf\u00e9 ne sera jamais aussi bon.\" \/>\n<meta property=\"og:url\" content=\"https:\/\/www.silkcanada.ca\/fr\/produits\/pour-cafe\/silk-pour-cafe-amande-vanille\/\" \/>\n<meta property=\"og:site_name\" content=\"Silk\" \/>\n<meta property=\"article:publisher\" content=\"https:\/\/www.facebook.com\/SilkCanada\/\" \/>\n<meta property=\"article:modified_time\" content=\"2025-05-08T15:58:31+00:00\" \/>\n<meta property=\"og:image\" content=\"https:\/\/www.silkcanada.ca\/wp-content\/uploads\/2020\/04\/23090925\/half-good-for-you.jpg\" \/>\n\t<meta property=\"og:image:width\" content=\"1280\" \/>\n\t<meta property=\"og:image:height\" content=\"853\" \/>\n\t<meta property=\"og:image:type\" content=\"image\/jpeg\" \/>\n<meta name=\"twitter:card\" content=\"summary_large_image\" \/>\n<meta name=\"twitter:title\" content=\"Cr\u00e8me \u00e0 caf\u00e9 Amande Vanille \u00e0 Base de Plante | Silk Canada\" \/>\n<meta name=\"twitter:description\" content=\"Rehaussez votre tasse de caf\u00e9 avec notre boisson d&#039;amande \u00e0 la vanille sans lactose, sans gluten et sans OGM. Votre caf\u00e9 ne sera jamais aussi bon.\" \/>\n<meta name=\"twitter:site\" content=\"@silk_canada\" \/>\n<script type=\"application\/ld+json\" class=\"yoast-schema-graph\">{\"@context\":\"https:\/\/schema.org\",\"@graph\":[{\"@type\":\"WebPage\",\"@id\":\"https:\/\/www.silkcanada.ca\/fr\/produits\/pour-cafe\/silk-pour-cafe-amande-vanille\/\",\"url\":\"https:\/\/www.silkcanada.ca\/fr\/produits\/pour-cafe\/silk-pour-cafe-amande-vanille\/\",\"name\":\"Cr\u00e8me \u00e0 caf\u00e9 Amande Vanille \u00e0 Base de Plante | Silk Canada\",\"isPartOf\":{\"@id\":\"https:\/\/www.silkcanada.ca\/fr\/#website\"},\"datePublished\":\"2021-11-25T12:57:22+00:00\",\"dateModified\":\"2025-05-08T15:58:31+00:00\",\"description\":\"Rehaussez votre tasse de caf\u00e9 avec notre boisson d'amande \u00e0 la vanille sans lactose, sans gluten et sans OGM. Votre caf\u00e9 ne sera jamais aussi bon.\",\"breadcrumb\":{\"@id\":\"https:\/\/www.silkcanada.ca\/fr\/produits\/pour-cafe\/silk-pour-cafe-amande-vanille\/#breadcrumb\"},\"inLanguage\":\"fr-CA\",\"potentialAction\":[{\"@type\":\"ReadAction\",\"target\":[\"https:\/\/www.silkcanada.ca\/fr\/produits\/pour-cafe\/silk-pour-cafe-amande-vanille\/\"]}]},{\"@type\":\"BreadcrumbList\",\"@id\":\"https:\/\/www.silkcanada.ca\/fr\/produits\/pour-cafe\/silk-pour-cafe-amande-vanille\/#breadcrumb\",\"itemListElement\":[{\"@type\":\"ListItem\",\"position\":1,\"name\":\"Products\",\"item\":\"https:\/\/www.silkcanada.ca\/products\/%productcategory%\/\"},{\"@type\":\"ListItem\",\"position\":2,\"name\":\"CR\u00c8ME \u00c0 CAF\u00c9 AMANDES VANILLE\"}]},{\"@type\":\"WebSite\",\"@id\":\"https:\/\/www.silkcanada.ca\/fr\/#website\",\"url\":\"https:\/\/www.silkcanada.ca\/fr\/\",\"name\":\"Silk\",\"description\":\"Delicious Silk Soy, Almond, Coconut and Cashew Products\",\"potentialAction\":[{\"@type\":\"SearchAction\",\"target\":{\"@type\":\"EntryPoint\",\"urlTemplate\":\"https:\/\/www.silkcanada.ca\/fr\/?s={search_term_string}\"},\"query-input\":\"required name=search_term_string\"}],\"inLanguage\":\"fr-CA\"}]}<\/script>\n<!-- \/ Yoast SEO plugin. -->","yoast_head_json":{"title":"Cr\u00e8me \u00e0 caf\u00e9 Amande Vanille \u00e0 Base de Plante | Silk Canada","description":"Rehaussez votre tasse de caf\u00e9 avec notre boisson d'amande \u00e0 la vanille sans lactose, sans gluten et sans OGM. Votre caf\u00e9 ne sera jamais aussi bon.","robots":{"index":"index","follow":"follow","max-snippet":"max-snippet:-1","max-image-preview":"max-image-preview:large","max-video-preview":"max-video-preview:-1"},"canonical":"https:\/\/www.silkcanada.ca\/fr\/produits\/pour-cafe\/silk-pour-cafe-amande-vanille\/","og_locale":"fr_CA","og_type":"article","og_title":"Cr\u00e8me \u00e0 caf\u00e9 Amande Vanille \u00e0 Base de Plante | Silk Canada","og_description":"Rehaussez votre tasse de caf\u00e9 avec notre boisson d'amande \u00e0 la vanille sans lactose, sans gluten et sans OGM. Votre caf\u00e9 ne sera jamais aussi bon.","og_url":"https:\/\/www.silkcanada.ca\/fr\/produits\/pour-cafe\/silk-pour-cafe-amande-vanille\/","og_site_name":"Silk","article_publisher":"https:\/\/www.facebook.com\/SilkCanada\/","article_modified_time":"2025-05-08T15:58:31+00:00","og_image":[{"width":1280,"height":853,"url":"https:\/\/www.silkcanada.ca\/wp-content\/uploads\/2020\/04\/23090925\/half-good-for-you.jpg","type":"image\/jpeg"}],"twitter_card":"summary_large_image","twitter_title":"Cr\u00e8me \u00e0 caf\u00e9 Amande Vanille \u00e0 Base de Plante | Silk Canada","twitter_description":"Rehaussez votre tasse de caf\u00e9 avec notre boisson d'amande \u00e0 la vanille sans lactose, sans gluten et sans OGM. Votre caf\u00e9 ne sera jamais aussi bon.","twitter_site":"@silk_canada","schema":{"@context":"https:\/\/schema.org","@graph":[{"@type":"WebPage","@id":"https:\/\/www.silkcanada.ca\/fr\/produits\/pour-cafe\/silk-pour-cafe-amande-vanille\/","url":"https:\/\/www.silkcanada.ca\/fr\/produits\/pour-cafe\/silk-pour-cafe-amande-vanille\/","name":"Cr\u00e8me \u00e0 caf\u00e9 Amande Vanille \u00e0 Base de Plante | Silk Canada","isPartOf":{"@id":"https:\/\/www.silkcanada.ca\/fr\/#website"},"datePublished":"2021-11-25T12:57:22+00:00","dateModified":"2025-05-08T15:58:31+00:00","description":"Rehaussez votre tasse de caf\u00e9 avec notre boisson d'amande \u00e0 la vanille sans lactose, sans gluten et sans OGM. Votre caf\u00e9 ne sera jamais aussi bon.","breadcrumb":{"@id":"https:\/\/www.silkcanada.ca\/fr\/produits\/pour-cafe\/silk-pour-cafe-amande-vanille\/#breadcrumb"},"inLanguage":"fr-CA","potentialAction":[{"@type":"ReadAction","target":["https:\/\/www.silkcanada.ca\/fr\/produits\/pour-cafe\/silk-pour-cafe-amande-vanille\/"]}]},{"@type":"BreadcrumbList","@id":"https:\/\/www.silkcanada.ca\/fr\/produits\/pour-cafe\/silk-pour-cafe-amande-vanille\/#breadcrumb","itemListElement":[{"@type":"ListItem","position":1,"name":"Products","item":"https:\/\/www.silkcanada.ca\/products\/%productcategory%\/"},{"@type":"ListItem","position":2,"name":"CR\u00c8ME \u00c0 CAF\u00c9 AMANDES VANILLE"}]},{"@type":"WebSite","@id":"https:\/\/www.silkcanada.ca\/fr\/#website","url":"https:\/\/www.silkcanada.ca\/fr\/","name":"Silk","description":"Delicious Silk Soy, Almond, Coconut and Cashew Products","potentialAction":[{"@type":"SearchAction","target":{"@type":"EntryPoint","urlTemplate":"https:\/\/www.silkcanada.ca\/fr\/?s={search_term_string}"},"query-input":"required name=search_term_string"}],"inLanguage":"fr-CA"}]}},"_links":{"self":[{"href":"https:\/\/www.silkcanada.ca\/fr\/wp-json\/wp\/v2\/product\/2407"}],"collection":[{"href":"https:\/\/www.silkcanada.ca\/fr\/wp-json\/wp\/v2\/product"}],"about":[{"href":"https:\/\/www.silkcanada.ca\/fr\/wp-json\/wp\/v2\/types\/product"}],"wp:attachment":[{"href":"https:\/\/www.silkcanada.ca\/fr\/wp-json\/wp\/v2\/media?parent=2407"}],"wp:term":[{"taxonomy":"productcategory","embeddable":true,"href":"https:\/\/www.silkcanada.ca\/fr\/wp-json\/wp\/v2\/productcategory?post=2407"},{"taxonomy":"productbase","embeddable":true,"href":"https:\/\/www.silkcanada.ca\/fr\/wp-json\/wp\/v2\/productbase?post=2407"}],"curies":[{"name":"wp","href":"https:\/\/api.w.org\/{rel}","templated":true}]}}