{"id":2423,"date":"2024-02-06T08:10:53","date_gmt":"2024-02-06T13:10:53","guid":{"rendered":"https:\/\/www.silkcanada.ca\/?post_type=product&#038;p=2423"},"modified":"2026-02-19T14:07:01","modified_gmt":"2026-02-19T19:07:01","slug":"substitut-de-yogourt-a-la-noix-de-coco-non-sucre","status":"publish","type":"product","link":"https:\/\/www.silkcanada.ca\/fr\/produits\/style-yogourt\/noix-de-coco-non-sucre\/","title":{"rendered":"Yogourt Nature Non-Sucr\u00e9 \u00e0 base de noix de coco"},"content":{"rendered":"","protected":false},"featured_media":0,"template":"","productcategory":[15],"productbase":[28],"acf":[],"yoast_head":"<!-- This site is optimized with the Yoast SEO plugin v22.1 - https:\/\/yoast.com\/wordpress\/plugins\/seo\/ -->\n<title>Style yogourt \u00e0 la noix de coco non sucr\u00e9 | Silk Canada<\/title>\n<meta name=\"description\" content=\"Ce style yogourt \u00e0 la noix de coco non sucr\u00e9 est absolument d\u00e9licieux. De plus, il ne contient pas de cholest\u00e9rol, de lactose ou de gluten.\" \/>\n<meta name=\"robots\" content=\"index, follow, max-snippet:-1, max-image-preview:large, max-video-preview:-1\" \/>\n<link rel=\"canonical\" href=\"https:\/\/www.silkcanada.ca\/fr\/produits\/style-yogourt\/noix-de-coco-non-sucre\/\" \/>\n<meta property=\"og:locale\" content=\"fr_CA\" \/>\n<meta property=\"og:type\" content=\"article\" \/>\n<meta property=\"og:title\" content=\"Style yogourt \u00e0 la noix de coco non sucr\u00e9 | Silk Canada\" \/>\n<meta property=\"og:description\" content=\"Ce style yogourt \u00e0 la noix de coco non sucr\u00e9 est absolument d\u00e9licieux. De plus, il ne contient pas de cholest\u00e9rol, de lactose ou de gluten.\" \/>\n<meta property=\"og:url\" content=\"https:\/\/www.silkcanada.ca\/fr\/produits\/style-yogourt\/noix-de-coco-non-sucre\/\" \/>\n<meta property=\"og:site_name\" content=\"Silk\" \/>\n<meta property=\"article:publisher\" content=\"https:\/\/www.facebook.com\/SilkCanada\/\" \/>\n<meta property=\"article:modified_time\" content=\"2026-02-19T19:07:01+00:00\" \/>\n<meta property=\"og:image\" content=\"https:\/\/www.silkcanada.ca\/wp-content\/uploads\/2020\/04\/23090925\/half-good-for-you.jpg\" \/>\n\t<meta property=\"og:image:width\" content=\"1280\" \/>\n\t<meta property=\"og:image:height\" content=\"853\" \/>\n\t<meta property=\"og:image:type\" content=\"image\/jpeg\" \/>\n<meta name=\"twitter:card\" content=\"summary_large_image\" \/>\n<meta name=\"twitter:site\" content=\"@silk_canada\" \/>\n<script type=\"application\/ld+json\" class=\"yoast-schema-graph\">{\"@context\":\"https:\/\/schema.org\",\"@graph\":[{\"@type\":\"WebPage\",\"@id\":\"https:\/\/www.silkcanada.ca\/fr\/produits\/style-yogourt\/noix-de-coco-non-sucre\/\",\"url\":\"https:\/\/www.silkcanada.ca\/fr\/produits\/style-yogourt\/noix-de-coco-non-sucre\/\",\"name\":\"Style yogourt \u00e0 la noix de coco non sucr\u00e9 | Silk Canada\",\"isPartOf\":{\"@id\":\"https:\/\/www.silkcanada.ca\/fr\/#website\"},\"datePublished\":\"2024-02-06T13:10:53+00:00\",\"dateModified\":\"2026-02-19T19:07:01+00:00\",\"description\":\"Ce style yogourt \u00e0 la noix de coco non sucr\u00e9 est absolument d\u00e9licieux. De plus, il ne contient pas de cholest\u00e9rol, de lactose ou de gluten.\",\"breadcrumb\":{\"@id\":\"https:\/\/www.silkcanada.ca\/fr\/produits\/style-yogourt\/noix-de-coco-non-sucre\/#breadcrumb\"},\"inLanguage\":\"fr-CA\",\"potentialAction\":[{\"@type\":\"ReadAction\",\"target\":[\"https:\/\/www.silkcanada.ca\/fr\/produits\/style-yogourt\/noix-de-coco-non-sucre\/\"]}]},{\"@type\":\"BreadcrumbList\",\"@id\":\"https:\/\/www.silkcanada.ca\/fr\/produits\/style-yogourt\/noix-de-coco-non-sucre\/#breadcrumb\",\"itemListElement\":[{\"@type\":\"ListItem\",\"position\":1,\"name\":\"Products\",\"item\":\"https:\/\/www.silkcanada.ca\/products\/%productcategory%\/\"},{\"@type\":\"ListItem\",\"position\":2,\"name\":\"Yogourt Nature Non-Sucr\u00e9 \u00e0 base de noix de coco\"}]},{\"@type\":\"WebSite\",\"@id\":\"https:\/\/www.silkcanada.ca\/fr\/#website\",\"url\":\"https:\/\/www.silkcanada.ca\/fr\/\",\"name\":\"Silk\",\"description\":\"Delicious Silk Soy, Almond, Coconut and Cashew Products\",\"potentialAction\":[{\"@type\":\"SearchAction\",\"target\":{\"@type\":\"EntryPoint\",\"urlTemplate\":\"https:\/\/www.silkcanada.ca\/fr\/?s={search_term_string}\"},\"query-input\":\"required name=search_term_string\"}],\"inLanguage\":\"fr-CA\"}]}<\/script>\n<!-- \/ Yoast SEO plugin. -->","yoast_head_json":{"title":"Style yogourt \u00e0 la noix de coco non sucr\u00e9 | Silk Canada","description":"Ce style yogourt \u00e0 la noix de coco non sucr\u00e9 est absolument d\u00e9licieux. De plus, il ne contient pas de cholest\u00e9rol, de lactose ou de gluten.","robots":{"index":"index","follow":"follow","max-snippet":"max-snippet:-1","max-image-preview":"max-image-preview:large","max-video-preview":"max-video-preview:-1"},"canonical":"https:\/\/www.silkcanada.ca\/fr\/produits\/style-yogourt\/noix-de-coco-non-sucre\/","og_locale":"fr_CA","og_type":"article","og_title":"Style yogourt \u00e0 la noix de coco non sucr\u00e9 | Silk Canada","og_description":"Ce style yogourt \u00e0 la noix de coco non sucr\u00e9 est absolument d\u00e9licieux. De plus, il ne contient pas de cholest\u00e9rol, de lactose ou de gluten.","og_url":"https:\/\/www.silkcanada.ca\/fr\/produits\/style-yogourt\/noix-de-coco-non-sucre\/","og_site_name":"Silk","article_publisher":"https:\/\/www.facebook.com\/SilkCanada\/","article_modified_time":"2026-02-19T19:07:01+00:00","og_image":[{"width":1280,"height":853,"url":"https:\/\/www.silkcanada.ca\/wp-content\/uploads\/2020\/04\/23090925\/half-good-for-you.jpg","type":"image\/jpeg"}],"twitter_card":"summary_large_image","twitter_site":"@silk_canada","schema":{"@context":"https:\/\/schema.org","@graph":[{"@type":"WebPage","@id":"https:\/\/www.silkcanada.ca\/fr\/produits\/style-yogourt\/noix-de-coco-non-sucre\/","url":"https:\/\/www.silkcanada.ca\/fr\/produits\/style-yogourt\/noix-de-coco-non-sucre\/","name":"Style yogourt \u00e0 la noix de coco non sucr\u00e9 | Silk Canada","isPartOf":{"@id":"https:\/\/www.silkcanada.ca\/fr\/#website"},"datePublished":"2024-02-06T13:10:53+00:00","dateModified":"2026-02-19T19:07:01+00:00","description":"Ce style yogourt \u00e0 la noix de coco non sucr\u00e9 est absolument d\u00e9licieux. De plus, il ne contient pas de cholest\u00e9rol, de lactose ou de gluten.","breadcrumb":{"@id":"https:\/\/www.silkcanada.ca\/fr\/produits\/style-yogourt\/noix-de-coco-non-sucre\/#breadcrumb"},"inLanguage":"fr-CA","potentialAction":[{"@type":"ReadAction","target":["https:\/\/www.silkcanada.ca\/fr\/produits\/style-yogourt\/noix-de-coco-non-sucre\/"]}]},{"@type":"BreadcrumbList","@id":"https:\/\/www.silkcanada.ca\/fr\/produits\/style-yogourt\/noix-de-coco-non-sucre\/#breadcrumb","itemListElement":[{"@type":"ListItem","position":1,"name":"Products","item":"https:\/\/www.silkcanada.ca\/products\/%productcategory%\/"},{"@type":"ListItem","position":2,"name":"Yogourt Nature Non-Sucr\u00e9 \u00e0 base de noix de coco"}]},{"@type":"WebSite","@id":"https:\/\/www.silkcanada.ca\/fr\/#website","url":"https:\/\/www.silkcanada.ca\/fr\/","name":"Silk","description":"Delicious Silk Soy, Almond, Coconut and Cashew Products","potentialAction":[{"@type":"SearchAction","target":{"@type":"EntryPoint","urlTemplate":"https:\/\/www.silkcanada.ca\/fr\/?s={search_term_string}"},"query-input":"required name=search_term_string"}],"inLanguage":"fr-CA"}]}},"_links":{"self":[{"href":"https:\/\/www.silkcanada.ca\/fr\/wp-json\/wp\/v2\/product\/2423"}],"collection":[{"href":"https:\/\/www.silkcanada.ca\/fr\/wp-json\/wp\/v2\/product"}],"about":[{"href":"https:\/\/www.silkcanada.ca\/fr\/wp-json\/wp\/v2\/types\/product"}],"wp:attachment":[{"href":"https:\/\/www.silkcanada.ca\/fr\/wp-json\/wp\/v2\/media?parent=2423"}],"wp:term":[{"taxonomy":"productcategory","embeddable":true,"href":"https:\/\/www.silkcanada.ca\/fr\/wp-json\/wp\/v2\/productcategory?post=2423"},{"taxonomy":"productbase","embeddable":true,"href":"https:\/\/www.silkcanada.ca\/fr\/wp-json\/wp\/v2\/productbase?post=2423"}],"curies":[{"name":"wp","href":"https:\/\/api.w.org\/{rel}","templated":true}]}}