{"id":4172,"date":"2021-02-08T11:02:07","date_gmt":"2021-02-08T16:02:07","guid":{"rendered":"https:\/\/www.silkcanada.ca\/?post_type=product&#038;p=4172"},"modified":"2026-02-19T14:27:52","modified_gmt":"2026-02-19T19:27:52","slug":"barista-aux-amandes","status":"publish","type":"product","link":"https:\/\/www.silkcanada.ca\/fr\/produits\/barista\/barista-aux-amandes\/","title":{"rendered":"Barista aux amandes"},"content":{"rendered":"","protected":false},"featured_media":0,"template":"","productcategory":[108],"productbase":[25],"acf":[],"yoast_head":"<!-- This site is optimized with the Yoast SEO plugin v22.1 - https:\/\/yoast.com\/wordpress\/plugins\/seo\/ -->\n<title>Silk Barista aux amandes | Am\u00e9liorer votre caf\u00e9 barista \u00e0 la maison<\/title>\n<meta name=\"description\" content=\"D\u00e9couvrez le Silk Barista, parfait mont\u00e9 en mousse ou simplement vers\u00e9 dans votre caf\u00e9. Profitez d\u2019un caf\u00e9 exceptionnel gr\u00e2ce \u00e0 notre boisson aux amandes.\" \/>\n<meta name=\"robots\" content=\"index, follow, max-snippet:-1, max-image-preview:large, max-video-preview:-1\" \/>\n<link rel=\"canonical\" href=\"https:\/\/www.silkcanada.ca\/fr\/produits\/barista\/barista-aux-amandes\/\" \/>\n<meta property=\"og:locale\" content=\"fr_CA\" \/>\n<meta property=\"og:type\" content=\"article\" \/>\n<meta property=\"og:title\" content=\"Silk Barista aux amandes | Am\u00e9liorer votre caf\u00e9 barista \u00e0 la maison\" \/>\n<meta property=\"og:description\" content=\"D\u00e9couvrez le Silk Barista, parfait mont\u00e9 en mousse ou simplement vers\u00e9 dans votre caf\u00e9. Profitez d\u2019un caf\u00e9 exceptionnel gr\u00e2ce \u00e0 notre boisson aux amandes.\" \/>\n<meta property=\"og:url\" content=\"https:\/\/www.silkcanada.ca\/fr\/produits\/barista\/barista-aux-amandes\/\" \/>\n<meta property=\"og:site_name\" content=\"Silk\" \/>\n<meta property=\"article:publisher\" content=\"https:\/\/www.facebook.com\/SilkCanada\/\" \/>\n<meta property=\"article:modified_time\" content=\"2026-02-19T19:27:52+00:00\" \/>\n<meta property=\"og:image\" content=\"https:\/\/www.silkcanada.ca\/wp-content\/uploads\/2020\/04\/23090925\/half-good-for-you.jpg\" \/>\n\t<meta property=\"og:image:width\" content=\"1280\" \/>\n\t<meta property=\"og:image:height\" content=\"853\" \/>\n\t<meta property=\"og:image:type\" content=\"image\/jpeg\" \/>\n<meta name=\"twitter:card\" content=\"summary_large_image\" \/>\n<meta name=\"twitter:title\" content=\"Silk Barista aux amandes | Am\u00e9liorer votre caf\u00e9 barista \u00e0 la maison\" \/>\n<meta name=\"twitter:description\" content=\"D\u00e9couvrez le Silk Barista, parfait mont\u00e9 en mousse ou simplement vers\u00e9 dans votre caf\u00e9. Profitez d\u2019un caf\u00e9 exceptionnel gr\u00e2ce \u00e0 notre boisson aux amandes.\" \/>\n<meta name=\"twitter:site\" content=\"@silk_canada\" \/>\n<script type=\"application\/ld+json\" class=\"yoast-schema-graph\">{\"@context\":\"https:\/\/schema.org\",\"@graph\":[{\"@type\":\"WebPage\",\"@id\":\"https:\/\/www.silkcanada.ca\/fr\/produits\/barista\/barista-aux-amandes\/\",\"url\":\"https:\/\/www.silkcanada.ca\/fr\/produits\/barista\/barista-aux-amandes\/\",\"name\":\"Silk Barista aux amandes | Am\u00e9liorer votre caf\u00e9 barista \u00e0 la maison\",\"isPartOf\":{\"@id\":\"https:\/\/www.silkcanada.ca\/fr\/#website\"},\"datePublished\":\"2021-02-08T16:02:07+00:00\",\"dateModified\":\"2026-02-19T19:27:52+00:00\",\"description\":\"D\u00e9couvrez le Silk Barista, parfait mont\u00e9 en mousse ou simplement vers\u00e9 dans votre caf\u00e9. Profitez d\u2019un caf\u00e9 exceptionnel gr\u00e2ce \u00e0 notre boisson aux amandes.\",\"breadcrumb\":{\"@id\":\"https:\/\/www.silkcanada.ca\/fr\/produits\/barista\/barista-aux-amandes\/#breadcrumb\"},\"inLanguage\":\"fr-CA\",\"potentialAction\":[{\"@type\":\"ReadAction\",\"target\":[\"https:\/\/www.silkcanada.ca\/fr\/produits\/barista\/barista-aux-amandes\/\"]}]},{\"@type\":\"BreadcrumbList\",\"@id\":\"https:\/\/www.silkcanada.ca\/fr\/produits\/barista\/barista-aux-amandes\/#breadcrumb\",\"itemListElement\":[{\"@type\":\"ListItem\",\"position\":1,\"name\":\"Products\",\"item\":\"https:\/\/www.silkcanada.ca\/products\/%productcategory%\/\"},{\"@type\":\"ListItem\",\"position\":2,\"name\":\"Barista aux amandes\"}]},{\"@type\":\"WebSite\",\"@id\":\"https:\/\/www.silkcanada.ca\/fr\/#website\",\"url\":\"https:\/\/www.silkcanada.ca\/fr\/\",\"name\":\"Silk\",\"description\":\"Delicious Silk Soy, Almond, Coconut and Cashew Products\",\"potentialAction\":[{\"@type\":\"SearchAction\",\"target\":{\"@type\":\"EntryPoint\",\"urlTemplate\":\"https:\/\/www.silkcanada.ca\/fr\/?s={search_term_string}\"},\"query-input\":\"required name=search_term_string\"}],\"inLanguage\":\"fr-CA\"}]}<\/script>\n<!-- \/ Yoast SEO plugin. -->","yoast_head_json":{"title":"Silk Barista aux amandes | Am\u00e9liorer votre caf\u00e9 barista \u00e0 la maison","description":"D\u00e9couvrez le Silk Barista, parfait mont\u00e9 en mousse ou simplement vers\u00e9 dans votre caf\u00e9. Profitez d\u2019un caf\u00e9 exceptionnel gr\u00e2ce \u00e0 notre boisson aux amandes.","robots":{"index":"index","follow":"follow","max-snippet":"max-snippet:-1","max-image-preview":"max-image-preview:large","max-video-preview":"max-video-preview:-1"},"canonical":"https:\/\/www.silkcanada.ca\/fr\/produits\/barista\/barista-aux-amandes\/","og_locale":"fr_CA","og_type":"article","og_title":"Silk Barista aux amandes | Am\u00e9liorer votre caf\u00e9 barista \u00e0 la maison","og_description":"D\u00e9couvrez le Silk Barista, parfait mont\u00e9 en mousse ou simplement vers\u00e9 dans votre caf\u00e9. Profitez d\u2019un caf\u00e9 exceptionnel gr\u00e2ce \u00e0 notre boisson aux amandes.","og_url":"https:\/\/www.silkcanada.ca\/fr\/produits\/barista\/barista-aux-amandes\/","og_site_name":"Silk","article_publisher":"https:\/\/www.facebook.com\/SilkCanada\/","article_modified_time":"2026-02-19T19:27:52+00:00","og_image":[{"width":1280,"height":853,"url":"https:\/\/www.silkcanada.ca\/wp-content\/uploads\/2020\/04\/23090925\/half-good-for-you.jpg","type":"image\/jpeg"}],"twitter_card":"summary_large_image","twitter_title":"Silk Barista aux amandes | Am\u00e9liorer votre caf\u00e9 barista \u00e0 la maison","twitter_description":"D\u00e9couvrez le Silk Barista, parfait mont\u00e9 en mousse ou simplement vers\u00e9 dans votre caf\u00e9. Profitez d\u2019un caf\u00e9 exceptionnel gr\u00e2ce \u00e0 notre boisson aux amandes.","twitter_site":"@silk_canada","schema":{"@context":"https:\/\/schema.org","@graph":[{"@type":"WebPage","@id":"https:\/\/www.silkcanada.ca\/fr\/produits\/barista\/barista-aux-amandes\/","url":"https:\/\/www.silkcanada.ca\/fr\/produits\/barista\/barista-aux-amandes\/","name":"Silk Barista aux amandes | Am\u00e9liorer votre caf\u00e9 barista \u00e0 la maison","isPartOf":{"@id":"https:\/\/www.silkcanada.ca\/fr\/#website"},"datePublished":"2021-02-08T16:02:07+00:00","dateModified":"2026-02-19T19:27:52+00:00","description":"D\u00e9couvrez le Silk Barista, parfait mont\u00e9 en mousse ou simplement vers\u00e9 dans votre caf\u00e9. Profitez d\u2019un caf\u00e9 exceptionnel gr\u00e2ce \u00e0 notre boisson aux amandes.","breadcrumb":{"@id":"https:\/\/www.silkcanada.ca\/fr\/produits\/barista\/barista-aux-amandes\/#breadcrumb"},"inLanguage":"fr-CA","potentialAction":[{"@type":"ReadAction","target":["https:\/\/www.silkcanada.ca\/fr\/produits\/barista\/barista-aux-amandes\/"]}]},{"@type":"BreadcrumbList","@id":"https:\/\/www.silkcanada.ca\/fr\/produits\/barista\/barista-aux-amandes\/#breadcrumb","itemListElement":[{"@type":"ListItem","position":1,"name":"Products","item":"https:\/\/www.silkcanada.ca\/products\/%productcategory%\/"},{"@type":"ListItem","position":2,"name":"Barista aux amandes"}]},{"@type":"WebSite","@id":"https:\/\/www.silkcanada.ca\/fr\/#website","url":"https:\/\/www.silkcanada.ca\/fr\/","name":"Silk","description":"Delicious Silk Soy, Almond, Coconut and Cashew Products","potentialAction":[{"@type":"SearchAction","target":{"@type":"EntryPoint","urlTemplate":"https:\/\/www.silkcanada.ca\/fr\/?s={search_term_string}"},"query-input":"required name=search_term_string"}],"inLanguage":"fr-CA"}]}},"_links":{"self":[{"href":"https:\/\/www.silkcanada.ca\/fr\/wp-json\/wp\/v2\/product\/4172"}],"collection":[{"href":"https:\/\/www.silkcanada.ca\/fr\/wp-json\/wp\/v2\/product"}],"about":[{"href":"https:\/\/www.silkcanada.ca\/fr\/wp-json\/wp\/v2\/types\/product"}],"wp:attachment":[{"href":"https:\/\/www.silkcanada.ca\/fr\/wp-json\/wp\/v2\/media?parent=4172"}],"wp:term":[{"taxonomy":"productcategory","embeddable":true,"href":"https:\/\/www.silkcanada.ca\/fr\/wp-json\/wp\/v2\/productcategory?post=4172"},{"taxonomy":"productbase","embeddable":true,"href":"https:\/\/www.silkcanada.ca\/fr\/wp-json\/wp\/v2\/productbase?post=4172"}],"curies":[{"name":"wp","href":"https:\/\/api.w.org\/{rel}","templated":true}]}}