{"id":4181,"date":"2021-11-01T11:11:44","date_gmt":"2021-11-01T15:11:44","guid":{"rendered":"https:\/\/www.silkcanada.ca\/?post_type=product&#038;p=4181"},"modified":"2026-02-19T14:03:30","modified_gmt":"2026-02-19T19:03:30","slug":"avoine-originale-non-sucree-longue-conservation","status":"publish","type":"product","link":"https:\/\/www.silkcanada.ca\/fr\/produits\/boisson-vegetale\/avoine-originale-non-sucree-longue-conservation\/","title":{"rendered":"AVOINE ORIGINALE NON SUCR\u00c9E (LONGUE CONSERVATION)"},"content":{"rendered":"","protected":false},"featured_media":0,"template":"","productcategory":[13],"productbase":[29],"acf":[],"yoast_head":"<!-- This site is optimized with the Yoast SEO plugin v22.1 - https:\/\/yoast.com\/wordpress\/plugins\/seo\/ -->\n<title>Lait d\u2019avoine original non sucr\u00e9 longue conservation | Silk Canada<\/title>\n<meta name=\"description\" content=\"Une boisson \u00e0 l\u2019avoine au go\u00fbt incomparable? Avec 0g de sucre par portion! Oui, \u00e0 0 g de sucre, notre boisson \u00e0 l\u2019avoine poss\u00e8de quand m\u00eame un go\u00fbt et une texture cr\u00e9meuse avec l&#039;avoine cultiv\u00e9e au Canada sans gluten!Ton d\u00e9jeuner va te remercier! Ajoutes une touche cr\u00e9meuse \u00e0 ton caf\u00e9, verses le sur tes c\u00e9r\u00e9ales ou bois-le directement au verre.\" \/>\n<meta name=\"robots\" content=\"index, follow, max-snippet:-1, max-image-preview:large, max-video-preview:-1\" \/>\n<link rel=\"canonical\" href=\"https:\/\/www.silkcanada.ca\/fr\/produits\/boisson-vegetale\/avoine-originale-non-sucree-longue-conservation\/\" \/>\n<meta property=\"og:locale\" content=\"fr_CA\" \/>\n<meta property=\"og:type\" content=\"article\" \/>\n<meta property=\"og:title\" content=\"Lait d\u2019avoine original non sucr\u00e9 longue conservation | Silk Canada\" \/>\n<meta property=\"og:description\" content=\"Une boisson \u00e0 l\u2019avoine au go\u00fbt incomparable? Avec 0g de sucre par portion! Oui, \u00e0 0 g de sucre, notre boisson \u00e0 l\u2019avoine poss\u00e8de quand m\u00eame un go\u00fbt et une texture cr\u00e9meuse avec l&#039;avoine cultiv\u00e9e au Canada sans gluten!Ton d\u00e9jeuner va te remercier! Ajoutes une touche cr\u00e9meuse \u00e0 ton caf\u00e9, verses le sur tes c\u00e9r\u00e9ales ou bois-le directement au verre.\" \/>\n<meta property=\"og:url\" content=\"https:\/\/www.silkcanada.ca\/fr\/produits\/boisson-vegetale\/avoine-originale-non-sucree-longue-conservation\/\" \/>\n<meta property=\"og:site_name\" content=\"Silk\" \/>\n<meta property=\"article:publisher\" content=\"https:\/\/www.facebook.com\/SilkCanada\/\" \/>\n<meta property=\"article:modified_time\" content=\"2026-02-19T19:03:30+00:00\" \/>\n<meta property=\"og:image\" content=\"https:\/\/www.silkcanada.ca\/wp-content\/uploads\/2020\/04\/23090925\/half-good-for-you.jpg\" \/>\n\t<meta property=\"og:image:width\" content=\"1280\" \/>\n\t<meta property=\"og:image:height\" content=\"853\" \/>\n\t<meta property=\"og:image:type\" content=\"image\/jpeg\" \/>\n<meta name=\"twitter:card\" content=\"summary_large_image\" \/>\n<meta name=\"twitter:title\" content=\"Lait d\u2019avoine original non sucr\u00e9 longue conservation | Silk Canada\" \/>\n<meta name=\"twitter:description\" content=\"Une boisson \u00e0 l\u2019avoine au go\u00fbt incomparable? Avec 0g de sucre par portion! Oui, \u00e0 0 g de sucre, notre boisson \u00e0 l\u2019avoine poss\u00e8de quand m\u00eame un go\u00fbt et une texture cr\u00e9meuse avec l&#039;avoine cultiv\u00e9e au Canada sans gluten!Ton d\u00e9jeuner va te remercier! Ajoutes une touche cr\u00e9meuse \u00e0 ton caf\u00e9, verses le sur tes c\u00e9r\u00e9ales ou bois-le directement au verre.\" \/>\n<meta name=\"twitter:site\" content=\"@silk_canada\" \/>\n<script type=\"application\/ld+json\" class=\"yoast-schema-graph\">{\"@context\":\"https:\/\/schema.org\",\"@graph\":[{\"@type\":\"WebPage\",\"@id\":\"https:\/\/www.silkcanada.ca\/fr\/produits\/boisson-vegetale\/avoine-originale-non-sucree-longue-conservation\/\",\"url\":\"https:\/\/www.silkcanada.ca\/fr\/produits\/boisson-vegetale\/avoine-originale-non-sucree-longue-conservation\/\",\"name\":\"Lait d\u2019avoine original non sucr\u00e9 longue conservation | Silk Canada\",\"isPartOf\":{\"@id\":\"https:\/\/www.silkcanada.ca\/fr\/#website\"},\"datePublished\":\"2021-11-01T15:11:44+00:00\",\"dateModified\":\"2026-02-19T19:03:30+00:00\",\"description\":\"Une boisson \u00e0 l\u2019avoine au go\u00fbt incomparable? Avec 0g de sucre par portion! Oui, \u00e0 0 g de sucre, notre boisson \u00e0 l\u2019avoine poss\u00e8de quand m\u00eame un go\u00fbt et une texture cr\u00e9meuse avec l'avoine cultiv\u00e9e au Canada sans gluten!Ton d\u00e9jeuner va te remercier! Ajoutes une touche cr\u00e9meuse \u00e0 ton caf\u00e9, verses le sur tes c\u00e9r\u00e9ales ou bois-le directement au verre.\",\"breadcrumb\":{\"@id\":\"https:\/\/www.silkcanada.ca\/fr\/produits\/boisson-vegetale\/avoine-originale-non-sucree-longue-conservation\/#breadcrumb\"},\"inLanguage\":\"fr-CA\",\"potentialAction\":[{\"@type\":\"ReadAction\",\"target\":[\"https:\/\/www.silkcanada.ca\/fr\/produits\/boisson-vegetale\/avoine-originale-non-sucree-longue-conservation\/\"]}]},{\"@type\":\"BreadcrumbList\",\"@id\":\"https:\/\/www.silkcanada.ca\/fr\/produits\/boisson-vegetale\/avoine-originale-non-sucree-longue-conservation\/#breadcrumb\",\"itemListElement\":[{\"@type\":\"ListItem\",\"position\":1,\"name\":\"Products\",\"item\":\"https:\/\/www.silkcanada.ca\/products\/%productcategory%\/\"},{\"@type\":\"ListItem\",\"position\":2,\"name\":\"AVOINE ORIGINALE NON SUCR\u00c9E (LONGUE CONSERVATION)\"}]},{\"@type\":\"WebSite\",\"@id\":\"https:\/\/www.silkcanada.ca\/fr\/#website\",\"url\":\"https:\/\/www.silkcanada.ca\/fr\/\",\"name\":\"Silk\",\"description\":\"Delicious Silk Soy, Almond, Coconut and Cashew Products\",\"potentialAction\":[{\"@type\":\"SearchAction\",\"target\":{\"@type\":\"EntryPoint\",\"urlTemplate\":\"https:\/\/www.silkcanada.ca\/fr\/?s={search_term_string}\"},\"query-input\":\"required name=search_term_string\"}],\"inLanguage\":\"fr-CA\"}]}<\/script>\n<!-- \/ Yoast SEO plugin. -->","yoast_head_json":{"title":"Lait d\u2019avoine original non sucr\u00e9 longue conservation | Silk Canada","description":"Une boisson \u00e0 l\u2019avoine au go\u00fbt incomparable? Avec 0g de sucre par portion! Oui, \u00e0 0 g de sucre, notre boisson \u00e0 l\u2019avoine poss\u00e8de quand m\u00eame un go\u00fbt et une texture cr\u00e9meuse avec l'avoine cultiv\u00e9e au Canada sans gluten!Ton d\u00e9jeuner va te remercier! Ajoutes une touche cr\u00e9meuse \u00e0 ton caf\u00e9, verses le sur tes c\u00e9r\u00e9ales ou bois-le directement au verre.","robots":{"index":"index","follow":"follow","max-snippet":"max-snippet:-1","max-image-preview":"max-image-preview:large","max-video-preview":"max-video-preview:-1"},"canonical":"https:\/\/www.silkcanada.ca\/fr\/produits\/boisson-vegetale\/avoine-originale-non-sucree-longue-conservation\/","og_locale":"fr_CA","og_type":"article","og_title":"Lait d\u2019avoine original non sucr\u00e9 longue conservation | Silk Canada","og_description":"Une boisson \u00e0 l\u2019avoine au go\u00fbt incomparable? Avec 0g de sucre par portion! Oui, \u00e0 0 g de sucre, notre boisson \u00e0 l\u2019avoine poss\u00e8de quand m\u00eame un go\u00fbt et une texture cr\u00e9meuse avec l'avoine cultiv\u00e9e au Canada sans gluten!Ton d\u00e9jeuner va te remercier! Ajoutes une touche cr\u00e9meuse \u00e0 ton caf\u00e9, verses le sur tes c\u00e9r\u00e9ales ou bois-le directement au verre.","og_url":"https:\/\/www.silkcanada.ca\/fr\/produits\/boisson-vegetale\/avoine-originale-non-sucree-longue-conservation\/","og_site_name":"Silk","article_publisher":"https:\/\/www.facebook.com\/SilkCanada\/","article_modified_time":"2026-02-19T19:03:30+00:00","og_image":[{"width":1280,"height":853,"url":"https:\/\/www.silkcanada.ca\/wp-content\/uploads\/2020\/04\/23090925\/half-good-for-you.jpg","type":"image\/jpeg"}],"twitter_card":"summary_large_image","twitter_title":"Lait d\u2019avoine original non sucr\u00e9 longue conservation | Silk Canada","twitter_description":"Une boisson \u00e0 l\u2019avoine au go\u00fbt incomparable? Avec 0g de sucre par portion! Oui, \u00e0 0 g de sucre, notre boisson \u00e0 l\u2019avoine poss\u00e8de quand m\u00eame un go\u00fbt et une texture cr\u00e9meuse avec l'avoine cultiv\u00e9e au Canada sans gluten!Ton d\u00e9jeuner va te remercier! Ajoutes une touche cr\u00e9meuse \u00e0 ton caf\u00e9, verses le sur tes c\u00e9r\u00e9ales ou bois-le directement au verre.","twitter_site":"@silk_canada","schema":{"@context":"https:\/\/schema.org","@graph":[{"@type":"WebPage","@id":"https:\/\/www.silkcanada.ca\/fr\/produits\/boisson-vegetale\/avoine-originale-non-sucree-longue-conservation\/","url":"https:\/\/www.silkcanada.ca\/fr\/produits\/boisson-vegetale\/avoine-originale-non-sucree-longue-conservation\/","name":"Lait d\u2019avoine original non sucr\u00e9 longue conservation | Silk Canada","isPartOf":{"@id":"https:\/\/www.silkcanada.ca\/fr\/#website"},"datePublished":"2021-11-01T15:11:44+00:00","dateModified":"2026-02-19T19:03:30+00:00","description":"Une boisson \u00e0 l\u2019avoine au go\u00fbt incomparable? Avec 0g de sucre par portion! Oui, \u00e0 0 g de sucre, notre boisson \u00e0 l\u2019avoine poss\u00e8de quand m\u00eame un go\u00fbt et une texture cr\u00e9meuse avec l'avoine cultiv\u00e9e au Canada sans gluten!Ton d\u00e9jeuner va te remercier! Ajoutes une touche cr\u00e9meuse \u00e0 ton caf\u00e9, verses le sur tes c\u00e9r\u00e9ales ou bois-le directement au verre.","breadcrumb":{"@id":"https:\/\/www.silkcanada.ca\/fr\/produits\/boisson-vegetale\/avoine-originale-non-sucree-longue-conservation\/#breadcrumb"},"inLanguage":"fr-CA","potentialAction":[{"@type":"ReadAction","target":["https:\/\/www.silkcanada.ca\/fr\/produits\/boisson-vegetale\/avoine-originale-non-sucree-longue-conservation\/"]}]},{"@type":"BreadcrumbList","@id":"https:\/\/www.silkcanada.ca\/fr\/produits\/boisson-vegetale\/avoine-originale-non-sucree-longue-conservation\/#breadcrumb","itemListElement":[{"@type":"ListItem","position":1,"name":"Products","item":"https:\/\/www.silkcanada.ca\/products\/%productcategory%\/"},{"@type":"ListItem","position":2,"name":"AVOINE ORIGINALE NON SUCR\u00c9E (LONGUE CONSERVATION)"}]},{"@type":"WebSite","@id":"https:\/\/www.silkcanada.ca\/fr\/#website","url":"https:\/\/www.silkcanada.ca\/fr\/","name":"Silk","description":"Delicious Silk Soy, Almond, Coconut and Cashew Products","potentialAction":[{"@type":"SearchAction","target":{"@type":"EntryPoint","urlTemplate":"https:\/\/www.silkcanada.ca\/fr\/?s={search_term_string}"},"query-input":"required name=search_term_string"}],"inLanguage":"fr-CA"}]}},"_links":{"self":[{"href":"https:\/\/www.silkcanada.ca\/fr\/wp-json\/wp\/v2\/product\/4181"}],"collection":[{"href":"https:\/\/www.silkcanada.ca\/fr\/wp-json\/wp\/v2\/product"}],"about":[{"href":"https:\/\/www.silkcanada.ca\/fr\/wp-json\/wp\/v2\/types\/product"}],"wp:attachment":[{"href":"https:\/\/www.silkcanada.ca\/fr\/wp-json\/wp\/v2\/media?parent=4181"}],"wp:term":[{"taxonomy":"productcategory","embeddable":true,"href":"https:\/\/www.silkcanada.ca\/fr\/wp-json\/wp\/v2\/productcategory?post=4181"},{"taxonomy":"productbase","embeddable":true,"href":"https:\/\/www.silkcanada.ca\/fr\/wp-json\/wp\/v2\/productbase?post=4181"}],"curies":[{"name":"wp","href":"https:\/\/api.w.org\/{rel}","templated":true}]}}