{"id":4184,"date":"2021-02-08T12:14:26","date_gmt":"2021-02-08T17:14:26","guid":{"rendered":"https:\/\/www.silkcanada.ca\/?post_type=product&#038;p=4184"},"modified":"2026-02-19T14:02:50","modified_gmt":"2026-02-19T19:02:50","slug":"avoine-vanille-non-sucree-longue-conservation","status":"publish","type":"product","link":"https:\/\/www.silkcanada.ca\/fr\/produits\/produits-boisson-vegetale\/avoine-vanille-non-sucree-longue-conservation\/","title":{"rendered":"AVOINE VANILLE NON SUCR\u00c9E (LONGUE CONSERVATION)"},"content":{"rendered":"","protected":false},"featured_media":0,"template":"","productcategory":[13],"productbase":[29],"acf":[],"yoast_head":"<!-- This site is optimized with the Yoast SEO plugin v22.1 - https:\/\/yoast.com\/wordpress\/plugins\/seo\/ -->\n<title>Lait d\u2019avoine saveur vanille non sucr\u00e9 longue conservation | Silk Canada<\/title>\n<meta name=\"description\" content=\"Envie d&#039;avoine au go\u00fbt cr\u00e9meux et d&#039;un soup\u00e7on de saveur de vanille? Oui, \u00e0 0 g de sucre par potion, notre boisson \u00e0 l\u2019avoine vanille poss\u00e8de quand m\u00eame un go\u00fbt et une texture cr\u00e9meuse avec l&#039;avoine cultiv\u00e9e au Canada sans gluten!Tu r\u00eaves d\u2019un d\u00e9jeuner nutritif et savoureux? Nous avons la recette! Irr\u00e9sistiblement cr\u00e9meux et 0 g de sucre par portion, ajoutes-le \u00e0 ton smoothie, \u00e0 ton gruau et \u00e0 ton (tr\u00e8s chic) bol d\u00e9jeuner.\" \/>\n<meta name=\"robots\" content=\"index, follow, max-snippet:-1, max-image-preview:large, max-video-preview:-1\" \/>\n<link rel=\"canonical\" href=\"https:\/\/www.silkcanada.ca\/fr\/produits\/produits-boisson-vegetale\/avoine-vanille-non-sucree-longue-conservation\/\" \/>\n<meta property=\"og:locale\" content=\"fr_CA\" \/>\n<meta property=\"og:type\" content=\"article\" \/>\n<meta property=\"og:title\" content=\"Lait d\u2019avoine saveur vanille non sucr\u00e9 longue conservation | Silk Canada\" \/>\n<meta property=\"og:description\" content=\"Envie d&#039;avoine au go\u00fbt cr\u00e9meux et d&#039;un soup\u00e7on de saveur de vanille? Oui, \u00e0 0 g de sucre par potion, notre boisson \u00e0 l\u2019avoine vanille poss\u00e8de quand m\u00eame un go\u00fbt et une texture cr\u00e9meuse avec l&#039;avoine cultiv\u00e9e au Canada sans gluten!Tu r\u00eaves d\u2019un d\u00e9jeuner nutritif et savoureux? Nous avons la recette! Irr\u00e9sistiblement cr\u00e9meux et 0 g de sucre par portion, ajoutes-le \u00e0 ton smoothie, \u00e0 ton gruau et \u00e0 ton (tr\u00e8s chic) bol d\u00e9jeuner.\" \/>\n<meta property=\"og:url\" content=\"https:\/\/www.silkcanada.ca\/fr\/produits\/produits-boisson-vegetale\/avoine-vanille-non-sucree-longue-conservation\/\" \/>\n<meta property=\"og:site_name\" content=\"Silk\" \/>\n<meta property=\"article:publisher\" content=\"https:\/\/www.facebook.com\/SilkCanada\/\" \/>\n<meta property=\"article:modified_time\" content=\"2026-02-19T19:02:50+00:00\" \/>\n<meta property=\"og:image\" content=\"https:\/\/www.silkcanada.ca\/wp-content\/uploads\/2020\/04\/23090925\/half-good-for-you.jpg\" \/>\n\t<meta property=\"og:image:width\" content=\"1280\" \/>\n\t<meta property=\"og:image:height\" content=\"853\" \/>\n\t<meta property=\"og:image:type\" content=\"image\/jpeg\" \/>\n<meta name=\"twitter:card\" content=\"summary_large_image\" \/>\n<meta name=\"twitter:title\" content=\"Lait d\u2019avoine saveur vanille non sucr\u00e9 longue conservation | Silk Canada\" \/>\n<meta name=\"twitter:description\" content=\"Envie d&#039;avoine au go\u00fbt cr\u00e9meux et d&#039;un soup\u00e7on de saveur de vanille? Oui, \u00e0 0 g de sucre par potion, notre boisson \u00e0 l\u2019avoine vanille poss\u00e8de quand m\u00eame un go\u00fbt et une texture cr\u00e9meuse avec l&#039;avoine cultiv\u00e9e au Canada sans gluten!Tu r\u00eaves d\u2019un d\u00e9jeuner nutritif et savoureux? Nous avons la recette! Irr\u00e9sistiblement cr\u00e9meux et 0 g de sucre par portion, ajoutes-le \u00e0 ton smoothie, \u00e0 ton gruau et \u00e0 ton (tr\u00e8s chic) bol d\u00e9jeuner.\" \/>\n<meta name=\"twitter:site\" content=\"@silk_canada\" \/>\n<script type=\"application\/ld+json\" class=\"yoast-schema-graph\">{\"@context\":\"https:\/\/schema.org\",\"@graph\":[{\"@type\":\"WebPage\",\"@id\":\"https:\/\/www.silkcanada.ca\/fr\/produits\/produits-boisson-vegetale\/avoine-vanille-non-sucree-longue-conservation\/\",\"url\":\"https:\/\/www.silkcanada.ca\/fr\/produits\/produits-boisson-vegetale\/avoine-vanille-non-sucree-longue-conservation\/\",\"name\":\"Lait d\u2019avoine saveur vanille non sucr\u00e9 longue conservation | Silk Canada\",\"isPartOf\":{\"@id\":\"https:\/\/www.silkcanada.ca\/fr\/#website\"},\"datePublished\":\"2021-02-08T17:14:26+00:00\",\"dateModified\":\"2026-02-19T19:02:50+00:00\",\"description\":\"Envie d'avoine au go\u00fbt cr\u00e9meux et d'un soup\u00e7on de saveur de vanille? Oui, \u00e0 0 g de sucre par potion, notre boisson \u00e0 l\u2019avoine vanille poss\u00e8de quand m\u00eame un go\u00fbt et une texture cr\u00e9meuse avec l'avoine cultiv\u00e9e au Canada sans gluten!Tu r\u00eaves d\u2019un d\u00e9jeuner nutritif et savoureux? Nous avons la recette! Irr\u00e9sistiblement cr\u00e9meux et 0 g de sucre par portion, ajoutes-le \u00e0 ton smoothie, \u00e0 ton gruau et \u00e0 ton (tr\u00e8s chic) bol d\u00e9jeuner.\",\"breadcrumb\":{\"@id\":\"https:\/\/www.silkcanada.ca\/fr\/produits\/produits-boisson-vegetale\/avoine-vanille-non-sucree-longue-conservation\/#breadcrumb\"},\"inLanguage\":\"fr-CA\",\"potentialAction\":[{\"@type\":\"ReadAction\",\"target\":[\"https:\/\/www.silkcanada.ca\/fr\/produits\/produits-boisson-vegetale\/avoine-vanille-non-sucree-longue-conservation\/\"]}]},{\"@type\":\"BreadcrumbList\",\"@id\":\"https:\/\/www.silkcanada.ca\/fr\/produits\/produits-boisson-vegetale\/avoine-vanille-non-sucree-longue-conservation\/#breadcrumb\",\"itemListElement\":[{\"@type\":\"ListItem\",\"position\":1,\"name\":\"Products\",\"item\":\"https:\/\/www.silkcanada.ca\/products\/%productcategory%\/\"},{\"@type\":\"ListItem\",\"position\":2,\"name\":\"AVOINE VANILLE NON SUCR\u00c9E (LONGUE CONSERVATION)\"}]},{\"@type\":\"WebSite\",\"@id\":\"https:\/\/www.silkcanada.ca\/fr\/#website\",\"url\":\"https:\/\/www.silkcanada.ca\/fr\/\",\"name\":\"Silk\",\"description\":\"Delicious Silk Soy, Almond, Coconut and Cashew Products\",\"potentialAction\":[{\"@type\":\"SearchAction\",\"target\":{\"@type\":\"EntryPoint\",\"urlTemplate\":\"https:\/\/www.silkcanada.ca\/fr\/?s={search_term_string}\"},\"query-input\":\"required name=search_term_string\"}],\"inLanguage\":\"fr-CA\"}]}<\/script>\n<!-- \/ Yoast SEO plugin. -->","yoast_head_json":{"title":"Lait d\u2019avoine saveur vanille non sucr\u00e9 longue conservation | Silk Canada","description":"Envie d'avoine au go\u00fbt cr\u00e9meux et d'un soup\u00e7on de saveur de vanille? Oui, \u00e0 0 g de sucre par potion, notre boisson \u00e0 l\u2019avoine vanille poss\u00e8de quand m\u00eame un go\u00fbt et une texture cr\u00e9meuse avec l'avoine cultiv\u00e9e au Canada sans gluten!Tu r\u00eaves d\u2019un d\u00e9jeuner nutritif et savoureux? Nous avons la recette! Irr\u00e9sistiblement cr\u00e9meux et 0 g de sucre par portion, ajoutes-le \u00e0 ton smoothie, \u00e0 ton gruau et \u00e0 ton (tr\u00e8s chic) bol d\u00e9jeuner.","robots":{"index":"index","follow":"follow","max-snippet":"max-snippet:-1","max-image-preview":"max-image-preview:large","max-video-preview":"max-video-preview:-1"},"canonical":"https:\/\/www.silkcanada.ca\/fr\/produits\/produits-boisson-vegetale\/avoine-vanille-non-sucree-longue-conservation\/","og_locale":"fr_CA","og_type":"article","og_title":"Lait d\u2019avoine saveur vanille non sucr\u00e9 longue conservation | Silk Canada","og_description":"Envie d'avoine au go\u00fbt cr\u00e9meux et d'un soup\u00e7on de saveur de vanille? Oui, \u00e0 0 g de sucre par potion, notre boisson \u00e0 l\u2019avoine vanille poss\u00e8de quand m\u00eame un go\u00fbt et une texture cr\u00e9meuse avec l'avoine cultiv\u00e9e au Canada sans gluten!Tu r\u00eaves d\u2019un d\u00e9jeuner nutritif et savoureux? Nous avons la recette! Irr\u00e9sistiblement cr\u00e9meux et 0 g de sucre par portion, ajoutes-le \u00e0 ton smoothie, \u00e0 ton gruau et \u00e0 ton (tr\u00e8s chic) bol d\u00e9jeuner.","og_url":"https:\/\/www.silkcanada.ca\/fr\/produits\/produits-boisson-vegetale\/avoine-vanille-non-sucree-longue-conservation\/","og_site_name":"Silk","article_publisher":"https:\/\/www.facebook.com\/SilkCanada\/","article_modified_time":"2026-02-19T19:02:50+00:00","og_image":[{"width":1280,"height":853,"url":"https:\/\/www.silkcanada.ca\/wp-content\/uploads\/2020\/04\/23090925\/half-good-for-you.jpg","type":"image\/jpeg"}],"twitter_card":"summary_large_image","twitter_title":"Lait d\u2019avoine saveur vanille non sucr\u00e9 longue conservation | Silk Canada","twitter_description":"Envie d'avoine au go\u00fbt cr\u00e9meux et d'un soup\u00e7on de saveur de vanille? Oui, \u00e0 0 g de sucre par potion, notre boisson \u00e0 l\u2019avoine vanille poss\u00e8de quand m\u00eame un go\u00fbt et une texture cr\u00e9meuse avec l'avoine cultiv\u00e9e au Canada sans gluten!Tu r\u00eaves d\u2019un d\u00e9jeuner nutritif et savoureux? Nous avons la recette! Irr\u00e9sistiblement cr\u00e9meux et 0 g de sucre par portion, ajoutes-le \u00e0 ton smoothie, \u00e0 ton gruau et \u00e0 ton (tr\u00e8s chic) bol d\u00e9jeuner.","twitter_site":"@silk_canada","schema":{"@context":"https:\/\/schema.org","@graph":[{"@type":"WebPage","@id":"https:\/\/www.silkcanada.ca\/fr\/produits\/produits-boisson-vegetale\/avoine-vanille-non-sucree-longue-conservation\/","url":"https:\/\/www.silkcanada.ca\/fr\/produits\/produits-boisson-vegetale\/avoine-vanille-non-sucree-longue-conservation\/","name":"Lait d\u2019avoine saveur vanille non sucr\u00e9 longue conservation | Silk Canada","isPartOf":{"@id":"https:\/\/www.silkcanada.ca\/fr\/#website"},"datePublished":"2021-02-08T17:14:26+00:00","dateModified":"2026-02-19T19:02:50+00:00","description":"Envie d'avoine au go\u00fbt cr\u00e9meux et d'un soup\u00e7on de saveur de vanille? Oui, \u00e0 0 g de sucre par potion, notre boisson \u00e0 l\u2019avoine vanille poss\u00e8de quand m\u00eame un go\u00fbt et une texture cr\u00e9meuse avec l'avoine cultiv\u00e9e au Canada sans gluten!Tu r\u00eaves d\u2019un d\u00e9jeuner nutritif et savoureux? Nous avons la recette! Irr\u00e9sistiblement cr\u00e9meux et 0 g de sucre par portion, ajoutes-le \u00e0 ton smoothie, \u00e0 ton gruau et \u00e0 ton (tr\u00e8s chic) bol d\u00e9jeuner.","breadcrumb":{"@id":"https:\/\/www.silkcanada.ca\/fr\/produits\/produits-boisson-vegetale\/avoine-vanille-non-sucree-longue-conservation\/#breadcrumb"},"inLanguage":"fr-CA","potentialAction":[{"@type":"ReadAction","target":["https:\/\/www.silkcanada.ca\/fr\/produits\/produits-boisson-vegetale\/avoine-vanille-non-sucree-longue-conservation\/"]}]},{"@type":"BreadcrumbList","@id":"https:\/\/www.silkcanada.ca\/fr\/produits\/produits-boisson-vegetale\/avoine-vanille-non-sucree-longue-conservation\/#breadcrumb","itemListElement":[{"@type":"ListItem","position":1,"name":"Products","item":"https:\/\/www.silkcanada.ca\/products\/%productcategory%\/"},{"@type":"ListItem","position":2,"name":"AVOINE VANILLE NON SUCR\u00c9E (LONGUE CONSERVATION)"}]},{"@type":"WebSite","@id":"https:\/\/www.silkcanada.ca\/fr\/#website","url":"https:\/\/www.silkcanada.ca\/fr\/","name":"Silk","description":"Delicious Silk Soy, Almond, Coconut and Cashew Products","potentialAction":[{"@type":"SearchAction","target":{"@type":"EntryPoint","urlTemplate":"https:\/\/www.silkcanada.ca\/fr\/?s={search_term_string}"},"query-input":"required name=search_term_string"}],"inLanguage":"fr-CA"}]}},"_links":{"self":[{"href":"https:\/\/www.silkcanada.ca\/fr\/wp-json\/wp\/v2\/product\/4184"}],"collection":[{"href":"https:\/\/www.silkcanada.ca\/fr\/wp-json\/wp\/v2\/product"}],"about":[{"href":"https:\/\/www.silkcanada.ca\/fr\/wp-json\/wp\/v2\/types\/product"}],"wp:attachment":[{"href":"https:\/\/www.silkcanada.ca\/fr\/wp-json\/wp\/v2\/media?parent=4184"}],"wp:term":[{"taxonomy":"productcategory","embeddable":true,"href":"https:\/\/www.silkcanada.ca\/fr\/wp-json\/wp\/v2\/productcategory?post=4184"},{"taxonomy":"productbase","embeddable":true,"href":"https:\/\/www.silkcanada.ca\/fr\/wp-json\/wp\/v2\/productbase?post=4184"}],"curies":[{"name":"wp","href":"https:\/\/api.w.org\/{rel}","templated":true}]}}