{"id":4577,"date":"2020-02-22T13:46:59","date_gmt":"2020-02-22T18:46:59","guid":{"rendered":"https:\/\/www.silkcanada.ca\/?post_type=product&#038;p=4577"},"modified":"2026-02-19T14:02:03","modified_gmt":"2026-02-19T19:02:03","slug":"avoine-originale-longue-conservation","status":"publish","type":"product","link":"https:\/\/www.silkcanada.ca\/fr\/produits\/boisson-vegetale\/avoine-originale-longue-conservation\/","title":{"rendered":"Avoine originale (longue conservation)"},"content":{"rendered":"","protected":false},"featured_media":0,"template":"","productcategory":[13],"productbase":[29],"acf":[],"yoast_head":"<!-- This site is optimized with the Yoast SEO plugin v22.1 - https:\/\/yoast.com\/wordpress\/plugins\/seo\/ -->\n<title>Boisson \u00e0 l\u2019avoine originale : longue conservation | V\u00e9g\u00e9tal | Silk<\/title>\n<meta name=\"description\" content=\"Notre boisson v\u00e9g\u00e9tale \u00e0 l\u2019avoine longue conservation est sans gluten, sans soja, sans sucre ni cholest\u00e9rol. Des petits d\u00e9jeuners r\u00e9ussis gr\u00e2ce \u00e0 l\u2019avoine!\" \/>\n<meta name=\"robots\" content=\"index, follow, max-snippet:-1, max-image-preview:large, max-video-preview:-1\" \/>\n<link rel=\"canonical\" href=\"https:\/\/www.silkcanada.ca\/fr\/produits\/boisson-vegetale\/avoine-originale-longue-conservation\/\" \/>\n<meta property=\"og:locale\" content=\"fr_CA\" \/>\n<meta property=\"og:type\" content=\"article\" \/>\n<meta property=\"og:title\" content=\"Boisson \u00e0 l\u2019avoine originale : longue conservation | V\u00e9g\u00e9tal | Silk\" \/>\n<meta property=\"og:description\" content=\"Notre boisson v\u00e9g\u00e9tale \u00e0 l\u2019avoine longue conservation est sans gluten, sans soja, sans sucre ni cholest\u00e9rol. Des petits d\u00e9jeuners r\u00e9ussis gr\u00e2ce \u00e0 l\u2019avoine!\" \/>\n<meta property=\"og:url\" content=\"https:\/\/www.silkcanada.ca\/fr\/produits\/boisson-vegetale\/avoine-originale-longue-conservation\/\" \/>\n<meta property=\"og:site_name\" content=\"Silk\" \/>\n<meta property=\"article:publisher\" content=\"https:\/\/www.facebook.com\/SilkCanada\/\" \/>\n<meta property=\"article:modified_time\" content=\"2026-02-19T19:02:03+00:00\" \/>\n<meta property=\"og:image\" content=\"https:\/\/www.silkcanada.ca\/wp-content\/uploads\/2020\/04\/23090925\/half-good-for-you.jpg\" \/>\n\t<meta property=\"og:image:width\" content=\"1280\" \/>\n\t<meta property=\"og:image:height\" content=\"853\" \/>\n\t<meta property=\"og:image:type\" content=\"image\/jpeg\" \/>\n<meta name=\"twitter:card\" content=\"summary_large_image\" \/>\n<meta name=\"twitter:title\" content=\"Boisson \u00e0 l\u2019avoine originale : longue conservation | V\u00e9g\u00e9tal | Silk\" \/>\n<meta name=\"twitter:description\" content=\"Notre boisson v\u00e9g\u00e9tale \u00e0 l\u2019avoine longue conservation est sans gluten, sans soja, sans sucre ni cholest\u00e9rol. Des petits d\u00e9jeuners r\u00e9ussis gr\u00e2ce \u00e0 l\u2019avoine!\" \/>\n<meta name=\"twitter:site\" content=\"@silk_canada\" \/>\n<script type=\"application\/ld+json\" class=\"yoast-schema-graph\">{\"@context\":\"https:\/\/schema.org\",\"@graph\":[{\"@type\":\"WebPage\",\"@id\":\"https:\/\/www.silkcanada.ca\/fr\/produits\/boisson-vegetale\/avoine-originale-longue-conservation\/\",\"url\":\"https:\/\/www.silkcanada.ca\/fr\/produits\/boisson-vegetale\/avoine-originale-longue-conservation\/\",\"name\":\"Boisson \u00e0 l\u2019avoine originale : longue conservation | V\u00e9g\u00e9tal | Silk\",\"isPartOf\":{\"@id\":\"https:\/\/www.silkcanada.ca\/fr\/#website\"},\"datePublished\":\"2020-02-22T18:46:59+00:00\",\"dateModified\":\"2026-02-19T19:02:03+00:00\",\"description\":\"Notre boisson v\u00e9g\u00e9tale \u00e0 l\u2019avoine longue conservation est sans gluten, sans soja, sans sucre ni cholest\u00e9rol. Des petits d\u00e9jeuners r\u00e9ussis gr\u00e2ce \u00e0 l\u2019avoine!\",\"breadcrumb\":{\"@id\":\"https:\/\/www.silkcanada.ca\/fr\/produits\/boisson-vegetale\/avoine-originale-longue-conservation\/#breadcrumb\"},\"inLanguage\":\"fr-CA\",\"potentialAction\":[{\"@type\":\"ReadAction\",\"target\":[\"https:\/\/www.silkcanada.ca\/fr\/produits\/boisson-vegetale\/avoine-originale-longue-conservation\/\"]}]},{\"@type\":\"BreadcrumbList\",\"@id\":\"https:\/\/www.silkcanada.ca\/fr\/produits\/boisson-vegetale\/avoine-originale-longue-conservation\/#breadcrumb\",\"itemListElement\":[{\"@type\":\"ListItem\",\"position\":1,\"name\":\"Products\",\"item\":\"https:\/\/www.silkcanada.ca\/products\/%productcategory%\/\"},{\"@type\":\"ListItem\",\"position\":2,\"name\":\"Avoine originale (longue conservation)\"}]},{\"@type\":\"WebSite\",\"@id\":\"https:\/\/www.silkcanada.ca\/fr\/#website\",\"url\":\"https:\/\/www.silkcanada.ca\/fr\/\",\"name\":\"Silk\",\"description\":\"Delicious Silk Soy, Almond, Coconut and Cashew Products\",\"potentialAction\":[{\"@type\":\"SearchAction\",\"target\":{\"@type\":\"EntryPoint\",\"urlTemplate\":\"https:\/\/www.silkcanada.ca\/fr\/?s={search_term_string}\"},\"query-input\":\"required name=search_term_string\"}],\"inLanguage\":\"fr-CA\"}]}<\/script>\n<!-- \/ Yoast SEO plugin. -->","yoast_head_json":{"title":"Boisson \u00e0 l\u2019avoine originale : longue conservation | V\u00e9g\u00e9tal | Silk","description":"Notre boisson v\u00e9g\u00e9tale \u00e0 l\u2019avoine longue conservation est sans gluten, sans soja, sans sucre ni cholest\u00e9rol. Des petits d\u00e9jeuners r\u00e9ussis gr\u00e2ce \u00e0 l\u2019avoine!","robots":{"index":"index","follow":"follow","max-snippet":"max-snippet:-1","max-image-preview":"max-image-preview:large","max-video-preview":"max-video-preview:-1"},"canonical":"https:\/\/www.silkcanada.ca\/fr\/produits\/boisson-vegetale\/avoine-originale-longue-conservation\/","og_locale":"fr_CA","og_type":"article","og_title":"Boisson \u00e0 l\u2019avoine originale : longue conservation | V\u00e9g\u00e9tal | Silk","og_description":"Notre boisson v\u00e9g\u00e9tale \u00e0 l\u2019avoine longue conservation est sans gluten, sans soja, sans sucre ni cholest\u00e9rol. Des petits d\u00e9jeuners r\u00e9ussis gr\u00e2ce \u00e0 l\u2019avoine!","og_url":"https:\/\/www.silkcanada.ca\/fr\/produits\/boisson-vegetale\/avoine-originale-longue-conservation\/","og_site_name":"Silk","article_publisher":"https:\/\/www.facebook.com\/SilkCanada\/","article_modified_time":"2026-02-19T19:02:03+00:00","og_image":[{"width":1280,"height":853,"url":"https:\/\/www.silkcanada.ca\/wp-content\/uploads\/2020\/04\/23090925\/half-good-for-you.jpg","type":"image\/jpeg"}],"twitter_card":"summary_large_image","twitter_title":"Boisson \u00e0 l\u2019avoine originale : longue conservation | V\u00e9g\u00e9tal | Silk","twitter_description":"Notre boisson v\u00e9g\u00e9tale \u00e0 l\u2019avoine longue conservation est sans gluten, sans soja, sans sucre ni cholest\u00e9rol. Des petits d\u00e9jeuners r\u00e9ussis gr\u00e2ce \u00e0 l\u2019avoine!","twitter_site":"@silk_canada","schema":{"@context":"https:\/\/schema.org","@graph":[{"@type":"WebPage","@id":"https:\/\/www.silkcanada.ca\/fr\/produits\/boisson-vegetale\/avoine-originale-longue-conservation\/","url":"https:\/\/www.silkcanada.ca\/fr\/produits\/boisson-vegetale\/avoine-originale-longue-conservation\/","name":"Boisson \u00e0 l\u2019avoine originale : longue conservation | V\u00e9g\u00e9tal | Silk","isPartOf":{"@id":"https:\/\/www.silkcanada.ca\/fr\/#website"},"datePublished":"2020-02-22T18:46:59+00:00","dateModified":"2026-02-19T19:02:03+00:00","description":"Notre boisson v\u00e9g\u00e9tale \u00e0 l\u2019avoine longue conservation est sans gluten, sans soja, sans sucre ni cholest\u00e9rol. Des petits d\u00e9jeuners r\u00e9ussis gr\u00e2ce \u00e0 l\u2019avoine!","breadcrumb":{"@id":"https:\/\/www.silkcanada.ca\/fr\/produits\/boisson-vegetale\/avoine-originale-longue-conservation\/#breadcrumb"},"inLanguage":"fr-CA","potentialAction":[{"@type":"ReadAction","target":["https:\/\/www.silkcanada.ca\/fr\/produits\/boisson-vegetale\/avoine-originale-longue-conservation\/"]}]},{"@type":"BreadcrumbList","@id":"https:\/\/www.silkcanada.ca\/fr\/produits\/boisson-vegetale\/avoine-originale-longue-conservation\/#breadcrumb","itemListElement":[{"@type":"ListItem","position":1,"name":"Products","item":"https:\/\/www.silkcanada.ca\/products\/%productcategory%\/"},{"@type":"ListItem","position":2,"name":"Avoine originale (longue conservation)"}]},{"@type":"WebSite","@id":"https:\/\/www.silkcanada.ca\/fr\/#website","url":"https:\/\/www.silkcanada.ca\/fr\/","name":"Silk","description":"Delicious Silk Soy, Almond, Coconut and Cashew Products","potentialAction":[{"@type":"SearchAction","target":{"@type":"EntryPoint","urlTemplate":"https:\/\/www.silkcanada.ca\/fr\/?s={search_term_string}"},"query-input":"required name=search_term_string"}],"inLanguage":"fr-CA"}]}},"_links":{"self":[{"href":"https:\/\/www.silkcanada.ca\/fr\/wp-json\/wp\/v2\/product\/4577"}],"collection":[{"href":"https:\/\/www.silkcanada.ca\/fr\/wp-json\/wp\/v2\/product"}],"about":[{"href":"https:\/\/www.silkcanada.ca\/fr\/wp-json\/wp\/v2\/types\/product"}],"wp:attachment":[{"href":"https:\/\/www.silkcanada.ca\/fr\/wp-json\/wp\/v2\/media?parent=4577"}],"wp:term":[{"taxonomy":"productcategory","embeddable":true,"href":"https:\/\/www.silkcanada.ca\/fr\/wp-json\/wp\/v2\/productcategory?post=4577"},{"taxonomy":"productbase","embeddable":true,"href":"https:\/\/www.silkcanada.ca\/fr\/wp-json\/wp\/v2\/productbase?post=4577"}],"curies":[{"name":"wp","href":"https:\/\/api.w.org\/{rel}","templated":true}]}}