{"id":591,"date":"2021-11-20T10:57:18","date_gmt":"2021-11-20T15:57:18","guid":{"rendered":"https:\/\/www.silkcanada.ca\/?post_type=product&#038;p=591"},"modified":"2024-03-02T11:47:19","modified_gmt":"2024-03-02T16:47:19","slug":"cajou-cremeux-non-sucree","status":"publish","type":"product","link":"https:\/\/www.silkcanada.ca\/fr\/produits\/boisson-vegetale\/boisson-cajou-cremeux-non-sucree\/","title":{"rendered":"Cajou Cr\u00e9meux Non Sucr\u00e9e"},"content":{"rendered":"","protected":false},"featured_media":0,"template":"","productcategory":[13],"productbase":[26],"acf":[],"yoast_head":"<!-- This site is optimized with the Yoast SEO plugin v22.1 - https:\/\/yoast.com\/wordpress\/plugins\/seo\/ -->\n<title>Essayez notre boisson sans sucre \u00e0 base de cajou | Silk Canada<\/title>\n<meta name=\"description\" content=\"Un go\u00fbt de vanille cr\u00e9meux avec seulement 25 calories par portion, est-ce possible? La r\u00e9ponse est oui. Essayez notre boisson de cajou \u00e0 la vanille.\" \/>\n<meta name=\"robots\" content=\"index, follow, max-snippet:-1, max-image-preview:large, max-video-preview:-1\" \/>\n<link rel=\"canonical\" href=\"https:\/\/www.silkcanada.ca\/fr\/produits\/boisson-vegetale\/boisson-cajou-cremeux-non-sucree\/\" \/>\n<meta property=\"og:locale\" content=\"fr_CA\" \/>\n<meta property=\"og:type\" content=\"article\" \/>\n<meta property=\"og:title\" content=\"Essayez notre boisson sans sucre \u00e0 base de cajou | Silk Canada\" \/>\n<meta property=\"og:description\" content=\"Un go\u00fbt de vanille cr\u00e9meux avec seulement 25 calories par portion, est-ce possible? La r\u00e9ponse est oui. Essayez notre boisson de cajou \u00e0 la vanille.\" \/>\n<meta property=\"og:url\" content=\"https:\/\/www.silkcanada.ca\/fr\/produits\/boisson-vegetale\/boisson-cajou-cremeux-non-sucree\/\" \/>\n<meta property=\"og:site_name\" content=\"Silk\" \/>\n<meta property=\"article:publisher\" content=\"https:\/\/www.facebook.com\/SilkCanada\/\" \/>\n<meta property=\"article:modified_time\" content=\"2024-03-02T16:47:19+00:00\" \/>\n<meta property=\"og:image\" content=\"https:\/\/www.silkcanada.ca\/wp-content\/uploads\/2020\/04\/23090925\/half-good-for-you.jpg\" \/>\n\t<meta property=\"og:image:width\" content=\"1280\" \/>\n\t<meta property=\"og:image:height\" content=\"853\" \/>\n\t<meta property=\"og:image:type\" content=\"image\/jpeg\" \/>\n<meta name=\"twitter:card\" content=\"summary_large_image\" \/>\n<meta name=\"twitter:site\" content=\"@silk_canada\" \/>\n<script type=\"application\/ld+json\" class=\"yoast-schema-graph\">{\"@context\":\"https:\/\/schema.org\",\"@graph\":[{\"@type\":\"WebPage\",\"@id\":\"https:\/\/www.silkcanada.ca\/fr\/produits\/boisson-vegetale\/boisson-cajou-cremeux-non-sucree\/\",\"url\":\"https:\/\/www.silkcanada.ca\/fr\/produits\/boisson-vegetale\/boisson-cajou-cremeux-non-sucree\/\",\"name\":\"Essayez notre boisson sans sucre \u00e0 base de cajou | Silk Canada\",\"isPartOf\":{\"@id\":\"https:\/\/www.silkcanada.ca\/fr\/#website\"},\"datePublished\":\"2021-11-20T15:57:18+00:00\",\"dateModified\":\"2024-03-02T16:47:19+00:00\",\"description\":\"Un go\u00fbt de vanille cr\u00e9meux avec seulement 25 calories par portion, est-ce possible? La r\u00e9ponse est oui. Essayez notre boisson de cajou \u00e0 la vanille.\",\"breadcrumb\":{\"@id\":\"https:\/\/www.silkcanada.ca\/fr\/produits\/boisson-vegetale\/boisson-cajou-cremeux-non-sucree\/#breadcrumb\"},\"inLanguage\":\"fr-CA\",\"potentialAction\":[{\"@type\":\"ReadAction\",\"target\":[\"https:\/\/www.silkcanada.ca\/fr\/produits\/boisson-vegetale\/boisson-cajou-cremeux-non-sucree\/\"]}]},{\"@type\":\"BreadcrumbList\",\"@id\":\"https:\/\/www.silkcanada.ca\/fr\/produits\/boisson-vegetale\/boisson-cajou-cremeux-non-sucree\/#breadcrumb\",\"itemListElement\":[{\"@type\":\"ListItem\",\"position\":1,\"name\":\"Products\",\"item\":\"https:\/\/www.silkcanada.ca\/products\/%productcategory%\/\"},{\"@type\":\"ListItem\",\"position\":2,\"name\":\"Cajou Cr\u00e9meux Non Sucr\u00e9e\"}]},{\"@type\":\"WebSite\",\"@id\":\"https:\/\/www.silkcanada.ca\/fr\/#website\",\"url\":\"https:\/\/www.silkcanada.ca\/fr\/\",\"name\":\"Silk\",\"description\":\"Delicious Silk Soy, Almond, Coconut and Cashew Products\",\"potentialAction\":[{\"@type\":\"SearchAction\",\"target\":{\"@type\":\"EntryPoint\",\"urlTemplate\":\"https:\/\/www.silkcanada.ca\/fr\/?s={search_term_string}\"},\"query-input\":\"required name=search_term_string\"}],\"inLanguage\":\"fr-CA\"}]}<\/script>\n<!-- \/ Yoast SEO plugin. -->","yoast_head_json":{"title":"Essayez notre boisson sans sucre \u00e0 base de cajou | Silk Canada","description":"Un go\u00fbt de vanille cr\u00e9meux avec seulement 25 calories par portion, est-ce possible? La r\u00e9ponse est oui. Essayez notre boisson de cajou \u00e0 la vanille.","robots":{"index":"index","follow":"follow","max-snippet":"max-snippet:-1","max-image-preview":"max-image-preview:large","max-video-preview":"max-video-preview:-1"},"canonical":"https:\/\/www.silkcanada.ca\/fr\/produits\/boisson-vegetale\/boisson-cajou-cremeux-non-sucree\/","og_locale":"fr_CA","og_type":"article","og_title":"Essayez notre boisson sans sucre \u00e0 base de cajou | Silk Canada","og_description":"Un go\u00fbt de vanille cr\u00e9meux avec seulement 25 calories par portion, est-ce possible? La r\u00e9ponse est oui. Essayez notre boisson de cajou \u00e0 la vanille.","og_url":"https:\/\/www.silkcanada.ca\/fr\/produits\/boisson-vegetale\/boisson-cajou-cremeux-non-sucree\/","og_site_name":"Silk","article_publisher":"https:\/\/www.facebook.com\/SilkCanada\/","article_modified_time":"2024-03-02T16:47:19+00:00","og_image":[{"width":1280,"height":853,"url":"https:\/\/www.silkcanada.ca\/wp-content\/uploads\/2020\/04\/23090925\/half-good-for-you.jpg","type":"image\/jpeg"}],"twitter_card":"summary_large_image","twitter_site":"@silk_canada","schema":{"@context":"https:\/\/schema.org","@graph":[{"@type":"WebPage","@id":"https:\/\/www.silkcanada.ca\/fr\/produits\/boisson-vegetale\/boisson-cajou-cremeux-non-sucree\/","url":"https:\/\/www.silkcanada.ca\/fr\/produits\/boisson-vegetale\/boisson-cajou-cremeux-non-sucree\/","name":"Essayez notre boisson sans sucre \u00e0 base de cajou | Silk Canada","isPartOf":{"@id":"https:\/\/www.silkcanada.ca\/fr\/#website"},"datePublished":"2021-11-20T15:57:18+00:00","dateModified":"2024-03-02T16:47:19+00:00","description":"Un go\u00fbt de vanille cr\u00e9meux avec seulement 25 calories par portion, est-ce possible? La r\u00e9ponse est oui. Essayez notre boisson de cajou \u00e0 la vanille.","breadcrumb":{"@id":"https:\/\/www.silkcanada.ca\/fr\/produits\/boisson-vegetale\/boisson-cajou-cremeux-non-sucree\/#breadcrumb"},"inLanguage":"fr-CA","potentialAction":[{"@type":"ReadAction","target":["https:\/\/www.silkcanada.ca\/fr\/produits\/boisson-vegetale\/boisson-cajou-cremeux-non-sucree\/"]}]},{"@type":"BreadcrumbList","@id":"https:\/\/www.silkcanada.ca\/fr\/produits\/boisson-vegetale\/boisson-cajou-cremeux-non-sucree\/#breadcrumb","itemListElement":[{"@type":"ListItem","position":1,"name":"Products","item":"https:\/\/www.silkcanada.ca\/products\/%productcategory%\/"},{"@type":"ListItem","position":2,"name":"Cajou Cr\u00e9meux Non Sucr\u00e9e"}]},{"@type":"WebSite","@id":"https:\/\/www.silkcanada.ca\/fr\/#website","url":"https:\/\/www.silkcanada.ca\/fr\/","name":"Silk","description":"Delicious Silk Soy, Almond, Coconut and Cashew Products","potentialAction":[{"@type":"SearchAction","target":{"@type":"EntryPoint","urlTemplate":"https:\/\/www.silkcanada.ca\/fr\/?s={search_term_string}"},"query-input":"required name=search_term_string"}],"inLanguage":"fr-CA"}]}},"_links":{"self":[{"href":"https:\/\/www.silkcanada.ca\/fr\/wp-json\/wp\/v2\/product\/591"}],"collection":[{"href":"https:\/\/www.silkcanada.ca\/fr\/wp-json\/wp\/v2\/product"}],"about":[{"href":"https:\/\/www.silkcanada.ca\/fr\/wp-json\/wp\/v2\/types\/product"}],"wp:attachment":[{"href":"https:\/\/www.silkcanada.ca\/fr\/wp-json\/wp\/v2\/media?parent=591"}],"wp:term":[{"taxonomy":"productcategory","embeddable":true,"href":"https:\/\/www.silkcanada.ca\/fr\/wp-json\/wp\/v2\/productcategory?post=591"},{"taxonomy":"productbase","embeddable":true,"href":"https:\/\/www.silkcanada.ca\/fr\/wp-json\/wp\/v2\/productbase?post=591"}],"curies":[{"name":"wp","href":"https:\/\/api.w.org\/{rel}","templated":true}]}}