{"id":5970,"date":"2022-01-16T13:57:39","date_gmt":"2022-01-16T18:57:39","guid":{"rendered":"https:\/\/www.silkcanada.ca\/?post_type=product&#038;p=5970"},"modified":"2026-02-19T14:14:50","modified_gmt":"2026-02-19T19:14:50","slug":"yogourt-grec-lime-des-keys","status":"publish","type":"product","link":"https:\/\/www.silkcanada.ca\/fr\/produits\/produits-style-yogourt\/yogourt-proteine-lime-key-base-plante\/","title":{"rendered":"Yogourt Prot\u00e9in\u00e9 Lime des Keys \u00e0 base de plantes"},"content":{"rendered":"","protected":false},"featured_media":0,"template":"","productcategory":[15],"productbase":[118],"acf":[],"yoast_head":"<!-- This site is optimized with the Yoast SEO plugin v22.1 - https:\/\/yoast.com\/wordpress\/plugins\/seo\/ -->\n<title>Yogourt Prot\u00e9in\u00e9 Lime des Keys \u00e0 base de plantes - Silk<\/title>\n<meta name=\"description\" content=\"Delicious Silk Soy, Almond, Coconut and Cashew products. Source de calcium et de fer.\" \/>\n<meta name=\"robots\" content=\"index, follow, max-snippet:-1, max-image-preview:large, max-video-preview:-1\" \/>\n<link rel=\"canonical\" href=\"https:\/\/www.silkcanada.ca\/fr\/produits\/produits-style-yogourt\/yogourt-proteine-lime-key-base-plante\/\" \/>\n<meta property=\"og:locale\" content=\"fr_CA\" \/>\n<meta property=\"og:type\" content=\"article\" \/>\n<meta property=\"og:title\" content=\"Yogourt Prot\u00e9in\u00e9 Lime des Keys \u00e0 base de plantes - Silk\" \/>\n<meta property=\"og:description\" content=\"Delicious Silk Soy, Almond, Coconut and Cashew products. Source de calcium et de fer.\" \/>\n<meta property=\"og:url\" content=\"https:\/\/www.silkcanada.ca\/fr\/produits\/produits-style-yogourt\/yogourt-proteine-lime-key-base-plante\/\" \/>\n<meta property=\"og:site_name\" content=\"Silk\" \/>\n<meta property=\"article:publisher\" content=\"https:\/\/www.facebook.com\/SilkCanada\/\" \/>\n<meta property=\"article:modified_time\" content=\"2026-02-19T19:14:50+00:00\" \/>\n<meta property=\"og:image\" content=\"https:\/\/www.silkcanada.ca\/wp-content\/uploads\/2020\/04\/23090925\/half-good-for-you.jpg\" \/>\n\t<meta property=\"og:image:width\" content=\"1280\" \/>\n\t<meta property=\"og:image:height\" content=\"853\" \/>\n\t<meta property=\"og:image:type\" content=\"image\/jpeg\" \/>\n<meta name=\"twitter:card\" content=\"summary_large_image\" \/>\n<meta name=\"twitter:site\" content=\"@silk_canada\" \/>\n<script type=\"application\/ld+json\" class=\"yoast-schema-graph\">{\"@context\":\"https:\/\/schema.org\",\"@graph\":[{\"@type\":\"WebPage\",\"@id\":\"https:\/\/www.silkcanada.ca\/fr\/produits\/produits-style-yogourt\/yogourt-proteine-lime-key-base-plante\/\",\"url\":\"https:\/\/www.silkcanada.ca\/fr\/produits\/produits-style-yogourt\/yogourt-proteine-lime-key-base-plante\/\",\"name\":\"Yogourt Prot\u00e9in\u00e9 Lime des Keys \u00e0 base de plantes - Silk\",\"isPartOf\":{\"@id\":\"https:\/\/www.silkcanada.ca\/fr\/#website\"},\"datePublished\":\"2022-01-16T18:57:39+00:00\",\"dateModified\":\"2026-02-19T19:14:50+00:00\",\"description\":\"Delicious Silk Soy, Almond, Coconut and Cashew products. Source de calcium et de fer.\",\"breadcrumb\":{\"@id\":\"https:\/\/www.silkcanada.ca\/fr\/produits\/produits-style-yogourt\/yogourt-proteine-lime-key-base-plante\/#breadcrumb\"},\"inLanguage\":\"fr-CA\",\"potentialAction\":[{\"@type\":\"ReadAction\",\"target\":[\"https:\/\/www.silkcanada.ca\/fr\/produits\/produits-style-yogourt\/yogourt-proteine-lime-key-base-plante\/\"]}]},{\"@type\":\"BreadcrumbList\",\"@id\":\"https:\/\/www.silkcanada.ca\/fr\/produits\/produits-style-yogourt\/yogourt-proteine-lime-key-base-plante\/#breadcrumb\",\"itemListElement\":[{\"@type\":\"ListItem\",\"position\":1,\"name\":\"Products\",\"item\":\"https:\/\/www.silkcanada.ca\/products\/%productcategory%\/\"},{\"@type\":\"ListItem\",\"position\":2,\"name\":\"Yogourt Prot\u00e9in\u00e9 Lime des Keys \u00e0 base de plantes\"}]},{\"@type\":\"WebSite\",\"@id\":\"https:\/\/www.silkcanada.ca\/fr\/#website\",\"url\":\"https:\/\/www.silkcanada.ca\/fr\/\",\"name\":\"Silk\",\"description\":\"Delicious Silk Soy, Almond, Coconut and Cashew Products\",\"potentialAction\":[{\"@type\":\"SearchAction\",\"target\":{\"@type\":\"EntryPoint\",\"urlTemplate\":\"https:\/\/www.silkcanada.ca\/fr\/?s={search_term_string}\"},\"query-input\":\"required name=search_term_string\"}],\"inLanguage\":\"fr-CA\"}]}<\/script>\n<!-- \/ Yoast SEO plugin. -->","yoast_head_json":{"title":"Yogourt Prot\u00e9in\u00e9 Lime des Keys \u00e0 base de plantes - Silk","description":"Delicious Silk Soy, Almond, Coconut and Cashew products. Source de calcium et de fer.","robots":{"index":"index","follow":"follow","max-snippet":"max-snippet:-1","max-image-preview":"max-image-preview:large","max-video-preview":"max-video-preview:-1"},"canonical":"https:\/\/www.silkcanada.ca\/fr\/produits\/produits-style-yogourt\/yogourt-proteine-lime-key-base-plante\/","og_locale":"fr_CA","og_type":"article","og_title":"Yogourt Prot\u00e9in\u00e9 Lime des Keys \u00e0 base de plantes - Silk","og_description":"Delicious Silk Soy, Almond, Coconut and Cashew products. Source de calcium et de fer.","og_url":"https:\/\/www.silkcanada.ca\/fr\/produits\/produits-style-yogourt\/yogourt-proteine-lime-key-base-plante\/","og_site_name":"Silk","article_publisher":"https:\/\/www.facebook.com\/SilkCanada\/","article_modified_time":"2026-02-19T19:14:50+00:00","og_image":[{"width":1280,"height":853,"url":"https:\/\/www.silkcanada.ca\/wp-content\/uploads\/2020\/04\/23090925\/half-good-for-you.jpg","type":"image\/jpeg"}],"twitter_card":"summary_large_image","twitter_site":"@silk_canada","schema":{"@context":"https:\/\/schema.org","@graph":[{"@type":"WebPage","@id":"https:\/\/www.silkcanada.ca\/fr\/produits\/produits-style-yogourt\/yogourt-proteine-lime-key-base-plante\/","url":"https:\/\/www.silkcanada.ca\/fr\/produits\/produits-style-yogourt\/yogourt-proteine-lime-key-base-plante\/","name":"Yogourt Prot\u00e9in\u00e9 Lime des Keys \u00e0 base de plantes - Silk","isPartOf":{"@id":"https:\/\/www.silkcanada.ca\/fr\/#website"},"datePublished":"2022-01-16T18:57:39+00:00","dateModified":"2026-02-19T19:14:50+00:00","description":"Delicious Silk Soy, Almond, Coconut and Cashew products. Source de calcium et de fer.","breadcrumb":{"@id":"https:\/\/www.silkcanada.ca\/fr\/produits\/produits-style-yogourt\/yogourt-proteine-lime-key-base-plante\/#breadcrumb"},"inLanguage":"fr-CA","potentialAction":[{"@type":"ReadAction","target":["https:\/\/www.silkcanada.ca\/fr\/produits\/produits-style-yogourt\/yogourt-proteine-lime-key-base-plante\/"]}]},{"@type":"BreadcrumbList","@id":"https:\/\/www.silkcanada.ca\/fr\/produits\/produits-style-yogourt\/yogourt-proteine-lime-key-base-plante\/#breadcrumb","itemListElement":[{"@type":"ListItem","position":1,"name":"Products","item":"https:\/\/www.silkcanada.ca\/products\/%productcategory%\/"},{"@type":"ListItem","position":2,"name":"Yogourt Prot\u00e9in\u00e9 Lime des Keys \u00e0 base de plantes"}]},{"@type":"WebSite","@id":"https:\/\/www.silkcanada.ca\/fr\/#website","url":"https:\/\/www.silkcanada.ca\/fr\/","name":"Silk","description":"Delicious Silk Soy, Almond, Coconut and Cashew Products","potentialAction":[{"@type":"SearchAction","target":{"@type":"EntryPoint","urlTemplate":"https:\/\/www.silkcanada.ca\/fr\/?s={search_term_string}"},"query-input":"required name=search_term_string"}],"inLanguage":"fr-CA"}]}},"_links":{"self":[{"href":"https:\/\/www.silkcanada.ca\/fr\/wp-json\/wp\/v2\/product\/5970"}],"collection":[{"href":"https:\/\/www.silkcanada.ca\/fr\/wp-json\/wp\/v2\/product"}],"about":[{"href":"https:\/\/www.silkcanada.ca\/fr\/wp-json\/wp\/v2\/types\/product"}],"wp:attachment":[{"href":"https:\/\/www.silkcanada.ca\/fr\/wp-json\/wp\/v2\/media?parent=5970"}],"wp:term":[{"taxonomy":"productcategory","embeddable":true,"href":"https:\/\/www.silkcanada.ca\/fr\/wp-json\/wp\/v2\/productcategory?post=5970"},{"taxonomy":"productbase","embeddable":true,"href":"https:\/\/www.silkcanada.ca\/fr\/wp-json\/wp\/v2\/productbase?post=5970"}],"curies":[{"name":"wp","href":"https:\/\/api.w.org\/{rel}","templated":true}]}}