{"id":612,"date":"2021-11-20T15:24:55","date_gmt":"2021-11-20T20:24:55","guid":{"rendered":"https:\/\/www.silkcanada.ca\/?post_type=product&#038;p=612"},"modified":"2026-02-19T13:56:15","modified_gmt":"2026-02-19T18:56:15","slug":"oat-yeah-non-sucre","status":"publish","type":"product","link":"https:\/\/www.silkcanada.ca\/fr\/produits\/boisson-vegetale\/boisson-avoine-oat-yeah-non-sucre\/","title":{"rendered":"Avoine Non sucr\u00e9e"},"content":{"rendered":"","protected":false},"featured_media":6739,"template":"","productcategory":[13],"productbase":[29],"acf":[],"yoast_head":"<!-- This site is optimized with the Yoast SEO plugin v22.1 - https:\/\/yoast.com\/wordpress\/plugins\/seo\/ -->\n<title>Lait d\u2019avoine original non sucr\u00e9 | Silk Canada<\/title>\n<meta name=\"description\" content=\"Notre boisson \u00e0 l&#039;avoine non sucr\u00e9e c\u00e9l\u00e8bre la sant\u00e9 et la joie de vivre. Chaque portion de cette boisson v\u00e9gane contient 50 calories et aucun sucre.\" \/>\n<meta name=\"robots\" content=\"index, follow, max-snippet:-1, max-image-preview:large, max-video-preview:-1\" \/>\n<link rel=\"canonical\" href=\"https:\/\/www.silkcanada.ca\/fr\/produits\/boisson-vegetale\/boisson-avoine-oat-yeah-non-sucre\/\" \/>\n<meta property=\"og:locale\" content=\"fr_CA\" \/>\n<meta property=\"og:type\" content=\"article\" \/>\n<meta property=\"og:title\" content=\"Lait d\u2019avoine original non sucr\u00e9 | Silk Canada\" \/>\n<meta property=\"og:description\" content=\"Notre boisson \u00e0 l&#039;avoine non sucr\u00e9e c\u00e9l\u00e8bre la sant\u00e9 et la joie de vivre. Chaque portion de cette boisson v\u00e9gane contient 50 calories et aucun sucre.\" \/>\n<meta property=\"og:url\" content=\"https:\/\/www.silkcanada.ca\/fr\/produits\/boisson-vegetale\/boisson-avoine-oat-yeah-non-sucre\/\" \/>\n<meta property=\"og:site_name\" content=\"Silk\" \/>\n<meta property=\"article:publisher\" content=\"https:\/\/www.facebook.com\/SilkCanada\/\" \/>\n<meta property=\"article:modified_time\" content=\"2026-02-19T18:56:15+00:00\" \/>\n<meta property=\"og:image\" content=\"https:\/\/www.silkcanada.ca\/wp-content\/uploads\/2021\/11\/non-sucre-avoine.png\" \/>\n\t<meta property=\"og:image:width\" content=\"737\" \/>\n\t<meta property=\"og:image:height\" content=\"759\" \/>\n\t<meta property=\"og:image:type\" content=\"image\/png\" \/>\n<meta name=\"twitter:card\" content=\"summary_large_image\" \/>\n<meta name=\"twitter:title\" content=\"Lait d\u2019avoine original non sucr\u00e9 | Silk Canada\" \/>\n<meta name=\"twitter:site\" content=\"@silk_canada\" \/>\n<meta name=\"twitter:label1\" content=\"Estimation du temps de lecture\" \/>\n\t<meta name=\"twitter:data1\" content=\"1 minute\" \/>\n<script type=\"application\/ld+json\" class=\"yoast-schema-graph\">{\"@context\":\"https:\/\/schema.org\",\"@graph\":[{\"@type\":\"WebPage\",\"@id\":\"https:\/\/www.silkcanada.ca\/fr\/produits\/boisson-vegetale\/boisson-avoine-oat-yeah-non-sucre\/\",\"url\":\"https:\/\/www.silkcanada.ca\/fr\/produits\/boisson-vegetale\/boisson-avoine-oat-yeah-non-sucre\/\",\"name\":\"Lait d\u2019avoine original non sucr\u00e9 | Silk Canada\",\"isPartOf\":{\"@id\":\"https:\/\/www.silkcanada.ca\/fr\/#website\"},\"datePublished\":\"2021-11-20T20:24:55+00:00\",\"dateModified\":\"2026-02-19T18:56:15+00:00\",\"description\":\"Notre boisson \u00e0 l'avoine non sucr\u00e9e c\u00e9l\u00e8bre la sant\u00e9 et la joie de vivre. Chaque portion de cette boisson v\u00e9gane contient 50 calories et aucun sucre.\",\"breadcrumb\":{\"@id\":\"https:\/\/www.silkcanada.ca\/fr\/produits\/boisson-vegetale\/boisson-avoine-oat-yeah-non-sucre\/#breadcrumb\"},\"inLanguage\":\"fr-CA\",\"potentialAction\":[{\"@type\":\"ReadAction\",\"target\":[\"https:\/\/www.silkcanada.ca\/fr\/produits\/boisson-vegetale\/boisson-avoine-oat-yeah-non-sucre\/\"]}]},{\"@type\":\"BreadcrumbList\",\"@id\":\"https:\/\/www.silkcanada.ca\/fr\/produits\/boisson-vegetale\/boisson-avoine-oat-yeah-non-sucre\/#breadcrumb\",\"itemListElement\":[{\"@type\":\"ListItem\",\"position\":1,\"name\":\"Products\",\"item\":\"https:\/\/www.silkcanada.ca\/products\/%productcategory%\/\"},{\"@type\":\"ListItem\",\"position\":2,\"name\":\"Avoine Non sucr\u00e9e\"}]},{\"@type\":\"WebSite\",\"@id\":\"https:\/\/www.silkcanada.ca\/fr\/#website\",\"url\":\"https:\/\/www.silkcanada.ca\/fr\/\",\"name\":\"Silk\",\"description\":\"Delicious Silk Soy, Almond, Coconut and Cashew Products\",\"potentialAction\":[{\"@type\":\"SearchAction\",\"target\":{\"@type\":\"EntryPoint\",\"urlTemplate\":\"https:\/\/www.silkcanada.ca\/fr\/?s={search_term_string}\"},\"query-input\":\"required name=search_term_string\"}],\"inLanguage\":\"fr-CA\"}]}<\/script>\n<!-- \/ Yoast SEO plugin. -->","yoast_head_json":{"title":"Lait d\u2019avoine original non sucr\u00e9 | Silk Canada","description":"Notre boisson \u00e0 l'avoine non sucr\u00e9e c\u00e9l\u00e8bre la sant\u00e9 et la joie de vivre. Chaque portion de cette boisson v\u00e9gane contient 50 calories et aucun sucre.","robots":{"index":"index","follow":"follow","max-snippet":"max-snippet:-1","max-image-preview":"max-image-preview:large","max-video-preview":"max-video-preview:-1"},"canonical":"https:\/\/www.silkcanada.ca\/fr\/produits\/boisson-vegetale\/boisson-avoine-oat-yeah-non-sucre\/","og_locale":"fr_CA","og_type":"article","og_title":"Lait d\u2019avoine original non sucr\u00e9 | Silk Canada","og_description":"Notre boisson \u00e0 l'avoine non sucr\u00e9e c\u00e9l\u00e8bre la sant\u00e9 et la joie de vivre. Chaque portion de cette boisson v\u00e9gane contient 50 calories et aucun sucre.","og_url":"https:\/\/www.silkcanada.ca\/fr\/produits\/boisson-vegetale\/boisson-avoine-oat-yeah-non-sucre\/","og_site_name":"Silk","article_publisher":"https:\/\/www.facebook.com\/SilkCanada\/","article_modified_time":"2026-02-19T18:56:15+00:00","og_image":[{"width":737,"height":759,"url":"https:\/\/www.silkcanada.ca\/wp-content\/uploads\/2021\/11\/non-sucre-avoine.png","type":"image\/png"}],"twitter_card":"summary_large_image","twitter_title":"Lait d\u2019avoine original non sucr\u00e9 | Silk Canada","twitter_site":"@silk_canada","twitter_misc":{"Estimation du temps de lecture":"1 minute"},"schema":{"@context":"https:\/\/schema.org","@graph":[{"@type":"WebPage","@id":"https:\/\/www.silkcanada.ca\/fr\/produits\/boisson-vegetale\/boisson-avoine-oat-yeah-non-sucre\/","url":"https:\/\/www.silkcanada.ca\/fr\/produits\/boisson-vegetale\/boisson-avoine-oat-yeah-non-sucre\/","name":"Lait d\u2019avoine original non sucr\u00e9 | Silk Canada","isPartOf":{"@id":"https:\/\/www.silkcanada.ca\/fr\/#website"},"datePublished":"2021-11-20T20:24:55+00:00","dateModified":"2026-02-19T18:56:15+00:00","description":"Notre boisson \u00e0 l'avoine non sucr\u00e9e c\u00e9l\u00e8bre la sant\u00e9 et la joie de vivre. Chaque portion de cette boisson v\u00e9gane contient 50 calories et aucun sucre.","breadcrumb":{"@id":"https:\/\/www.silkcanada.ca\/fr\/produits\/boisson-vegetale\/boisson-avoine-oat-yeah-non-sucre\/#breadcrumb"},"inLanguage":"fr-CA","potentialAction":[{"@type":"ReadAction","target":["https:\/\/www.silkcanada.ca\/fr\/produits\/boisson-vegetale\/boisson-avoine-oat-yeah-non-sucre\/"]}]},{"@type":"BreadcrumbList","@id":"https:\/\/www.silkcanada.ca\/fr\/produits\/boisson-vegetale\/boisson-avoine-oat-yeah-non-sucre\/#breadcrumb","itemListElement":[{"@type":"ListItem","position":1,"name":"Products","item":"https:\/\/www.silkcanada.ca\/products\/%productcategory%\/"},{"@type":"ListItem","position":2,"name":"Avoine Non sucr\u00e9e"}]},{"@type":"WebSite","@id":"https:\/\/www.silkcanada.ca\/fr\/#website","url":"https:\/\/www.silkcanada.ca\/fr\/","name":"Silk","description":"Delicious Silk Soy, Almond, Coconut and Cashew Products","potentialAction":[{"@type":"SearchAction","target":{"@type":"EntryPoint","urlTemplate":"https:\/\/www.silkcanada.ca\/fr\/?s={search_term_string}"},"query-input":"required name=search_term_string"}],"inLanguage":"fr-CA"}]}},"_links":{"self":[{"href":"https:\/\/www.silkcanada.ca\/fr\/wp-json\/wp\/v2\/product\/612"}],"collection":[{"href":"https:\/\/www.silkcanada.ca\/fr\/wp-json\/wp\/v2\/product"}],"about":[{"href":"https:\/\/www.silkcanada.ca\/fr\/wp-json\/wp\/v2\/types\/product"}],"wp:featuredmedia":[{"embeddable":true,"href":"https:\/\/www.silkcanada.ca\/fr\/wp-json\/wp\/v2\/media\/6739"}],"wp:attachment":[{"href":"https:\/\/www.silkcanada.ca\/fr\/wp-json\/wp\/v2\/media?parent=612"}],"wp:term":[{"taxonomy":"productcategory","embeddable":true,"href":"https:\/\/www.silkcanada.ca\/fr\/wp-json\/wp\/v2\/productcategory?post=612"},{"taxonomy":"productbase","embeddable":true,"href":"https:\/\/www.silkcanada.ca\/fr\/wp-json\/wp\/v2\/productbase?post=612"}],"curies":[{"name":"wp","href":"https:\/\/api.w.org\/{rel}","templated":true}]}}