{"id":6218,"date":"2022-02-02T14:00:36","date_gmt":"2022-02-02T19:00:36","guid":{"rendered":"https:\/\/www.silkcanada.ca\/?post_type=product&#038;p=6218"},"modified":"2026-02-19T14:11:30","modified_gmt":"2026-02-19T19:11:30","slug":"yogourt-vegetal-a-la-noix-de-coco-vanille","status":"publish","type":"product","link":"https:\/\/www.silkcanada.ca\/fr\/produits\/produits-style-yogourt\/yogourt-vegetal-a-la-noix-de-coco-vanille\/","title":{"rendered":"Yogourt Vanille \u00e0 base de noix de coco"},"content":{"rendered":"","protected":false},"featured_media":6049,"template":"","productcategory":[15],"productbase":[28],"acf":[],"yoast_head":"<!-- This site is optimized with the Yoast SEO plugin v22.1 - https:\/\/yoast.com\/wordpress\/plugins\/seo\/ -->\n<title>Yogourt v\u00e9g\u00e9tal \u00e0 la noix de coco Vanille | Silk<\/title>\n<meta name=\"description\" content=\"Ce d\u00e9licieux yogourt v\u00e9g\u00e9tal marie la noix de coco et la vanille pour cr\u00e9er un m\u00e9lange doux, onctueux et l\u00e9g\u00e8rement sucr\u00e9.\" \/>\n<meta name=\"robots\" content=\"index, follow, max-snippet:-1, max-image-preview:large, max-video-preview:-1\" \/>\n<link rel=\"canonical\" href=\"https:\/\/www.silkcanada.ca\/fr\/produits\/produits-style-yogourt\/yogourt-vegetal-a-la-noix-de-coco-vanille\/\" \/>\n<meta property=\"og:locale\" content=\"fr_CA\" \/>\n<meta property=\"og:type\" content=\"article\" \/>\n<meta property=\"og:title\" content=\"Yogourt v\u00e9g\u00e9tal \u00e0 la noix de coco Vanille | Silk\" \/>\n<meta property=\"og:description\" content=\"Ce d\u00e9licieux yogourt v\u00e9g\u00e9tal marie la noix de coco et la vanille pour cr\u00e9er un m\u00e9lange doux, onctueux et l\u00e9g\u00e8rement sucr\u00e9.\" \/>\n<meta property=\"og:url\" content=\"https:\/\/www.silkcanada.ca\/fr\/produits\/produits-style-yogourt\/yogourt-vegetal-a-la-noix-de-coco-vanille\/\" \/>\n<meta property=\"og:site_name\" content=\"Silk\" \/>\n<meta property=\"article:publisher\" content=\"https:\/\/www.facebook.com\/SilkCanada\/\" \/>\n<meta property=\"article:modified_time\" content=\"2026-02-19T19:11:30+00:00\" \/>\n<meta property=\"og:image\" content=\"https:\/\/www.silkcanada.ca\/wp-content\/uploads\/2022\/02\/28231_SLK_500g_tubs_Li_Bi_Top-vanilla-fr.png\" \/>\n\t<meta property=\"og:image:width\" content=\"759\" \/>\n\t<meta property=\"og:image:height\" content=\"737\" \/>\n\t<meta property=\"og:image:type\" content=\"image\/png\" \/>\n<meta name=\"twitter:card\" content=\"summary_large_image\" \/>\n<meta name=\"twitter:site\" content=\"@silk_canada\" \/>\n<meta name=\"twitter:label1\" content=\"Estimation du temps de lecture\" \/>\n\t<meta name=\"twitter:data1\" content=\"1 minute\" \/>\n<script type=\"application\/ld+json\" class=\"yoast-schema-graph\">{\"@context\":\"https:\/\/schema.org\",\"@graph\":[{\"@type\":\"WebPage\",\"@id\":\"https:\/\/www.silkcanada.ca\/fr\/produits\/produits-style-yogourt\/yogourt-vegetal-a-la-noix-de-coco-vanille\/\",\"url\":\"https:\/\/www.silkcanada.ca\/fr\/produits\/produits-style-yogourt\/yogourt-vegetal-a-la-noix-de-coco-vanille\/\",\"name\":\"Yogourt v\u00e9g\u00e9tal \u00e0 la noix de coco Vanille | Silk\",\"isPartOf\":{\"@id\":\"https:\/\/www.silkcanada.ca\/fr\/#website\"},\"datePublished\":\"2022-02-02T19:00:36+00:00\",\"dateModified\":\"2026-02-19T19:11:30+00:00\",\"description\":\"Ce d\u00e9licieux yogourt v\u00e9g\u00e9tal marie la noix de coco et la vanille pour cr\u00e9er un m\u00e9lange doux, onctueux et l\u00e9g\u00e8rement sucr\u00e9.\",\"breadcrumb\":{\"@id\":\"https:\/\/www.silkcanada.ca\/fr\/produits\/produits-style-yogourt\/yogourt-vegetal-a-la-noix-de-coco-vanille\/#breadcrumb\"},\"inLanguage\":\"fr-CA\",\"potentialAction\":[{\"@type\":\"ReadAction\",\"target\":[\"https:\/\/www.silkcanada.ca\/fr\/produits\/produits-style-yogourt\/yogourt-vegetal-a-la-noix-de-coco-vanille\/\"]}]},{\"@type\":\"BreadcrumbList\",\"@id\":\"https:\/\/www.silkcanada.ca\/fr\/produits\/produits-style-yogourt\/yogourt-vegetal-a-la-noix-de-coco-vanille\/#breadcrumb\",\"itemListElement\":[{\"@type\":\"ListItem\",\"position\":1,\"name\":\"Products\",\"item\":\"https:\/\/www.silkcanada.ca\/products\/%productcategory%\/\"},{\"@type\":\"ListItem\",\"position\":2,\"name\":\"Yogourt Vanille \u00e0 base de noix de coco\"}]},{\"@type\":\"WebSite\",\"@id\":\"https:\/\/www.silkcanada.ca\/fr\/#website\",\"url\":\"https:\/\/www.silkcanada.ca\/fr\/\",\"name\":\"Silk\",\"description\":\"Delicious Silk Soy, Almond, Coconut and Cashew Products\",\"potentialAction\":[{\"@type\":\"SearchAction\",\"target\":{\"@type\":\"EntryPoint\",\"urlTemplate\":\"https:\/\/www.silkcanada.ca\/fr\/?s={search_term_string}\"},\"query-input\":\"required name=search_term_string\"}],\"inLanguage\":\"fr-CA\"}]}<\/script>\n<!-- \/ Yoast SEO plugin. -->","yoast_head_json":{"title":"Yogourt v\u00e9g\u00e9tal \u00e0 la noix de coco Vanille | Silk","description":"Ce d\u00e9licieux yogourt v\u00e9g\u00e9tal marie la noix de coco et la vanille pour cr\u00e9er un m\u00e9lange doux, onctueux et l\u00e9g\u00e8rement sucr\u00e9.","robots":{"index":"index","follow":"follow","max-snippet":"max-snippet:-1","max-image-preview":"max-image-preview:large","max-video-preview":"max-video-preview:-1"},"canonical":"https:\/\/www.silkcanada.ca\/fr\/produits\/produits-style-yogourt\/yogourt-vegetal-a-la-noix-de-coco-vanille\/","og_locale":"fr_CA","og_type":"article","og_title":"Yogourt v\u00e9g\u00e9tal \u00e0 la noix de coco Vanille | Silk","og_description":"Ce d\u00e9licieux yogourt v\u00e9g\u00e9tal marie la noix de coco et la vanille pour cr\u00e9er un m\u00e9lange doux, onctueux et l\u00e9g\u00e8rement sucr\u00e9.","og_url":"https:\/\/www.silkcanada.ca\/fr\/produits\/produits-style-yogourt\/yogourt-vegetal-a-la-noix-de-coco-vanille\/","og_site_name":"Silk","article_publisher":"https:\/\/www.facebook.com\/SilkCanada\/","article_modified_time":"2026-02-19T19:11:30+00:00","og_image":[{"width":759,"height":737,"url":"https:\/\/www.silkcanada.ca\/wp-content\/uploads\/2022\/02\/28231_SLK_500g_tubs_Li_Bi_Top-vanilla-fr.png","type":"image\/png"}],"twitter_card":"summary_large_image","twitter_site":"@silk_canada","twitter_misc":{"Estimation du temps de lecture":"1 minute"},"schema":{"@context":"https:\/\/schema.org","@graph":[{"@type":"WebPage","@id":"https:\/\/www.silkcanada.ca\/fr\/produits\/produits-style-yogourt\/yogourt-vegetal-a-la-noix-de-coco-vanille\/","url":"https:\/\/www.silkcanada.ca\/fr\/produits\/produits-style-yogourt\/yogourt-vegetal-a-la-noix-de-coco-vanille\/","name":"Yogourt v\u00e9g\u00e9tal \u00e0 la noix de coco Vanille | Silk","isPartOf":{"@id":"https:\/\/www.silkcanada.ca\/fr\/#website"},"datePublished":"2022-02-02T19:00:36+00:00","dateModified":"2026-02-19T19:11:30+00:00","description":"Ce d\u00e9licieux yogourt v\u00e9g\u00e9tal marie la noix de coco et la vanille pour cr\u00e9er un m\u00e9lange doux, onctueux et l\u00e9g\u00e8rement sucr\u00e9.","breadcrumb":{"@id":"https:\/\/www.silkcanada.ca\/fr\/produits\/produits-style-yogourt\/yogourt-vegetal-a-la-noix-de-coco-vanille\/#breadcrumb"},"inLanguage":"fr-CA","potentialAction":[{"@type":"ReadAction","target":["https:\/\/www.silkcanada.ca\/fr\/produits\/produits-style-yogourt\/yogourt-vegetal-a-la-noix-de-coco-vanille\/"]}]},{"@type":"BreadcrumbList","@id":"https:\/\/www.silkcanada.ca\/fr\/produits\/produits-style-yogourt\/yogourt-vegetal-a-la-noix-de-coco-vanille\/#breadcrumb","itemListElement":[{"@type":"ListItem","position":1,"name":"Products","item":"https:\/\/www.silkcanada.ca\/products\/%productcategory%\/"},{"@type":"ListItem","position":2,"name":"Yogourt Vanille \u00e0 base de noix de coco"}]},{"@type":"WebSite","@id":"https:\/\/www.silkcanada.ca\/fr\/#website","url":"https:\/\/www.silkcanada.ca\/fr\/","name":"Silk","description":"Delicious Silk Soy, Almond, Coconut and Cashew Products","potentialAction":[{"@type":"SearchAction","target":{"@type":"EntryPoint","urlTemplate":"https:\/\/www.silkcanada.ca\/fr\/?s={search_term_string}"},"query-input":"required name=search_term_string"}],"inLanguage":"fr-CA"}]}},"_links":{"self":[{"href":"https:\/\/www.silkcanada.ca\/fr\/wp-json\/wp\/v2\/product\/6218"}],"collection":[{"href":"https:\/\/www.silkcanada.ca\/fr\/wp-json\/wp\/v2\/product"}],"about":[{"href":"https:\/\/www.silkcanada.ca\/fr\/wp-json\/wp\/v2\/types\/product"}],"wp:featuredmedia":[{"embeddable":true,"href":"https:\/\/www.silkcanada.ca\/fr\/wp-json\/wp\/v2\/media\/6049"}],"wp:attachment":[{"href":"https:\/\/www.silkcanada.ca\/fr\/wp-json\/wp\/v2\/media?parent=6218"}],"wp:term":[{"taxonomy":"productcategory","embeddable":true,"href":"https:\/\/www.silkcanada.ca\/fr\/wp-json\/wp\/v2\/productcategory?post=6218"},{"taxonomy":"productbase","embeddable":true,"href":"https:\/\/www.silkcanada.ca\/fr\/wp-json\/wp\/v2\/productbase?post=6218"}],"curies":[{"name":"wp","href":"https:\/\/api.w.org\/{rel}","templated":true}]}}