{"id":7068,"date":"2025-01-23T10:41:43","date_gmt":"2025-01-23T15:41:43","guid":{"rendered":"https:\/\/www.silkcanada.ca\/?post_type=product&#038;p=7068"},"modified":"2026-02-19T14:12:20","modified_gmt":"2026-02-19T19:12:20","slug":"yogourt-proteine-nature-a-base-de-plantes","status":"publish","type":"product","link":"https:\/\/www.silkcanada.ca\/fr\/produits\/produits-style-yogourt\/yogourt-proteine-nature-a-base-de-plantes\/","title":{"rendered":"Yogourt Prot\u00e9in\u00e9 Nature \u00e0 base de plantes"},"content":{"rendered":"","protected":false},"featured_media":0,"template":"","productcategory":[15],"productbase":[118],"acf":[],"yoast_head":"<!-- This site is optimized with the Yoast SEO plugin v22.1 - https:\/\/yoast.com\/wordpress\/plugins\/seo\/ -->\n<title>Yogourt \u00e0 base de plantes Style Grec Nature \u00e0 Base de Plantes 500g | Silk<\/title>\n<meta name=\"description\" content=\"Ce yogourt style grec \u00e0 base de plantes offre 9g de prot\u00e9ines par portion de 115g. Pr\u00e9par\u00e9 avec une base de noix de coco et des prot\u00e9ines de pois, il s&#039;int\u00e8gre parfaitement \u00e0 vos collations et repas. Une source de calcium et de fer.\" \/>\n<meta name=\"robots\" content=\"index, follow, max-snippet:-1, max-image-preview:large, max-video-preview:-1\" \/>\n<link rel=\"canonical\" href=\"https:\/\/www.silkcanada.ca\/fr\/produits\/produits-style-yogourt\/yogourt-proteine-nature-a-base-de-plantes\/\" \/>\n<meta property=\"og:locale\" content=\"fr_CA\" \/>\n<meta property=\"og:type\" content=\"article\" \/>\n<meta property=\"og:title\" content=\"Yogourt \u00e0 base de plantes Style Grec Nature \u00e0 Base de Plantes 500g | Silk\" \/>\n<meta property=\"og:description\" content=\"Ce yogourt style grec \u00e0 base de plantes offre 9g de prot\u00e9ines par portion de 115g. Pr\u00e9par\u00e9 avec une base de noix de coco et des prot\u00e9ines de pois, il s&#039;int\u00e8gre parfaitement \u00e0 vos collations et repas. Une source de calcium et de fer.\" \/>\n<meta property=\"og:url\" content=\"https:\/\/www.silkcanada.ca\/fr\/produits\/produits-style-yogourt\/yogourt-proteine-nature-a-base-de-plantes\/\" \/>\n<meta property=\"og:site_name\" content=\"Silk\" \/>\n<meta property=\"article:publisher\" content=\"https:\/\/www.facebook.com\/SilkCanada\/\" \/>\n<meta property=\"article:modified_time\" content=\"2026-02-19T19:12:20+00:00\" \/>\n<meta property=\"og:image\" content=\"https:\/\/www.silkcanada.ca\/wp-content\/uploads\/2020\/04\/23090925\/half-good-for-you.jpg\" \/>\n\t<meta property=\"og:image:width\" content=\"1280\" \/>\n\t<meta property=\"og:image:height\" content=\"853\" \/>\n\t<meta property=\"og:image:type\" content=\"image\/jpeg\" \/>\n<meta name=\"twitter:card\" content=\"summary_large_image\" \/>\n<meta name=\"twitter:site\" content=\"@silk_canada\" \/>\n<script type=\"application\/ld+json\" class=\"yoast-schema-graph\">{\"@context\":\"https:\/\/schema.org\",\"@graph\":[{\"@type\":\"WebPage\",\"@id\":\"https:\/\/www.silkcanada.ca\/fr\/produits\/produits-style-yogourt\/yogourt-proteine-nature-a-base-de-plantes\/\",\"url\":\"https:\/\/www.silkcanada.ca\/fr\/produits\/produits-style-yogourt\/yogourt-proteine-nature-a-base-de-plantes\/\",\"name\":\"Yogourt \u00e0 base de plantes Style Grec Nature \u00e0 Base de Plantes 500g | Silk\",\"isPartOf\":{\"@id\":\"https:\/\/www.silkcanada.ca\/fr\/#website\"},\"datePublished\":\"2025-01-23T15:41:43+00:00\",\"dateModified\":\"2026-02-19T19:12:20+00:00\",\"description\":\"Ce yogourt style grec \u00e0 base de plantes offre 9g de prot\u00e9ines par portion de 115g. Pr\u00e9par\u00e9 avec une base de noix de coco et des prot\u00e9ines de pois, il s'int\u00e8gre parfaitement \u00e0 vos collations et repas. Une source de calcium et de fer.\",\"breadcrumb\":{\"@id\":\"https:\/\/www.silkcanada.ca\/fr\/produits\/produits-style-yogourt\/yogourt-proteine-nature-a-base-de-plantes\/#breadcrumb\"},\"inLanguage\":\"fr-CA\",\"potentialAction\":[{\"@type\":\"ReadAction\",\"target\":[\"https:\/\/www.silkcanada.ca\/fr\/produits\/produits-style-yogourt\/yogourt-proteine-nature-a-base-de-plantes\/\"]}]},{\"@type\":\"BreadcrumbList\",\"@id\":\"https:\/\/www.silkcanada.ca\/fr\/produits\/produits-style-yogourt\/yogourt-proteine-nature-a-base-de-plantes\/#breadcrumb\",\"itemListElement\":[{\"@type\":\"ListItem\",\"position\":1,\"name\":\"Products\",\"item\":\"https:\/\/www.silkcanada.ca\/products\/%productcategory%\/\"},{\"@type\":\"ListItem\",\"position\":2,\"name\":\"Yogourt Prot\u00e9in\u00e9 Nature \u00e0 base de plantes\"}]},{\"@type\":\"WebSite\",\"@id\":\"https:\/\/www.silkcanada.ca\/fr\/#website\",\"url\":\"https:\/\/www.silkcanada.ca\/fr\/\",\"name\":\"Silk\",\"description\":\"Delicious Silk Soy, Almond, Coconut and Cashew Products\",\"potentialAction\":[{\"@type\":\"SearchAction\",\"target\":{\"@type\":\"EntryPoint\",\"urlTemplate\":\"https:\/\/www.silkcanada.ca\/fr\/?s={search_term_string}\"},\"query-input\":\"required name=search_term_string\"}],\"inLanguage\":\"fr-CA\"}]}<\/script>\n<!-- \/ Yoast SEO plugin. -->","yoast_head_json":{"title":"Yogourt \u00e0 base de plantes Style Grec Nature \u00e0 Base de Plantes 500g | Silk","description":"Ce yogourt style grec \u00e0 base de plantes offre 9g de prot\u00e9ines par portion de 115g. Pr\u00e9par\u00e9 avec une base de noix de coco et des prot\u00e9ines de pois, il s'int\u00e8gre parfaitement \u00e0 vos collations et repas. Une source de calcium et de fer.","robots":{"index":"index","follow":"follow","max-snippet":"max-snippet:-1","max-image-preview":"max-image-preview:large","max-video-preview":"max-video-preview:-1"},"canonical":"https:\/\/www.silkcanada.ca\/fr\/produits\/produits-style-yogourt\/yogourt-proteine-nature-a-base-de-plantes\/","og_locale":"fr_CA","og_type":"article","og_title":"Yogourt \u00e0 base de plantes Style Grec Nature \u00e0 Base de Plantes 500g | Silk","og_description":"Ce yogourt style grec \u00e0 base de plantes offre 9g de prot\u00e9ines par portion de 115g. Pr\u00e9par\u00e9 avec une base de noix de coco et des prot\u00e9ines de pois, il s'int\u00e8gre parfaitement \u00e0 vos collations et repas. Une source de calcium et de fer.","og_url":"https:\/\/www.silkcanada.ca\/fr\/produits\/produits-style-yogourt\/yogourt-proteine-nature-a-base-de-plantes\/","og_site_name":"Silk","article_publisher":"https:\/\/www.facebook.com\/SilkCanada\/","article_modified_time":"2026-02-19T19:12:20+00:00","og_image":[{"width":1280,"height":853,"url":"https:\/\/www.silkcanada.ca\/wp-content\/uploads\/2020\/04\/23090925\/half-good-for-you.jpg","type":"image\/jpeg"}],"twitter_card":"summary_large_image","twitter_site":"@silk_canada","schema":{"@context":"https:\/\/schema.org","@graph":[{"@type":"WebPage","@id":"https:\/\/www.silkcanada.ca\/fr\/produits\/produits-style-yogourt\/yogourt-proteine-nature-a-base-de-plantes\/","url":"https:\/\/www.silkcanada.ca\/fr\/produits\/produits-style-yogourt\/yogourt-proteine-nature-a-base-de-plantes\/","name":"Yogourt \u00e0 base de plantes Style Grec Nature \u00e0 Base de Plantes 500g | Silk","isPartOf":{"@id":"https:\/\/www.silkcanada.ca\/fr\/#website"},"datePublished":"2025-01-23T15:41:43+00:00","dateModified":"2026-02-19T19:12:20+00:00","description":"Ce yogourt style grec \u00e0 base de plantes offre 9g de prot\u00e9ines par portion de 115g. Pr\u00e9par\u00e9 avec une base de noix de coco et des prot\u00e9ines de pois, il s'int\u00e8gre parfaitement \u00e0 vos collations et repas. Une source de calcium et de fer.","breadcrumb":{"@id":"https:\/\/www.silkcanada.ca\/fr\/produits\/produits-style-yogourt\/yogourt-proteine-nature-a-base-de-plantes\/#breadcrumb"},"inLanguage":"fr-CA","potentialAction":[{"@type":"ReadAction","target":["https:\/\/www.silkcanada.ca\/fr\/produits\/produits-style-yogourt\/yogourt-proteine-nature-a-base-de-plantes\/"]}]},{"@type":"BreadcrumbList","@id":"https:\/\/www.silkcanada.ca\/fr\/produits\/produits-style-yogourt\/yogourt-proteine-nature-a-base-de-plantes\/#breadcrumb","itemListElement":[{"@type":"ListItem","position":1,"name":"Products","item":"https:\/\/www.silkcanada.ca\/products\/%productcategory%\/"},{"@type":"ListItem","position":2,"name":"Yogourt Prot\u00e9in\u00e9 Nature \u00e0 base de plantes"}]},{"@type":"WebSite","@id":"https:\/\/www.silkcanada.ca\/fr\/#website","url":"https:\/\/www.silkcanada.ca\/fr\/","name":"Silk","description":"Delicious Silk Soy, Almond, Coconut and Cashew Products","potentialAction":[{"@type":"SearchAction","target":{"@type":"EntryPoint","urlTemplate":"https:\/\/www.silkcanada.ca\/fr\/?s={search_term_string}"},"query-input":"required name=search_term_string"}],"inLanguage":"fr-CA"}]}},"_links":{"self":[{"href":"https:\/\/www.silkcanada.ca\/fr\/wp-json\/wp\/v2\/product\/7068"}],"collection":[{"href":"https:\/\/www.silkcanada.ca\/fr\/wp-json\/wp\/v2\/product"}],"about":[{"href":"https:\/\/www.silkcanada.ca\/fr\/wp-json\/wp\/v2\/types\/product"}],"wp:attachment":[{"href":"https:\/\/www.silkcanada.ca\/fr\/wp-json\/wp\/v2\/media?parent=7068"}],"wp:term":[{"taxonomy":"productcategory","embeddable":true,"href":"https:\/\/www.silkcanada.ca\/fr\/wp-json\/wp\/v2\/productcategory?post=7068"},{"taxonomy":"productbase","embeddable":true,"href":"https:\/\/www.silkcanada.ca\/fr\/wp-json\/wp\/v2\/productbase?post=7068"}],"curies":[{"name":"wp","href":"https:\/\/api.w.org\/{rel}","templated":true}]}}