{"id":7120,"date":"2025-02-13T11:40:20","date_gmt":"2025-02-13T16:40:20","guid":{"rendered":"https:\/\/www.silkcanada.ca\/?post_type=product&#038;p=7120"},"modified":"2025-04-22T12:15:07","modified_gmt":"2025-04-22T16:15:07","slug":"mousse-froide-pour-cafe-vegane-caramel-de-cannelle","status":"publish","type":"product","link":"https:\/\/www.silkcanada.ca\/fr\/produits\/produits-pour-cafe\/mousse-froide-pour-cafe-vegane-caramel-de-cannelle\/","title":{"rendered":"Mousse Froide pour caf\u00e9 &#8211; Caramel de cannelle"},"content":{"rendered":"<p>Envie de recr\u00e9er l\u2019ambiance caf\u00e9 chez vous? La mousse froide v\u00e9gane caramel de cannelle de Silk\u00ae vous y transporte. Faite \u00e0 base d\u2019avoine, cette mousse onctueuse et v\u00e9gane s\u2019accorde parfaitement avec votre caf\u00e9 chaud ou glac\u00e9. Laissez-vous s\u00e9duire par l\u2019alliance douce et chaleureuse de la cannelle et du caramel, qui ajoute une touche gourmande \u00e0 chaque gorg\u00e9e. Que ce soit comme mousse ou cr\u00e8me pour le caf\u00e9, elle enrichit votre routine matinale ou votre pause de l\u2019apr\u00e8s-midi avec une saveur inspir\u00e9e des meilleurs caf\u00e9s, pour un petit moment de plaisir \u00e0 savourer chaque jour.<\/p>\n","protected":false},"featured_media":7146,"template":"","productcategory":[14],"productbase":[29],"acf":[],"yoast_head":"<!-- This site is optimized with the Yoast SEO plugin v22.1 - https:\/\/yoast.com\/wordpress\/plugins\/seo\/ -->\n<title>Mousse Froide pour caf\u00e9 v\u00e9gane - Caramel de cannelle | Silk<\/title>\n<meta name=\"description\" content=\"D\u00e9couvrez notre mousse froide v\u00e9gane caramel de cannelle \u00e0 base d\u2019avoine. Savourez chaque gorg\u00e9e de votre tasse de caf\u00e9 aux saveurs de cannelle et de caramel!\" \/>\n<meta name=\"robots\" content=\"index, follow, max-snippet:-1, max-image-preview:large, max-video-preview:-1\" \/>\n<link rel=\"canonical\" href=\"https:\/\/www.silkcanada.ca\/fr\/produits\/produits-pour-cafe\/mousse-froide-pour-cafe-vegane-caramel-de-cannelle\/\" \/>\n<meta property=\"og:locale\" content=\"fr_CA\" \/>\n<meta property=\"og:type\" content=\"article\" \/>\n<meta property=\"og:title\" content=\"Mousse Froide pour caf\u00e9 v\u00e9gane - Caramel de cannelle | Silk\" \/>\n<meta property=\"og:description\" content=\"D\u00e9couvrez notre mousse froide v\u00e9gane caramel de cannelle \u00e0 base d\u2019avoine. Savourez chaque gorg\u00e9e de votre tasse de caf\u00e9 aux saveurs de cannelle et de caramel!\" \/>\n<meta property=\"og:url\" content=\"https:\/\/www.silkcanada.ca\/fr\/produits\/produits-pour-cafe\/mousse-froide-pour-cafe-vegane-caramel-de-cannelle\/\" \/>\n<meta property=\"og:site_name\" content=\"Silk\" \/>\n<meta property=\"article:publisher\" content=\"https:\/\/www.facebook.com\/SilkCanada\/\" \/>\n<meta property=\"article:modified_time\" content=\"2025-04-22T16:15:07+00:00\" \/>\n<meta property=\"og:image\" content=\"https:\/\/www.silkcanada.ca\/wp-content\/uploads\/2025\/02\/silk_cinnamon_oat_FR_r.png\" \/>\n\t<meta property=\"og:image:width\" content=\"737\" \/>\n\t<meta property=\"og:image:height\" content=\"759\" \/>\n\t<meta property=\"og:image:type\" content=\"image\/png\" \/>\n<meta name=\"twitter:card\" content=\"summary_large_image\" \/>\n<meta name=\"twitter:site\" content=\"@silk_canada\" \/>\n<meta name=\"twitter:label1\" content=\"Estimation du temps de lecture\" \/>\n\t<meta name=\"twitter:data1\" content=\"1 minute\" \/>\n<script type=\"application\/ld+json\" class=\"yoast-schema-graph\">{\"@context\":\"https:\/\/schema.org\",\"@graph\":[{\"@type\":\"WebPage\",\"@id\":\"https:\/\/www.silkcanada.ca\/fr\/produits\/produits-pour-cafe\/mousse-froide-pour-cafe-vegane-caramel-de-cannelle\/\",\"url\":\"https:\/\/www.silkcanada.ca\/fr\/produits\/produits-pour-cafe\/mousse-froide-pour-cafe-vegane-caramel-de-cannelle\/\",\"name\":\"Mousse Froide pour caf\u00e9 v\u00e9gane - Caramel de cannelle | Silk\",\"isPartOf\":{\"@id\":\"https:\/\/www.silkcanada.ca\/fr\/#website\"},\"datePublished\":\"2025-02-13T16:40:20+00:00\",\"dateModified\":\"2025-04-22T16:15:07+00:00\",\"description\":\"D\u00e9couvrez notre mousse froide v\u00e9gane caramel de cannelle \u00e0 base d\u2019avoine. Savourez chaque gorg\u00e9e de votre tasse de caf\u00e9 aux saveurs de cannelle et de caramel!\",\"breadcrumb\":{\"@id\":\"https:\/\/www.silkcanada.ca\/fr\/produits\/produits-pour-cafe\/mousse-froide-pour-cafe-vegane-caramel-de-cannelle\/#breadcrumb\"},\"inLanguage\":\"fr-CA\",\"potentialAction\":[{\"@type\":\"ReadAction\",\"target\":[\"https:\/\/www.silkcanada.ca\/fr\/produits\/produits-pour-cafe\/mousse-froide-pour-cafe-vegane-caramel-de-cannelle\/\"]}]},{\"@type\":\"BreadcrumbList\",\"@id\":\"https:\/\/www.silkcanada.ca\/fr\/produits\/produits-pour-cafe\/mousse-froide-pour-cafe-vegane-caramel-de-cannelle\/#breadcrumb\",\"itemListElement\":[{\"@type\":\"ListItem\",\"position\":1,\"name\":\"Products\",\"item\":\"https:\/\/www.silkcanada.ca\/products\/%productcategory%\/\"},{\"@type\":\"ListItem\",\"position\":2,\"name\":\"Mousse Froide pour caf\u00e9 &#8211; Caramel de cannelle\"}]},{\"@type\":\"WebSite\",\"@id\":\"https:\/\/www.silkcanada.ca\/fr\/#website\",\"url\":\"https:\/\/www.silkcanada.ca\/fr\/\",\"name\":\"Silk\",\"description\":\"Delicious Silk Soy, Almond, Coconut and Cashew Products\",\"potentialAction\":[{\"@type\":\"SearchAction\",\"target\":{\"@type\":\"EntryPoint\",\"urlTemplate\":\"https:\/\/www.silkcanada.ca\/fr\/?s={search_term_string}\"},\"query-input\":\"required name=search_term_string\"}],\"inLanguage\":\"fr-CA\"}]}<\/script>\n<!-- \/ Yoast SEO plugin. -->","yoast_head_json":{"title":"Mousse Froide pour caf\u00e9 v\u00e9gane - Caramel de cannelle | Silk","description":"D\u00e9couvrez notre mousse froide v\u00e9gane caramel de cannelle \u00e0 base d\u2019avoine. Savourez chaque gorg\u00e9e de votre tasse de caf\u00e9 aux saveurs de cannelle et de caramel!","robots":{"index":"index","follow":"follow","max-snippet":"max-snippet:-1","max-image-preview":"max-image-preview:large","max-video-preview":"max-video-preview:-1"},"canonical":"https:\/\/www.silkcanada.ca\/fr\/produits\/produits-pour-cafe\/mousse-froide-pour-cafe-vegane-caramel-de-cannelle\/","og_locale":"fr_CA","og_type":"article","og_title":"Mousse Froide pour caf\u00e9 v\u00e9gane - Caramel de cannelle | Silk","og_description":"D\u00e9couvrez notre mousse froide v\u00e9gane caramel de cannelle \u00e0 base d\u2019avoine. Savourez chaque gorg\u00e9e de votre tasse de caf\u00e9 aux saveurs de cannelle et de caramel!","og_url":"https:\/\/www.silkcanada.ca\/fr\/produits\/produits-pour-cafe\/mousse-froide-pour-cafe-vegane-caramel-de-cannelle\/","og_site_name":"Silk","article_publisher":"https:\/\/www.facebook.com\/SilkCanada\/","article_modified_time":"2025-04-22T16:15:07+00:00","og_image":[{"width":737,"height":759,"url":"https:\/\/www.silkcanada.ca\/wp-content\/uploads\/2025\/02\/silk_cinnamon_oat_FR_r.png","type":"image\/png"}],"twitter_card":"summary_large_image","twitter_site":"@silk_canada","twitter_misc":{"Estimation du temps de lecture":"1 minute"},"schema":{"@context":"https:\/\/schema.org","@graph":[{"@type":"WebPage","@id":"https:\/\/www.silkcanada.ca\/fr\/produits\/produits-pour-cafe\/mousse-froide-pour-cafe-vegane-caramel-de-cannelle\/","url":"https:\/\/www.silkcanada.ca\/fr\/produits\/produits-pour-cafe\/mousse-froide-pour-cafe-vegane-caramel-de-cannelle\/","name":"Mousse Froide pour caf\u00e9 v\u00e9gane - Caramel de cannelle | Silk","isPartOf":{"@id":"https:\/\/www.silkcanada.ca\/fr\/#website"},"datePublished":"2025-02-13T16:40:20+00:00","dateModified":"2025-04-22T16:15:07+00:00","description":"D\u00e9couvrez notre mousse froide v\u00e9gane caramel de cannelle \u00e0 base d\u2019avoine. Savourez chaque gorg\u00e9e de votre tasse de caf\u00e9 aux saveurs de cannelle et de caramel!","breadcrumb":{"@id":"https:\/\/www.silkcanada.ca\/fr\/produits\/produits-pour-cafe\/mousse-froide-pour-cafe-vegane-caramel-de-cannelle\/#breadcrumb"},"inLanguage":"fr-CA","potentialAction":[{"@type":"ReadAction","target":["https:\/\/www.silkcanada.ca\/fr\/produits\/produits-pour-cafe\/mousse-froide-pour-cafe-vegane-caramel-de-cannelle\/"]}]},{"@type":"BreadcrumbList","@id":"https:\/\/www.silkcanada.ca\/fr\/produits\/produits-pour-cafe\/mousse-froide-pour-cafe-vegane-caramel-de-cannelle\/#breadcrumb","itemListElement":[{"@type":"ListItem","position":1,"name":"Products","item":"https:\/\/www.silkcanada.ca\/products\/%productcategory%\/"},{"@type":"ListItem","position":2,"name":"Mousse Froide pour caf\u00e9 &#8211; Caramel de cannelle"}]},{"@type":"WebSite","@id":"https:\/\/www.silkcanada.ca\/fr\/#website","url":"https:\/\/www.silkcanada.ca\/fr\/","name":"Silk","description":"Delicious Silk Soy, Almond, Coconut and Cashew Products","potentialAction":[{"@type":"SearchAction","target":{"@type":"EntryPoint","urlTemplate":"https:\/\/www.silkcanada.ca\/fr\/?s={search_term_string}"},"query-input":"required name=search_term_string"}],"inLanguage":"fr-CA"}]}},"_links":{"self":[{"href":"https:\/\/www.silkcanada.ca\/fr\/wp-json\/wp\/v2\/product\/7120"}],"collection":[{"href":"https:\/\/www.silkcanada.ca\/fr\/wp-json\/wp\/v2\/product"}],"about":[{"href":"https:\/\/www.silkcanada.ca\/fr\/wp-json\/wp\/v2\/types\/product"}],"wp:featuredmedia":[{"embeddable":true,"href":"https:\/\/www.silkcanada.ca\/fr\/wp-json\/wp\/v2\/media\/7146"}],"wp:attachment":[{"href":"https:\/\/www.silkcanada.ca\/fr\/wp-json\/wp\/v2\/media?parent=7120"}],"wp:term":[{"taxonomy":"productcategory","embeddable":true,"href":"https:\/\/www.silkcanada.ca\/fr\/wp-json\/wp\/v2\/productcategory?post=7120"},{"taxonomy":"productbase","embeddable":true,"href":"https:\/\/www.silkcanada.ca\/fr\/wp-json\/wp\/v2\/productbase?post=7120"}],"curies":[{"name":"wp","href":"https:\/\/api.w.org\/{rel}","templated":true}]}}