{"id":7125,"date":"2025-02-13T12:03:37","date_gmt":"2025-02-13T17:03:37","guid":{"rendered":"https:\/\/www.silkcanada.ca\/?post_type=product&#038;p=7125"},"modified":"2025-03-21T09:35:46","modified_gmt":"2025-03-21T13:35:46","slug":"mousse-froide-pour-cafe-vegane-chocolat-blanc-macadamia","status":"publish","type":"product","link":"https:\/\/www.silkcanada.ca\/fr\/produits\/produits-pour-cafe\/mousse-froide-pour-cafe-vegane-chocolat-blanc-macadamia\/","title":{"rendered":"Mousse Froide pour caf\u00e9 &#8211; Chocolat blanc macadamia"},"content":{"rendered":"<p>Pr\u00e9par\u00e9e avec une base d&#8217;avoine onctueuse, notre mousse froide v\u00e9gane au chocolat blanc et macadamia Silk\u00ae apporte une douceur l\u00e9g\u00e8re \u00e0 votre caf\u00e9 chaud ou glac\u00e9. Sa texture douce et velout\u00e9e r\u00e9v\u00e8le des notes de chocolat blanc gourmand et de noix de macadamia grill\u00e9es, cr\u00e9ant une mousse a\u00e9rienne qui prolonge le plaisir en bouche. Dans votre caf\u00e9, chaque gorg\u00e9e offre un \u00e9quilibre d\u00e9licieux entre le sucr\u00e9 et le go\u00fbt subtil des noix.<\/p>\n<p>D\u00e9gustez-la \u00e0 tout moment de la journ\u00e9e\u202f: pour bien d\u00e9marrer la journ\u00e9e, lors d&#8217;un brunch le week-end ou comme une touche gourmande en soir\u00e9e. Utilis\u00e9e comme mousse ou comme cr\u00e8me, elle transforme votre caf\u00e9 en une boisson v\u00e9g\u00e9tale r\u00e9confortante.<\/p>\n","protected":false},"featured_media":7140,"template":"","productcategory":[14],"productbase":[29],"acf":[],"yoast_head":"<!-- This site is optimized with the Yoast SEO plugin v22.1 - https:\/\/yoast.com\/wordpress\/plugins\/seo\/ -->\n<title>Mousse Froide pour caf\u00e9 v\u00e9gane - Chocolat blanc macadamia | Silk<\/title>\n<meta name=\"description\" content=\"D\u00e9couvrez notre mousse froide v\u00e9gane au chocolat blanc et macadamia! Une d\u00e9licieuse pr\u00e9paration cr\u00e9meuse \u00e0 base d&#039;avoine pour sublimer votre moment caf\u00e9.\" \/>\n<meta name=\"robots\" content=\"index, follow, max-snippet:-1, max-image-preview:large, max-video-preview:-1\" \/>\n<link rel=\"canonical\" href=\"https:\/\/www.silkcanada.ca\/fr\/produits\/produits-pour-cafe\/mousse-froide-pour-cafe-vegane-chocolat-blanc-macadamia\/\" \/>\n<meta property=\"og:locale\" content=\"fr_CA\" \/>\n<meta property=\"og:type\" content=\"article\" \/>\n<meta property=\"og:title\" content=\"Mousse Froide pour caf\u00e9 v\u00e9gane - Chocolat blanc macadamia | Silk\" \/>\n<meta property=\"og:description\" content=\"D\u00e9couvrez notre mousse froide v\u00e9gane au chocolat blanc et macadamia! Une d\u00e9licieuse pr\u00e9paration cr\u00e9meuse \u00e0 base d&#039;avoine pour sublimer votre moment caf\u00e9.\" \/>\n<meta property=\"og:url\" content=\"https:\/\/www.silkcanada.ca\/fr\/produits\/produits-pour-cafe\/mousse-froide-pour-cafe-vegane-chocolat-blanc-macadamia\/\" \/>\n<meta property=\"og:site_name\" content=\"Silk\" \/>\n<meta property=\"article:publisher\" content=\"https:\/\/www.facebook.com\/SilkCanada\/\" \/>\n<meta property=\"article:modified_time\" content=\"2025-03-21T13:35:46+00:00\" \/>\n<meta property=\"og:image\" content=\"https:\/\/www.silkcanada.ca\/wp-content\/uploads\/2025\/02\/silk_chocomacadamia_oat_FR_r.png\" \/>\n\t<meta property=\"og:image:width\" content=\"737\" \/>\n\t<meta property=\"og:image:height\" content=\"759\" \/>\n\t<meta property=\"og:image:type\" content=\"image\/png\" \/>\n<meta name=\"twitter:card\" content=\"summary_large_image\" \/>\n<meta name=\"twitter:site\" content=\"@silk_canada\" \/>\n<meta name=\"twitter:label1\" content=\"Estimation du temps de lecture\" \/>\n\t<meta name=\"twitter:data1\" content=\"1 minute\" \/>\n<script type=\"application\/ld+json\" class=\"yoast-schema-graph\">{\"@context\":\"https:\/\/schema.org\",\"@graph\":[{\"@type\":\"WebPage\",\"@id\":\"https:\/\/www.silkcanada.ca\/fr\/produits\/produits-pour-cafe\/mousse-froide-pour-cafe-vegane-chocolat-blanc-macadamia\/\",\"url\":\"https:\/\/www.silkcanada.ca\/fr\/produits\/produits-pour-cafe\/mousse-froide-pour-cafe-vegane-chocolat-blanc-macadamia\/\",\"name\":\"Mousse Froide pour caf\u00e9 v\u00e9gane - Chocolat blanc macadamia | Silk\",\"isPartOf\":{\"@id\":\"https:\/\/www.silkcanada.ca\/fr\/#website\"},\"datePublished\":\"2025-02-13T17:03:37+00:00\",\"dateModified\":\"2025-03-21T13:35:46+00:00\",\"description\":\"D\u00e9couvrez notre mousse froide v\u00e9gane au chocolat blanc et macadamia! Une d\u00e9licieuse pr\u00e9paration cr\u00e9meuse \u00e0 base d'avoine pour sublimer votre moment caf\u00e9.\",\"breadcrumb\":{\"@id\":\"https:\/\/www.silkcanada.ca\/fr\/produits\/produits-pour-cafe\/mousse-froide-pour-cafe-vegane-chocolat-blanc-macadamia\/#breadcrumb\"},\"inLanguage\":\"fr-CA\",\"potentialAction\":[{\"@type\":\"ReadAction\",\"target\":[\"https:\/\/www.silkcanada.ca\/fr\/produits\/produits-pour-cafe\/mousse-froide-pour-cafe-vegane-chocolat-blanc-macadamia\/\"]}]},{\"@type\":\"BreadcrumbList\",\"@id\":\"https:\/\/www.silkcanada.ca\/fr\/produits\/produits-pour-cafe\/mousse-froide-pour-cafe-vegane-chocolat-blanc-macadamia\/#breadcrumb\",\"itemListElement\":[{\"@type\":\"ListItem\",\"position\":1,\"name\":\"Products\",\"item\":\"https:\/\/www.silkcanada.ca\/products\/%productcategory%\/\"},{\"@type\":\"ListItem\",\"position\":2,\"name\":\"Mousse Froide pour caf\u00e9 &#8211; Chocolat blanc macadamia\"}]},{\"@type\":\"WebSite\",\"@id\":\"https:\/\/www.silkcanada.ca\/fr\/#website\",\"url\":\"https:\/\/www.silkcanada.ca\/fr\/\",\"name\":\"Silk\",\"description\":\"Delicious Silk Soy, Almond, Coconut and Cashew Products\",\"potentialAction\":[{\"@type\":\"SearchAction\",\"target\":{\"@type\":\"EntryPoint\",\"urlTemplate\":\"https:\/\/www.silkcanada.ca\/fr\/?s={search_term_string}\"},\"query-input\":\"required name=search_term_string\"}],\"inLanguage\":\"fr-CA\"}]}<\/script>\n<!-- \/ Yoast SEO plugin. -->","yoast_head_json":{"title":"Mousse Froide pour caf\u00e9 v\u00e9gane - Chocolat blanc macadamia | Silk","description":"D\u00e9couvrez notre mousse froide v\u00e9gane au chocolat blanc et macadamia! Une d\u00e9licieuse pr\u00e9paration cr\u00e9meuse \u00e0 base d'avoine pour sublimer votre moment caf\u00e9.","robots":{"index":"index","follow":"follow","max-snippet":"max-snippet:-1","max-image-preview":"max-image-preview:large","max-video-preview":"max-video-preview:-1"},"canonical":"https:\/\/www.silkcanada.ca\/fr\/produits\/produits-pour-cafe\/mousse-froide-pour-cafe-vegane-chocolat-blanc-macadamia\/","og_locale":"fr_CA","og_type":"article","og_title":"Mousse Froide pour caf\u00e9 v\u00e9gane - Chocolat blanc macadamia | Silk","og_description":"D\u00e9couvrez notre mousse froide v\u00e9gane au chocolat blanc et macadamia! Une d\u00e9licieuse pr\u00e9paration cr\u00e9meuse \u00e0 base d'avoine pour sublimer votre moment caf\u00e9.","og_url":"https:\/\/www.silkcanada.ca\/fr\/produits\/produits-pour-cafe\/mousse-froide-pour-cafe-vegane-chocolat-blanc-macadamia\/","og_site_name":"Silk","article_publisher":"https:\/\/www.facebook.com\/SilkCanada\/","article_modified_time":"2025-03-21T13:35:46+00:00","og_image":[{"width":737,"height":759,"url":"https:\/\/www.silkcanada.ca\/wp-content\/uploads\/2025\/02\/silk_chocomacadamia_oat_FR_r.png","type":"image\/png"}],"twitter_card":"summary_large_image","twitter_site":"@silk_canada","twitter_misc":{"Estimation du temps de lecture":"1 minute"},"schema":{"@context":"https:\/\/schema.org","@graph":[{"@type":"WebPage","@id":"https:\/\/www.silkcanada.ca\/fr\/produits\/produits-pour-cafe\/mousse-froide-pour-cafe-vegane-chocolat-blanc-macadamia\/","url":"https:\/\/www.silkcanada.ca\/fr\/produits\/produits-pour-cafe\/mousse-froide-pour-cafe-vegane-chocolat-blanc-macadamia\/","name":"Mousse Froide pour caf\u00e9 v\u00e9gane - Chocolat blanc macadamia | Silk","isPartOf":{"@id":"https:\/\/www.silkcanada.ca\/fr\/#website"},"datePublished":"2025-02-13T17:03:37+00:00","dateModified":"2025-03-21T13:35:46+00:00","description":"D\u00e9couvrez notre mousse froide v\u00e9gane au chocolat blanc et macadamia! Une d\u00e9licieuse pr\u00e9paration cr\u00e9meuse \u00e0 base d'avoine pour sublimer votre moment caf\u00e9.","breadcrumb":{"@id":"https:\/\/www.silkcanada.ca\/fr\/produits\/produits-pour-cafe\/mousse-froide-pour-cafe-vegane-chocolat-blanc-macadamia\/#breadcrumb"},"inLanguage":"fr-CA","potentialAction":[{"@type":"ReadAction","target":["https:\/\/www.silkcanada.ca\/fr\/produits\/produits-pour-cafe\/mousse-froide-pour-cafe-vegane-chocolat-blanc-macadamia\/"]}]},{"@type":"BreadcrumbList","@id":"https:\/\/www.silkcanada.ca\/fr\/produits\/produits-pour-cafe\/mousse-froide-pour-cafe-vegane-chocolat-blanc-macadamia\/#breadcrumb","itemListElement":[{"@type":"ListItem","position":1,"name":"Products","item":"https:\/\/www.silkcanada.ca\/products\/%productcategory%\/"},{"@type":"ListItem","position":2,"name":"Mousse Froide pour caf\u00e9 &#8211; Chocolat blanc macadamia"}]},{"@type":"WebSite","@id":"https:\/\/www.silkcanada.ca\/fr\/#website","url":"https:\/\/www.silkcanada.ca\/fr\/","name":"Silk","description":"Delicious Silk Soy, Almond, Coconut and Cashew Products","potentialAction":[{"@type":"SearchAction","target":{"@type":"EntryPoint","urlTemplate":"https:\/\/www.silkcanada.ca\/fr\/?s={search_term_string}"},"query-input":"required name=search_term_string"}],"inLanguage":"fr-CA"}]}},"_links":{"self":[{"href":"https:\/\/www.silkcanada.ca\/fr\/wp-json\/wp\/v2\/product\/7125"}],"collection":[{"href":"https:\/\/www.silkcanada.ca\/fr\/wp-json\/wp\/v2\/product"}],"about":[{"href":"https:\/\/www.silkcanada.ca\/fr\/wp-json\/wp\/v2\/types\/product"}],"wp:featuredmedia":[{"embeddable":true,"href":"https:\/\/www.silkcanada.ca\/fr\/wp-json\/wp\/v2\/media\/7140"}],"wp:attachment":[{"href":"https:\/\/www.silkcanada.ca\/fr\/wp-json\/wp\/v2\/media?parent=7125"}],"wp:term":[{"taxonomy":"productcategory","embeddable":true,"href":"https:\/\/www.silkcanada.ca\/fr\/wp-json\/wp\/v2\/productcategory?post=7125"},{"taxonomy":"productbase","embeddable":true,"href":"https:\/\/www.silkcanada.ca\/fr\/wp-json\/wp\/v2\/productbase?post=7125"}],"curies":[{"name":"wp","href":"https:\/\/api.w.org\/{rel}","templated":true}]}}