{"id":7971,"date":"2026-02-11T20:41:25","date_gmt":"2026-02-12T01:41:25","guid":{"rendered":"https:\/\/www.silkcanada.ca\/?post_type=product&#038;p=7971"},"modified":"2026-02-11T20:44:51","modified_gmt":"2026-02-12T01:44:51","slug":"amandes-au-caramel-sale-et-brownie-pour-cafe","status":"publish","type":"product","link":"https:\/\/www.silkcanada.ca\/fr\/produits\/produits-pour-cafe\/amandes-au-caramel-sale-et-brownie-pour-cafe\/","title":{"rendered":"Amandes au caramel sal\u00e9 et brownie pour caf\u00e9"},"content":{"rendered":"","protected":false},"featured_media":7973,"template":"","productcategory":[14],"productbase":[25],"acf":[],"yoast_head":"<!-- This site is optimized with the Yoast SEO plugin v22.1 - https:\/\/yoast.com\/wordpress\/plugins\/seo\/ -->\n<title>Cr\u00e9meur Silk au caramel sal\u00e9 et brownie \u2013 890 mL<\/title>\n<meta name=\"description\" content=\"Nouveau format 890 mL. Rehausseur \u00e0 caf\u00e9 Silk \u00e0 base d\u2019amandes, sans produits laitiers. Saveur caramel sal\u00e9 et brownie en \u00e9dition saisonni\u00e8re.\" \/>\n<meta name=\"robots\" content=\"index, follow, max-snippet:-1, max-image-preview:large, max-video-preview:-1\" \/>\n<link rel=\"canonical\" href=\"https:\/\/www.silkcanada.ca\/fr\/produits\/produits-pour-cafe\/amandes-au-caramel-sale-et-brownie-pour-cafe\/\" \/>\n<meta property=\"og:locale\" content=\"fr_CA\" \/>\n<meta property=\"og:type\" content=\"article\" \/>\n<meta property=\"og:title\" content=\"Cr\u00e9meur Silk au caramel sal\u00e9 et brownie \u2013 890 mL\" \/>\n<meta property=\"og:description\" content=\"Nouveau format 890 mL. Rehausseur \u00e0 caf\u00e9 Silk \u00e0 base d\u2019amandes, sans produits laitiers. Saveur caramel sal\u00e9 et brownie en \u00e9dition saisonni\u00e8re.\" \/>\n<meta property=\"og:url\" content=\"https:\/\/www.silkcanada.ca\/fr\/produits\/produits-pour-cafe\/amandes-au-caramel-sale-et-brownie-pour-cafe\/\" \/>\n<meta property=\"og:site_name\" content=\"Silk\" \/>\n<meta property=\"article:publisher\" content=\"https:\/\/www.facebook.com\/SilkCanada\/\" \/>\n<meta property=\"article:modified_time\" content=\"2026-02-12T01:44:51+00:00\" \/>\n<meta property=\"og:image\" content=\"https:\/\/www.silkcanada.ca\/wp-content\/uploads\/2026\/02\/Creamer-Almond-Salted-fr.png\" \/>\n\t<meta property=\"og:image:width\" content=\"737\" \/>\n\t<meta property=\"og:image:height\" content=\"759\" \/>\n\t<meta property=\"og:image:type\" content=\"image\/png\" \/>\n<meta name=\"twitter:card\" content=\"summary_large_image\" \/>\n<meta name=\"twitter:site\" content=\"@silk_canada\" \/>\n<meta name=\"twitter:label1\" content=\"Estimation du temps de lecture\" \/>\n\t<meta name=\"twitter:data1\" content=\"1 minute\" \/>\n<script type=\"application\/ld+json\" class=\"yoast-schema-graph\">{\"@context\":\"https:\/\/schema.org\",\"@graph\":[{\"@type\":\"WebPage\",\"@id\":\"https:\/\/www.silkcanada.ca\/fr\/produits\/produits-pour-cafe\/amandes-au-caramel-sale-et-brownie-pour-cafe\/\",\"url\":\"https:\/\/www.silkcanada.ca\/fr\/produits\/produits-pour-cafe\/amandes-au-caramel-sale-et-brownie-pour-cafe\/\",\"name\":\"Cr\u00e9meur Silk au caramel sal\u00e9 et brownie \u2013 890 mL\",\"isPartOf\":{\"@id\":\"https:\/\/www.silkcanada.ca\/fr\/#website\"},\"datePublished\":\"2026-02-12T01:41:25+00:00\",\"dateModified\":\"2026-02-12T01:44:51+00:00\",\"description\":\"Nouveau format 890 mL. Rehausseur \u00e0 caf\u00e9 Silk \u00e0 base d\u2019amandes, sans produits laitiers. Saveur caramel sal\u00e9 et brownie en \u00e9dition saisonni\u00e8re.\",\"breadcrumb\":{\"@id\":\"https:\/\/www.silkcanada.ca\/fr\/produits\/produits-pour-cafe\/amandes-au-caramel-sale-et-brownie-pour-cafe\/#breadcrumb\"},\"inLanguage\":\"fr-CA\",\"potentialAction\":[{\"@type\":\"ReadAction\",\"target\":[\"https:\/\/www.silkcanada.ca\/fr\/produits\/produits-pour-cafe\/amandes-au-caramel-sale-et-brownie-pour-cafe\/\"]}]},{\"@type\":\"BreadcrumbList\",\"@id\":\"https:\/\/www.silkcanada.ca\/fr\/produits\/produits-pour-cafe\/amandes-au-caramel-sale-et-brownie-pour-cafe\/#breadcrumb\",\"itemListElement\":[{\"@type\":\"ListItem\",\"position\":1,\"name\":\"Products\",\"item\":\"https:\/\/www.silkcanada.ca\/products\/%productcategory%\/\"},{\"@type\":\"ListItem\",\"position\":2,\"name\":\"Amandes au caramel sal\u00e9 et brownie pour caf\u00e9\"}]},{\"@type\":\"WebSite\",\"@id\":\"https:\/\/www.silkcanada.ca\/fr\/#website\",\"url\":\"https:\/\/www.silkcanada.ca\/fr\/\",\"name\":\"Silk\",\"description\":\"Delicious Silk Soy, Almond, Coconut and Cashew Products\",\"potentialAction\":[{\"@type\":\"SearchAction\",\"target\":{\"@type\":\"EntryPoint\",\"urlTemplate\":\"https:\/\/www.silkcanada.ca\/fr\/?s={search_term_string}\"},\"query-input\":\"required name=search_term_string\"}],\"inLanguage\":\"fr-CA\"}]}<\/script>\n<!-- \/ Yoast SEO plugin. -->","yoast_head_json":{"title":"Cr\u00e9meur Silk au caramel sal\u00e9 et brownie \u2013 890 mL","description":"Nouveau format 890 mL. Rehausseur \u00e0 caf\u00e9 Silk \u00e0 base d\u2019amandes, sans produits laitiers. Saveur caramel sal\u00e9 et brownie en \u00e9dition saisonni\u00e8re.","robots":{"index":"index","follow":"follow","max-snippet":"max-snippet:-1","max-image-preview":"max-image-preview:large","max-video-preview":"max-video-preview:-1"},"canonical":"https:\/\/www.silkcanada.ca\/fr\/produits\/produits-pour-cafe\/amandes-au-caramel-sale-et-brownie-pour-cafe\/","og_locale":"fr_CA","og_type":"article","og_title":"Cr\u00e9meur Silk au caramel sal\u00e9 et brownie \u2013 890 mL","og_description":"Nouveau format 890 mL. Rehausseur \u00e0 caf\u00e9 Silk \u00e0 base d\u2019amandes, sans produits laitiers. Saveur caramel sal\u00e9 et brownie en \u00e9dition saisonni\u00e8re.","og_url":"https:\/\/www.silkcanada.ca\/fr\/produits\/produits-pour-cafe\/amandes-au-caramel-sale-et-brownie-pour-cafe\/","og_site_name":"Silk","article_publisher":"https:\/\/www.facebook.com\/SilkCanada\/","article_modified_time":"2026-02-12T01:44:51+00:00","og_image":[{"width":737,"height":759,"url":"https:\/\/www.silkcanada.ca\/wp-content\/uploads\/2026\/02\/Creamer-Almond-Salted-fr.png","type":"image\/png"}],"twitter_card":"summary_large_image","twitter_site":"@silk_canada","twitter_misc":{"Estimation du temps de lecture":"1 minute"},"schema":{"@context":"https:\/\/schema.org","@graph":[{"@type":"WebPage","@id":"https:\/\/www.silkcanada.ca\/fr\/produits\/produits-pour-cafe\/amandes-au-caramel-sale-et-brownie-pour-cafe\/","url":"https:\/\/www.silkcanada.ca\/fr\/produits\/produits-pour-cafe\/amandes-au-caramel-sale-et-brownie-pour-cafe\/","name":"Cr\u00e9meur Silk au caramel sal\u00e9 et brownie \u2013 890 mL","isPartOf":{"@id":"https:\/\/www.silkcanada.ca\/fr\/#website"},"datePublished":"2026-02-12T01:41:25+00:00","dateModified":"2026-02-12T01:44:51+00:00","description":"Nouveau format 890 mL. Rehausseur \u00e0 caf\u00e9 Silk \u00e0 base d\u2019amandes, sans produits laitiers. Saveur caramel sal\u00e9 et brownie en \u00e9dition saisonni\u00e8re.","breadcrumb":{"@id":"https:\/\/www.silkcanada.ca\/fr\/produits\/produits-pour-cafe\/amandes-au-caramel-sale-et-brownie-pour-cafe\/#breadcrumb"},"inLanguage":"fr-CA","potentialAction":[{"@type":"ReadAction","target":["https:\/\/www.silkcanada.ca\/fr\/produits\/produits-pour-cafe\/amandes-au-caramel-sale-et-brownie-pour-cafe\/"]}]},{"@type":"BreadcrumbList","@id":"https:\/\/www.silkcanada.ca\/fr\/produits\/produits-pour-cafe\/amandes-au-caramel-sale-et-brownie-pour-cafe\/#breadcrumb","itemListElement":[{"@type":"ListItem","position":1,"name":"Products","item":"https:\/\/www.silkcanada.ca\/products\/%productcategory%\/"},{"@type":"ListItem","position":2,"name":"Amandes au caramel sal\u00e9 et brownie pour caf\u00e9"}]},{"@type":"WebSite","@id":"https:\/\/www.silkcanada.ca\/fr\/#website","url":"https:\/\/www.silkcanada.ca\/fr\/","name":"Silk","description":"Delicious Silk Soy, Almond, Coconut and Cashew Products","potentialAction":[{"@type":"SearchAction","target":{"@type":"EntryPoint","urlTemplate":"https:\/\/www.silkcanada.ca\/fr\/?s={search_term_string}"},"query-input":"required name=search_term_string"}],"inLanguage":"fr-CA"}]}},"_links":{"self":[{"href":"https:\/\/www.silkcanada.ca\/fr\/wp-json\/wp\/v2\/product\/7971"}],"collection":[{"href":"https:\/\/www.silkcanada.ca\/fr\/wp-json\/wp\/v2\/product"}],"about":[{"href":"https:\/\/www.silkcanada.ca\/fr\/wp-json\/wp\/v2\/types\/product"}],"wp:featuredmedia":[{"embeddable":true,"href":"https:\/\/www.silkcanada.ca\/fr\/wp-json\/wp\/v2\/media\/7973"}],"wp:attachment":[{"href":"https:\/\/www.silkcanada.ca\/fr\/wp-json\/wp\/v2\/media?parent=7971"}],"wp:term":[{"taxonomy":"productcategory","embeddable":true,"href":"https:\/\/www.silkcanada.ca\/fr\/wp-json\/wp\/v2\/productcategory?post=7971"},{"taxonomy":"productbase","embeddable":true,"href":"https:\/\/www.silkcanada.ca\/fr\/wp-json\/wp\/v2\/productbase?post=7971"}],"curies":[{"name":"wp","href":"https:\/\/api.w.org\/{rel}","templated":true}]}}